{"id":7555,"date":"2025-05-11T04:31:47","date_gmt":"2025-05-11T04:31:47","guid":{"rendered":"https:\/\/www.plastic-crates.com\/product\/plastic-milk-crates\/"},"modified":"2025-09-12T21:46:18","modified_gmt":"2025-09-12T21:46:18","slug":"plastik-sut-kasalari","status":"publish","type":"product","link":"https:\/\/www.plastic-crates.com\/tr\/urun\/plastik-sut-kasalari\/","title":{"rendered":"Plastik s\u00fct kasalar\u0131"},"content":{"rendered":"<p>Bizim <strong>plastik s\u00fct kasas\u0131<\/strong> A\u011f\u0131r y\u00fcklere dayan\u0131kl\u0131 sa\u011flam bir yap\u0131ya sahip olup, \u00fcr\u00fcnleri taze tutmak i\u00e7in m\u00fckemmel havaland\u0131rma sa\u011flar. Kolay kald\u0131rma ve ta\u015f\u0131ma i\u00e7in ergonomik kulplar\u0131 sayesinde, depolamadan teslimata kadar sorunsuz hareket imkan\u0131 sunar.<\/p>\n<p>\u00d6zelle\u015ftirilebilir b\u00f6lmelerle donat\u0131lm\u0131\u015f bu kasa, s\u00fct \u015fi\u015felerinin d\u00fczenli bir \u015fekilde saklanmas\u0131n\u0131 sa\u011flayarak ta\u015f\u0131ma s\u0131ras\u0131nda her bir \u00fcr\u00fcn\u00fcn g\u00fcvenli bir \u015fekilde saklanmas\u0131n\u0131 sa\u011flar. \u0130stiflenebilir tasar\u0131m\u0131, alan verimlili\u011fini en \u00fcst d\u00fczeye \u00e7\u0131kararak \u00e7e\u015fitli tedarik zinciri ortamlar\u0131nda toplu ta\u015f\u0131ma i\u00e7in idealdir.<\/p>\n<p><strong>Temel Faydalar:<\/strong><\/p>\n<p><strong>Dayan\u0131kl\u0131 Tasar\u0131m<\/strong>: A\u015f\u0131nmaya ve y\u0131pranmaya dayan\u0131kl\u0131 y\u00fcksek kaliteli plastik malzemeden \u00fcretilmi\u015ftir.<br \/>\n<strong>Verimli Depolama<\/strong>: Birden fazla \u015fi\u015feyi g\u00fcvenli bir \u015fekilde tutmak i\u00e7in tasarlanm\u0131\u015f b\u00f6lmeler, hareket etmeyi ve d\u00f6k\u00fclmeyi \u00f6nler.<br \/>\n<strong>\u00d6zelle\u015ftirilebilir Se\u00e7enekler<\/strong>: \u0130\u00e7in kullan\u0131labilir <strong>OEM\/ODM<\/strong> ki\u015fiselle\u015ftirilmi\u015f markala\u015fmaya ve benzersiz gereksinimlerinize uyacak boyutlara olanak tan\u0131yan projeler.<br \/>\nToptan Sat\u0131\u015f F\u0131rsatlar\u0131: Toplu al\u0131mlar i\u00e7in idealdir, operasyonlar\u0131n\u0131z\u0131n kesintisiz ve sorunsuz bir \u015fekilde y\u00fcr\u00fct\u00fclmesini sa\u011flar.<\/p>","protected":false},"excerpt":{"rendered":"<p>\u00c7ok y\u00f6nl\u00fc ve dayan\u0131kl\u0131 \u00fcr\u00fcn\u00fcm\u00fcz\u00fc tan\u0131t\u0131yoruz <strong>plastik s\u00fct kasas\u0131<\/strong>S\u00fct \u00fcr\u00fcnlerinin verimli bir \u015fekilde depolanmas\u0131 ve ta\u015f\u0131nmas\u0131 i\u00e7in en \u00fcst d\u00fczey \u00e7\u00f6z\u00fcm. Hem toptan al\u0131c\u0131lar hem de OEM\/ODM ortakl\u0131klar\u0131 i\u00e7in tasarlanan bu s\u00fct kasas\u0131, \u00e7iftlikler, mand\u0131ralar ve marketler i\u00e7in vazge\u00e7ilmez bir varl\u0131kt\u0131r.<\/p>","protected":false},"featured_media":7549,"template":"","meta":{"_acf_changed":false},"product_brand":[],"product_cat":[151],"product_tag":[153,149],"class_list":{"0":"post-7555","1":"product","2":"type-product","3":"status-publish","4":"has-post-thumbnail","6":"product_cat-bakery-rack","7":"product_tag-bottle-crate","8":"product_tag-plastic-milk-crates","10":"first","11":"instock","12":"shipping-taxable","13":"product-type-simple"},"acf":[],"yoast_head":"<!-- This site is optimized with the Yoast SEO plugin v26.1.1 - https:\/\/yoast.com\/wordpress\/plugins\/seo\/ -->\n<title>Plastic milk crates - plastic-crates.com<\/title>\n<meta name=\"robots\" content=\"index, follow, max-snippet:-1, max-image-preview:large, max-video-preview:-1\" \/>\n<link rel=\"canonical\" href=\"https:\/\/www.plastic-crates.com\/tr\/urun\/plastik-sut-kasalari\/\" \/>\n<meta property=\"og:locale\" content=\"tr_TR\" \/>\n<meta property=\"og:type\" content=\"article\" \/>\n<meta property=\"og:title\" content=\"Plastic milk crates - plastic-crates.com\" \/>\n<meta property=\"og:description\" content=\"Introducing our versatile and durable plastic milk crate, the ultimate solution for efficient storage and transport of dairy products. Designed for both wholesale buyers and OEM\/ODM partnerships, this milk crate is an indispensable asset for farms, dairies, and grocery stores.\" \/>\n<meta property=\"og:url\" content=\"https:\/\/www.plastic-crates.com\/tr\/urun\/plastik-sut-kasalari\/\" \/>\n<meta property=\"og:site_name\" content=\"plastic-crates.com\" \/>\n<meta property=\"article:modified_time\" content=\"2025-09-12T21:46:18+00:00\" \/>\n<meta property=\"og:image\" content=\"https:\/\/www.plastic-crates.com\/wp-content\/uploads\/2025\/05\/plastic-milk-crates-1.jpg\" \/>\n\t<meta property=\"og:image:width\" content=\"720\" \/>\n\t<meta property=\"og:image:height\" content=\"720\" \/>\n\t<meta property=\"og:image:type\" content=\"image\/jpeg\" \/>\n<meta name=\"twitter:card\" content=\"summary_large_image\" \/>\n<meta name=\"twitter:label1\" content=\"Tahmini okuma s\u00fcresi\" \/>\n\t<meta name=\"twitter:data1\" content=\"1 dakika\" \/>\n<script type=\"application\/ld+json\" class=\"yoast-schema-graph\">{\"@context\":\"https:\/\/schema.org\",\"@graph\":[{\"@type\":\"WebPage\",\"@id\":\"https:\/\/www.plastic-crates.com\/product\/plastic-milk-crates\/\",\"url\":\"https:\/\/www.plastic-crates.com\/product\/plastic-milk-crates\/\",\"name\":\"Plastic milk crates - plastic-crates.com\",\"isPartOf\":{\"@id\":\"https:\/\/www.plastic-crates.com\/#website\"},\"primaryImageOfPage\":{\"@id\":\"https:\/\/www.plastic-crates.com\/product\/plastic-milk-crates\/#primaryimage\"},\"image\":{\"@id\":\"https:\/\/www.plastic-crates.com\/product\/plastic-milk-crates\/#primaryimage\"},\"thumbnailUrl\":\"https:\/\/www.plastic-crates.com\/wp-content\/uploads\/2025\/05\/plastic-milk-crates-1.jpg\",\"datePublished\":\"2025-05-11T04:31:47+00:00\",\"dateModified\":\"2025-09-12T21:46:18+00:00\",\"breadcrumb\":{\"@id\":\"https:\/\/www.plastic-crates.com\/product\/plastic-milk-crates\/#breadcrumb\"},\"inLanguage\":\"tr\",\"potentialAction\":[{\"@type\":\"ReadAction\",\"target\":[\"https:\/\/www.plastic-crates.com\/product\/plastic-milk-crates\/\"]}]},{\"@type\":\"ImageObject\",\"inLanguage\":\"tr\",\"@id\":\"https:\/\/www.plastic-crates.com\/product\/plastic-milk-crates\/#primaryimage\",\"url\":\"https:\/\/www.plastic-crates.com\/wp-content\/uploads\/2025\/05\/plastic-milk-crates-1.jpg\",\"contentUrl\":\"https:\/\/www.plastic-crates.com\/wp-content\/uploads\/2025\/05\/plastic-milk-crates-1.jpg\",\"width\":720,\"height\":720,\"caption\":\"plastic milk crates\"},{\"@type\":\"BreadcrumbList\",\"@id\":\"https:\/\/www.plastic-crates.com\/product\/plastic-milk-crates\/#breadcrumb\",\"itemListElement\":[{\"@type\":\"ListItem\",\"position\":1,\"name\":\"Home\",\"item\":\"https:\/\/www.plastic-crates.com\/\"},{\"@type\":\"ListItem\",\"position\":2,\"name\":\"Products\",\"item\":\"https:\/\/www.plastic-crates.com\/shop\/\"},{\"@type\":\"ListItem\",\"position\":3,\"name\":\"Plastic milk crates\"}]},{\"@type\":\"WebSite\",\"@id\":\"https:\/\/www.plastic-crates.com\/#website\",\"url\":\"https:\/\/www.plastic-crates.com\/\",\"name\":\"plastic-crates.com\",\"description\":\"Leading plastic crates manufacturer in China\",\"potentialAction\":[{\"@type\":\"SearchAction\",\"target\":{\"@type\":\"EntryPoint\",\"urlTemplate\":\"https:\/\/www.plastic-crates.com\/?s={search_term_string}\"},\"query-input\":{\"@type\":\"PropertyValueSpecification\",\"valueRequired\":true,\"valueName\":\"search_term_string\"}}],\"inLanguage\":\"tr\"}]}<\/script>\n<!-- \/ Yoast SEO plugin. -->","yoast_head_json":{"title":"Plastik s\u00fct kasalar\u0131 - plastic-crates.com","robots":{"index":"index","follow":"follow","max-snippet":"max-snippet:-1","max-image-preview":"max-image-preview:large","max-video-preview":"max-video-preview:-1"},"canonical":"https:\/\/www.plastic-crates.com\/tr\/urun\/plastik-sut-kasalari\/","og_locale":"tr_TR","og_type":"article","og_title":"Plastic milk crates - plastic-crates.com","og_description":"Introducing our versatile and durable plastic milk crate, the ultimate solution for efficient storage and transport of dairy products. Designed for both wholesale buyers and OEM\/ODM partnerships, this milk crate is an indispensable asset for farms, dairies, and grocery stores.","og_url":"https:\/\/www.plastic-crates.com\/tr\/urun\/plastik-sut-kasalari\/","og_site_name":"plastic-crates.com","article_modified_time":"2025-09-12T21:46:18+00:00","og_image":[{"width":720,"height":720,"url":"https:\/\/www.plastic-crates.com\/wp-content\/uploads\/2025\/05\/plastic-milk-crates-1.jpg","type":"image\/jpeg"}],"twitter_card":"summary_large_image","twitter_misc":{"Tahmini okuma s\u00fcresi":"1 dakika"},"schema":{"@context":"https:\/\/schema.org","@graph":[{"@type":"WebPage","@id":"https:\/\/www.plastic-crates.com\/product\/plastic-milk-crates\/","url":"https:\/\/www.plastic-crates.com\/product\/plastic-milk-crates\/","name":"Plastik s\u00fct kasalar\u0131 - plastic-crates.com","isPartOf":{"@id":"https:\/\/www.plastic-crates.com\/#website"},"primaryImageOfPage":{"@id":"https:\/\/www.plastic-crates.com\/product\/plastic-milk-crates\/#primaryimage"},"image":{"@id":"https:\/\/www.plastic-crates.com\/product\/plastic-milk-crates\/#primaryimage"},"thumbnailUrl":"https:\/\/www.plastic-crates.com\/wp-content\/uploads\/2025\/05\/plastic-milk-crates-1.jpg","datePublished":"2025-05-11T04:31:47+00:00","dateModified":"2025-09-12T21:46:18+00:00","breadcrumb":{"@id":"https:\/\/www.plastic-crates.com\/product\/plastic-milk-crates\/#breadcrumb"},"inLanguage":"tr","potentialAction":[{"@type":"ReadAction","target":["https:\/\/www.plastic-crates.com\/product\/plastic-milk-crates\/"]}]},{"@type":"ImageObject","inLanguage":"tr","@id":"https:\/\/www.plastic-crates.com\/product\/plastic-milk-crates\/#primaryimage","url":"https:\/\/www.plastic-crates.com\/wp-content\/uploads\/2025\/05\/plastic-milk-crates-1.jpg","contentUrl":"https:\/\/www.plastic-crates.com\/wp-content\/uploads\/2025\/05\/plastic-milk-crates-1.jpg","width":720,"height":720,"caption":"plastic milk crates"},{"@type":"BreadcrumbList","@id":"https:\/\/www.plastic-crates.com\/product\/plastic-milk-crates\/#breadcrumb","itemListElement":[{"@type":"ListItem","position":1,"name":"Home","item":"https:\/\/www.plastic-crates.com\/"},{"@type":"ListItem","position":2,"name":"Products","item":"https:\/\/www.plastic-crates.com\/shop\/"},{"@type":"ListItem","position":3,"name":"Plastic milk crates"}]},{"@type":"WebSite","@id":"https:\/\/www.plastic-crates.com\/#website","url":"https:\/\/www.plastic-crates.com\/","name":"plastic-crates.com","description":"\u00c7in&#039;in \u00f6nde gelen plastik kasa \u00fcreticisi","potentialAction":[{"@type":"SearchAction","target":{"@type":"EntryPoint","urlTemplate":"https:\/\/www.plastic-crates.com\/?s={search_term_string}"},"query-input":{"@type":"PropertyValueSpecification","valueRequired":true,"valueName":"search_term_string"}}],"inLanguage":"tr"}]}},"_links":{"self":[{"href":"https:\/\/www.plastic-crates.com\/tr\/wp-json\/wp\/v2\/product\/7555","targetHints":{"allow":["GET"]}}],"collection":[{"href":"https:\/\/www.plastic-crates.com\/tr\/wp-json\/wp\/v2\/product"}],"about":[{"href":"https:\/\/www.plastic-crates.com\/tr\/wp-json\/wp\/v2\/types\/product"}],"wp:featuredmedia":[{"embeddable":true,"href":"https:\/\/www.plastic-crates.com\/tr\/wp-json\/wp\/v2\/media\/7549"}],"wp:attachment":[{"href":"https:\/\/www.plastic-crates.com\/tr\/wp-json\/wp\/v2\/media?parent=7555"}],"wp:term":[{"taxonomy":"product_brand","embeddable":true,"href":"https:\/\/www.plastic-crates.com\/tr\/wp-json\/wp\/v2\/product_brand?post=7555"},{"taxonomy":"product_cat","embeddable":true,"href":"https:\/\/www.plastic-crates.com\/tr\/wp-json\/wp\/v2\/product_cat?post=7555"},{"taxonomy":"product_tag","embeddable":true,"href":"https:\/\/www.plastic-crates.com\/tr\/wp-json\/wp\/v2\/product_tag?post=7555"}],"curies":[{"name":"wp","href":"https:\/\/api.w.org\/{rel}","templated":true}]}}