{"id":7568,"date":"2025-05-12T10:55:11","date_gmt":"2025-05-12T10:55:11","guid":{"rendered":"https:\/\/www.plastic-crates.com\/?post_type=product&#038;p=7568"},"modified":"2025-05-14T21:32:04","modified_gmt":"2025-05-14T21:32:04","slug":"bocek-yetistirme-kutusu","status":"publish","type":"product","link":"https:\/\/www.plastic-crates.com\/tr\/urun\/bocek-yetistirme-kutusu\/","title":{"rendered":"B\u00f6cek yeti\u015ftirme kutusu"},"content":{"rendered":"<p>Uzmanca tasarlanm\u0131\u015f \u00e7\u00f6z\u00fcmlerimiz ile verimli b\u00f6cek \u00fcretimi i\u00e7in en iyi \u00e7\u00f6z\u00fcm\u00fc ke\u015ffedin <strong>B\u00f6cek Yeti\u015ftirme Kutusu<\/strong>Y\u00fcksek kaliteli, g\u0131daya uygun sertifikal\u0131 polipropilenden (PP) \u00fcretilen bu yenilik\u00e7i kutu, b\u00f6cek pop\u00fclasyonunuz i\u00e7in g\u00fcvenli ve istikrarl\u0131 bir ortam garanti eder.<\/p>\n<div style=\"width: 1170px;\" class=\"wp-video\"><!--[if lt IE 9]><script>document.createElement('video');<\/script><![endif]-->\n<video class=\"wp-video-shortcode\" id=\"video-7568-1\" width=\"1170\" height=\"658\" poster=\"https:\/\/www.plastic-crates.com\/wp-content\/uploads\/2025\/05\/insect-breeding-box-3-min.jpg\" preload=\"metadata\" controls=\"controls\"><source type=\"video\/mp4\" src=\"https:\/\/www.plastic-crates.com\/wp-content\/uploads\/2025\/05\/insect-breeding-box-show.mp4?_=1\" \/><a href=\"https:\/\/www.plastic-crates.com\/wp-content\/uploads\/2025\/05\/insect-breeding-box-show.mp4\">https:\/\/www.plastic-crates.com\/wp-content\/uploads\/2025\/05\/insect-breeding-box-show.mp4<\/a><\/video><\/div>\n<p><strong>Temel \u00d6zellikler:<\/strong><\/p>\n<ul>\n<li><strong>S\u0131cakl\u0131k ve Nem Kontrol\u00fc:<\/strong>\u00a0Hassas s\u0131cakl\u0131k ve nem seviyelerini destekleyen bir tasar\u0131mla \u00e7e\u015fitli t\u00fcrler i\u00e7in optimum ko\u015fullar\u0131 koruyun.<\/li>\n<li><strong>Dayan\u0131kl\u0131 Yap\u0131:<\/strong>\u00a0PP malzeme boyutsal stabilite sa\u011flayarak a\u015f\u0131nma ve y\u0131pranmaya kar\u015f\u0131 dayan\u0131kl\u0131d\u0131r. Sa\u011flaml\u0131\u011f\u0131ndan \u00f6d\u00fcn vermeden y\u00fcksek s\u0131cakl\u0131klarda temizlenebilir.<\/li>\n<li><strong>Geli\u015fmi\u015f \u0130\u015flevsellik:<\/strong>\n<ul>\n<li>\u0130stenmeyen pupalar\u0131n en az d\u00fczeyde yap\u0131\u015fmas\u0131n\u0131 sa\u011flayarak daha temiz ve verimli bir \u00fcreme s\u00fcreci sa\u011flar.<\/li>\n<li>P\u00fcr\u00fczs\u00fcz tasar\u0131m\u0131 kolay i\u015fleme ve kullan\u0131m imkan\u0131 sa\u011flar.<\/li>\n<li>Otomasyon sistemleriyle y\u00fcksek uyumlu olup, operasyonel verimlili\u011fi artt\u0131r\u0131r.<\/li>\n<\/ul>\n<\/li>\n<li><strong>\u00c7ok Y\u00f6nl\u00fc Kullan\u0131labilirlik:<\/strong>\u00a0Un kurtlar\u0131, kara asker sinekleri (BSF), manda kurtlar\u0131, c\u0131rc\u0131r b\u00f6cekleri ve sineklerin yeti\u015ftirilmesi i\u00e7in idealdir ve b\u00f6cek \u00e7ift\u00e7ili\u011fi ara\u00e7 setinize \u00e7ok y\u00f6nl\u00fc bir katk\u0131 sa\u011flar.<\/li>\n<li><strong>D\u0131\u015f Boyutlar:<\/strong> 600 x 400 x 190 mm boyutlar\u0131yla, yeti\u015ftirme ihtiya\u00e7lar\u0131n\u0131z i\u00e7in geni\u015f alan sa\u011flar.<\/li>\n<\/ul>","protected":false},"excerpt":{"rendered":"<p><strong>Toptan ve OEM\/ODM Se\u00e7enekleri Mevcuttur:<\/strong>\u00a0Toplu sipari\u015fler i\u00e7in rekabet\u00e7i toptan sat\u0131\u015f fiyatlar\u0131n\u0131n yan\u0131 s\u0131ra, \u00f6zelle\u015ftirmek i\u00e7in OEM\/ODM hizmetleri sunmaktan gurur duyuyoruz. <strong>B\u00f6cek yeti\u015ftirme kutusu<\/strong> \u00d6zel ihtiya\u00e7lar\u0131n\u0131za g\u00f6re. B\u00f6cek yeti\u015ftirme operasyonlar\u0131n\u0131z\u0131 geli\u015ftirin ve verimlili\u011finizi en \u00fcst d\u00fczeye \u00e7\u0131karmak i\u00e7in B\u00f6cek Yeti\u015ftirme Kutumuzu bug\u00fcn kullan\u0131n!<\/p>\n<p><a href=\"https:\/\/www.plastic-crates.com\/tr\/urun-etiketi\/plastik-sut-kasalari\/\">plastik s\u00fct kasalar\u0131<\/a>, <a href=\"https:\/\/www.plastic-crates.com\/tr\/urun\/spill-containment-pallet-drum-spill-containment-pallet\/\">d\u00f6k\u00fclme tutma paleti<\/a><\/p>","protected":false},"featured_media":7574,"template":"","meta":{"_acf_changed":false},"product_brand":[],"product_cat":[144],"product_tag":[],"class_list":{"0":"post-7568","1":"product","2":"type-product","3":"status-publish","4":"has-post-thumbnail","6":"product_cat-plastic-trays-wholesale","8":"first","9":"instock","10":"sale","11":"purchasable","12":"product-type-simple"},"acf":[],"yoast_head":"<!-- This site is optimized with the Yoast SEO plugin v26.1.1 - https:\/\/yoast.com\/wordpress\/plugins\/seo\/ -->\n<title>Insect breeding box for sale, Insect Feeding Boxes wholesale<\/title>\n<meta name=\"description\" content=\"Plastic Insect breeding box for Mealworm, Insect Rearing box, OEM &amp; ODM service available, Insect Feeding Boxes wholesale price!\" \/>\n<meta name=\"robots\" content=\"index, follow, max-snippet:-1, max-image-preview:large, max-video-preview:-1\" \/>\n<link rel=\"canonical\" href=\"https:\/\/www.plastic-crates.com\/tr\/urun\/bocek-yetistirme-kutusu\/\" \/>\n<meta property=\"og:locale\" content=\"tr_TR\" \/>\n<meta property=\"og:type\" content=\"article\" \/>\n<meta property=\"og:title\" content=\"stackable folding crate, High Quality stackable folding crate Wholesale\" \/>\n<meta property=\"og:description\" content=\"Plastic Insect breeding box for Mealworm, Insect Rearing box, OEM &amp; ODM service available, Insect Feeding Boxes wholesale price!\" \/>\n<meta property=\"og:url\" content=\"https:\/\/www.plastic-crates.com\/tr\/urun\/bocek-yetistirme-kutusu\/\" \/>\n<meta property=\"og:site_name\" content=\"plastic-crates.com\" \/>\n<meta property=\"article:modified_time\" content=\"2025-05-14T21:32:04+00:00\" \/>\n<meta property=\"og:image\" content=\"https:\/\/www.plastic-crates.com\/wp-content\/uploads\/2025\/05\/insect-breeding-box-6-min.jpg\" \/>\n\t<meta property=\"og:image:width\" content=\"2000\" \/>\n\t<meta property=\"og:image:height\" content=\"2000\" \/>\n\t<meta property=\"og:image:type\" content=\"image\/jpeg\" \/>\n<meta name=\"twitter:card\" content=\"summary_large_image\" \/>\n<meta name=\"twitter:title\" content=\"stackable folding crate, High Quality stackable folding crate Wholesale\" \/>\n<meta name=\"twitter:label1\" content=\"Tahmini okuma s\u00fcresi\" \/>\n\t<meta name=\"twitter:data1\" content=\"1 dakika\" \/>\n<script type=\"application\/ld+json\" class=\"yoast-schema-graph\">{\"@context\":\"https:\/\/schema.org\",\"@graph\":[{\"@type\":\"WebPage\",\"@id\":\"https:\/\/www.plastic-crates.com\/product\/insect-breeding-box\/\",\"url\":\"https:\/\/www.plastic-crates.com\/product\/insect-breeding-box\/\",\"name\":\"Insect breeding box for sale, Insect Feeding Boxes wholesale\",\"isPartOf\":{\"@id\":\"https:\/\/www.plastic-crates.com\/#website\"},\"primaryImageOfPage\":{\"@id\":\"https:\/\/www.plastic-crates.com\/product\/insect-breeding-box\/#primaryimage\"},\"image\":{\"@id\":\"https:\/\/www.plastic-crates.com\/product\/insect-breeding-box\/#primaryimage\"},\"thumbnailUrl\":\"https:\/\/www.plastic-crates.com\/wp-content\/uploads\/2025\/05\/insect-breeding-box-6-min.jpg\",\"datePublished\":\"2025-05-12T10:55:11+00:00\",\"dateModified\":\"2025-05-14T21:32:04+00:00\",\"description\":\"Plastic Insect breeding box for Mealworm, Insect Rearing box, OEM & ODM service available, Insect Feeding Boxes wholesale price!\",\"breadcrumb\":{\"@id\":\"https:\/\/www.plastic-crates.com\/product\/insect-breeding-box\/#breadcrumb\"},\"inLanguage\":\"tr\",\"potentialAction\":[{\"@type\":\"ReadAction\",\"target\":[\"https:\/\/www.plastic-crates.com\/product\/insect-breeding-box\/\"]}]},{\"@type\":\"ImageObject\",\"inLanguage\":\"tr\",\"@id\":\"https:\/\/www.plastic-crates.com\/product\/insect-breeding-box\/#primaryimage\",\"url\":\"https:\/\/www.plastic-crates.com\/wp-content\/uploads\/2025\/05\/insect-breeding-box-6-min.jpg\",\"contentUrl\":\"https:\/\/www.plastic-crates.com\/wp-content\/uploads\/2025\/05\/insect-breeding-box-6-min.jpg\",\"width\":2000,\"height\":2000,\"caption\":\"insect breeding box\"},{\"@type\":\"BreadcrumbList\",\"@id\":\"https:\/\/www.plastic-crates.com\/product\/insect-breeding-box\/#breadcrumb\",\"itemListElement\":[{\"@type\":\"ListItem\",\"position\":1,\"name\":\"Home\",\"item\":\"https:\/\/www.plastic-crates.com\/\"},{\"@type\":\"ListItem\",\"position\":2,\"name\":\"Products\",\"item\":\"https:\/\/www.plastic-crates.com\/shop\/\"},{\"@type\":\"ListItem\",\"position\":3,\"name\":\"Insect breeding box\"}]},{\"@type\":\"WebSite\",\"@id\":\"https:\/\/www.plastic-crates.com\/#website\",\"url\":\"https:\/\/www.plastic-crates.com\/\",\"name\":\"plastic-crates.com\",\"description\":\"Leading plastic crates manufacturer in China\",\"potentialAction\":[{\"@type\":\"SearchAction\",\"target\":{\"@type\":\"EntryPoint\",\"urlTemplate\":\"https:\/\/www.plastic-crates.com\/?s={search_term_string}\"},\"query-input\":{\"@type\":\"PropertyValueSpecification\",\"valueRequired\":true,\"valueName\":\"search_term_string\"}}],\"inLanguage\":\"tr\"}]}<\/script>\n<!-- \/ Yoast SEO plugin. -->","yoast_head_json":{"title":"Sat\u0131l\u0131k b\u00f6cek yeti\u015ftirme kutusu, Toptan b\u00f6cek besleme kutular\u0131","description":"Un kurdu i\u00e7in plastik b\u00f6cek yeti\u015ftirme kutusu, b\u00f6cek yeti\u015ftirme kutusu, OEM ve ODM hizmeti mevcuttur, b\u00f6cek besleme kutular\u0131 toptan fiyat\u0131!","robots":{"index":"index","follow":"follow","max-snippet":"max-snippet:-1","max-image-preview":"max-image-preview:large","max-video-preview":"max-video-preview:-1"},"canonical":"https:\/\/www.plastic-crates.com\/tr\/urun\/bocek-yetistirme-kutusu\/","og_locale":"tr_TR","og_type":"article","og_title":"stackable folding crate, High Quality stackable folding crate Wholesale","og_description":"Plastic Insect breeding box for Mealworm, Insect Rearing box, OEM & ODM service available, Insect Feeding Boxes wholesale price!","og_url":"https:\/\/www.plastic-crates.com\/tr\/urun\/bocek-yetistirme-kutusu\/","og_site_name":"plastic-crates.com","article_modified_time":"2025-05-14T21:32:04+00:00","og_image":[{"width":2000,"height":2000,"url":"https:\/\/www.plastic-crates.com\/wp-content\/uploads\/2025\/05\/insect-breeding-box-6-min.jpg","type":"image\/jpeg"}],"twitter_card":"summary_large_image","twitter_title":"stackable folding crate, High Quality stackable folding crate Wholesale","twitter_misc":{"Tahmini okuma s\u00fcresi":"1 dakika"},"schema":{"@context":"https:\/\/schema.org","@graph":[{"@type":"WebPage","@id":"https:\/\/www.plastic-crates.com\/product\/insect-breeding-box\/","url":"https:\/\/www.plastic-crates.com\/product\/insect-breeding-box\/","name":"Sat\u0131l\u0131k b\u00f6cek yeti\u015ftirme kutusu, Toptan b\u00f6cek besleme kutular\u0131","isPartOf":{"@id":"https:\/\/www.plastic-crates.com\/#website"},"primaryImageOfPage":{"@id":"https:\/\/www.plastic-crates.com\/product\/insect-breeding-box\/#primaryimage"},"image":{"@id":"https:\/\/www.plastic-crates.com\/product\/insect-breeding-box\/#primaryimage"},"thumbnailUrl":"https:\/\/www.plastic-crates.com\/wp-content\/uploads\/2025\/05\/insect-breeding-box-6-min.jpg","datePublished":"2025-05-12T10:55:11+00:00","dateModified":"2025-05-14T21:32:04+00:00","description":"Un kurdu i\u00e7in plastik b\u00f6cek yeti\u015ftirme kutusu, b\u00f6cek yeti\u015ftirme kutusu, OEM ve ODM hizmeti mevcuttur, b\u00f6cek besleme kutular\u0131 toptan fiyat\u0131!","breadcrumb":{"@id":"https:\/\/www.plastic-crates.com\/product\/insect-breeding-box\/#breadcrumb"},"inLanguage":"tr","potentialAction":[{"@type":"ReadAction","target":["https:\/\/www.plastic-crates.com\/product\/insect-breeding-box\/"]}]},{"@type":"ImageObject","inLanguage":"tr","@id":"https:\/\/www.plastic-crates.com\/product\/insect-breeding-box\/#primaryimage","url":"https:\/\/www.plastic-crates.com\/wp-content\/uploads\/2025\/05\/insect-breeding-box-6-min.jpg","contentUrl":"https:\/\/www.plastic-crates.com\/wp-content\/uploads\/2025\/05\/insect-breeding-box-6-min.jpg","width":2000,"height":2000,"caption":"insect breeding box"},{"@type":"BreadcrumbList","@id":"https:\/\/www.plastic-crates.com\/product\/insect-breeding-box\/#breadcrumb","itemListElement":[{"@type":"ListItem","position":1,"name":"Home","item":"https:\/\/www.plastic-crates.com\/"},{"@type":"ListItem","position":2,"name":"Products","item":"https:\/\/www.plastic-crates.com\/shop\/"},{"@type":"ListItem","position":3,"name":"Insect breeding box"}]},{"@type":"WebSite","@id":"https:\/\/www.plastic-crates.com\/#website","url":"https:\/\/www.plastic-crates.com\/","name":"plastic-crates.com","description":"\u00c7in&#039;in \u00f6nde gelen plastik kasa \u00fcreticisi","potentialAction":[{"@type":"SearchAction","target":{"@type":"EntryPoint","urlTemplate":"https:\/\/www.plastic-crates.com\/?s={search_term_string}"},"query-input":{"@type":"PropertyValueSpecification","valueRequired":true,"valueName":"search_term_string"}}],"inLanguage":"tr"}]}},"_links":{"self":[{"href":"https:\/\/www.plastic-crates.com\/tr\/wp-json\/wp\/v2\/product\/7568","targetHints":{"allow":["GET"]}}],"collection":[{"href":"https:\/\/www.plastic-crates.com\/tr\/wp-json\/wp\/v2\/product"}],"about":[{"href":"https:\/\/www.plastic-crates.com\/tr\/wp-json\/wp\/v2\/types\/product"}],"wp:featuredmedia":[{"embeddable":true,"href":"https:\/\/www.plastic-crates.com\/tr\/wp-json\/wp\/v2\/media\/7574"}],"wp:attachment":[{"href":"https:\/\/www.plastic-crates.com\/tr\/wp-json\/wp\/v2\/media?parent=7568"}],"wp:term":[{"taxonomy":"product_brand","embeddable":true,"href":"https:\/\/www.plastic-crates.com\/tr\/wp-json\/wp\/v2\/product_brand?post=7568"},{"taxonomy":"product_cat","embeddable":true,"href":"https:\/\/www.plastic-crates.com\/tr\/wp-json\/wp\/v2\/product_cat?post=7568"},{"taxonomy":"product_tag","embeddable":true,"href":"https:\/\/www.plastic-crates.com\/tr\/wp-json\/wp\/v2\/product_tag?post=7568"}],"curies":[{"name":"wp","href":"https:\/\/api.w.org\/{rel}","templated":true}]}}