{"id":7578,"date":"2025-05-12T12:15:21","date_gmt":"2025-05-12T12:15:21","guid":{"rendered":"https:\/\/www.plastic-crates.com\/?post_type=product&#038;p=7578"},"modified":"2025-09-19T17:04:00","modified_gmt":"2025-09-19T17:04:00","slug":"satilik-bocek-yetistirme-kutusu","status":"publish","type":"product","link":"https:\/\/www.plastic-crates.com\/tr\/urun\/satilik-bocek-yetistirme-kutusu\/","title":{"rendered":"Sat\u0131l\u0131k b\u00f6cek yeti\u015ftirme kutusu"},"content":{"rendered":"<p>S\u00fcrd\u00fcr\u00fclebilir tar\u0131m uygulamalar\u0131n\u0131z\u0131, verimli ve \u00e7evre dostu b\u00f6cek yeti\u015ftiricili\u011fi i\u00e7in \u00f6zel olarak tasarlanm\u0131\u015f B\u00f6cek Yeti\u015ftirme Kutumuzla d\u00f6n\u00fc\u015ft\u00fcr\u00fcn. Bu sa\u011flam ve \u00e7ok y\u00f6nl\u00fc kutular, \u00fcretim s\u00fcre\u00e7lerini optimize etmek isteyen hem amat\u00f6r hem de ticari b\u00f6cek yeti\u015ftiricileri i\u00e7in m\u00fckemmeldir.<\/p>\n<div style=\"width: 1170px;\" class=\"wp-video\"><!--[if lt IE 9]><script>document.createElement('video');<\/script><![endif]-->\n<video class=\"wp-video-shortcode\" id=\"video-7578-1\" width=\"1170\" height=\"658\" poster=\"https:\/\/www.plastic-crates.com\/wp-content\/uploads\/2025\/05\/insect-farming-box-for-sale-4-min.jpg\" preload=\"metadata\" controls=\"controls\"><source type=\"video\/mp4\" src=\"https:\/\/www.plastic-crates.com\/wp-content\/uploads\/2025\/05\/insect-farming-box-for-sale.mp4?_=1\" \/><a href=\"https:\/\/www.plastic-crates.com\/wp-content\/uploads\/2025\/05\/insect-farming-box-for-sale.mp4\">https:\/\/www.plastic-crates.com\/wp-content\/uploads\/2025\/05\/insect-farming-box-for-sale.mp4<\/a><\/video><\/div>\n<p><strong>Temel \u00d6zellikler:<\/strong><\/p>\n<ul>\n<li><strong>Dayan\u0131kl\u0131 Yap\u0131:<\/strong>\u00a0Y\u00fcksek kaliteli, sa\u011flam malzemelerden \u00fcretilen b\u00f6cek yeti\u015ftirme kutular\u0131m\u0131z, t\u00fcm yeti\u015ftirme d\u00f6ng\u00fcs\u00fc boyunca uzun \u00f6m\u00fcr ve istikrar sa\u011flar.<\/li>\n<li><strong>Etkili Tasar\u0131m:<\/strong>\u00a0Ergonomik tasar\u0131m\u0131, kolay istifleme ve d\u00fczenleme olana\u011f\u0131 sa\u011flar, b\u00f6cekler i\u00e7in uygun hava ak\u0131\u015f\u0131 sa\u011flarken alan\u0131n\u0131z\u0131 en \u00fcst d\u00fczeye \u00e7\u0131kar\u0131r.<\/li>\n<li><strong>\u00c7ok Y\u00f6nl\u00fc Kullan\u0131m:<\/strong>\u00a0C\u0131rc\u0131r b\u00f6ceklerinden un kurtlar\u0131na kadar \u00e7e\u015fitli b\u00f6cek t\u00fcrlerinin yeti\u015ftirilmesine uygun olup, \u00e7e\u015fitli tar\u0131m ihtiya\u00e7lar\u0131 i\u00e7in ideal bir se\u00e7imdir.<\/li>\n<\/ul>\n<p><strong>Toptan Sat\u0131\u015f F\u0131rsatlar\u0131:<\/strong>\u00a0Toplu sipari\u015fler i\u00e7in rekabet\u00e7i fiyatlar sunarak, i\u015fletmelerin stok yapmas\u0131n\u0131 ve k\u00e2rl\u0131l\u0131\u011f\u0131n\u0131 en \u00fcst d\u00fczeye \u00e7\u0131karmas\u0131n\u0131 kolayla\u015ft\u0131r\u0131yoruz. \u0130ster b\u00fcy\u00fck \u00f6l\u00e7ekli bir i\u015fletme kuruyor olun, ister mevcut bir i\u015fletmeyi geni\u015fletiyor olun, toptan sat\u0131\u015f se\u00e7eneklerimiz verimlilik ve tasarruf sa\u011flar.<\/p>","protected":false},"excerpt":{"rendered":"<p><strong>OEM\/ODM Hizmetleri:<\/strong>\u00a0M\u00fc\u015fteri memnuniyetine olan ba\u011fl\u0131l\u0131\u011f\u0131m\u0131z, OEM\/ODM hizmetlerimizi de kaps\u0131yor. B\u00f6cek yeti\u015ftirme kutular\u0131n\u0131 \u00f6zel gereksinimlere ve marka ihtiya\u00e7lar\u0131na g\u00f6re \u00f6zelle\u015ftirmek i\u00e7in m\u00fc\u015fterilerimizle yak\u0131n bir \u015fekilde \u00e7al\u0131\u015f\u0131yor ve \u00fcr\u00fcnlerinizin pazarda \u00f6ne \u00e7\u0131kmas\u0131n\u0131 sa\u011fl\u0131yoruz.<\/p>\n<p>G\u00fcvenilir B\u00f6cek Yeti\u015ftirme Kutumuzla b\u00f6cek yeti\u015ftiricili\u011finizi bir \u00fcst seviyeye ta\u015f\u0131y\u0131n. Toptan sat\u0131\u015f talepleriniz veya \u00f6zelle\u015ftirme se\u00e7eneklerinizi g\u00f6r\u00fc\u015fmek i\u00e7in bug\u00fcn bizimle ileti\u015fime ge\u00e7in!<\/p>\n<p><a href=\"https:\/\/www.plastic-crates.com\/tr\/urun-etiketi\/plastik-sut-kasalari\/\">s\u00fct kasalar\u0131 toptan<\/a><\/p>","protected":false},"featured_media":7579,"template":"","meta":{"_acf_changed":false},"product_brand":[],"product_cat":[144],"product_tag":[],"class_list":{"0":"post-7578","1":"product","2":"type-product","3":"status-publish","4":"has-post-thumbnail","6":"product_cat-plastic-trays-wholesale","8":"first","9":"instock","10":"sale","11":"purchasable","12":"product-type-simple"},"acf":[],"yoast_head":"<!-- This site is optimized with the Yoast SEO plugin v26.1.1 - https:\/\/yoast.com\/wordpress\/plugins\/seo\/ -->\n<title>Insect farming box for sale for sale, Insect Feeding Box wholesale<\/title>\n<meta name=\"description\" content=\"Plastic Insect farming box for Mealworm, Insect Rearing box, OEM &amp; ODM service available, Insect breeding tray wholesale price!\" \/>\n<meta name=\"robots\" content=\"index, follow, max-snippet:-1, max-image-preview:large, max-video-preview:-1\" \/>\n<link rel=\"canonical\" href=\"https:\/\/www.plastic-crates.com\/tr\/urun\/satilik-bocek-yetistirme-kutusu\/\" \/>\n<meta property=\"og:locale\" content=\"tr_TR\" \/>\n<meta property=\"og:type\" content=\"article\" \/>\n<meta property=\"og:title\" content=\"stackable folding crate, High Quality stackable folding crate Wholesale\" \/>\n<meta property=\"og:description\" content=\"Plastic Insect farming box for Mealworm, Insect Rearing box, OEM &amp; ODM service available, Insect breeding tray wholesale price!\" \/>\n<meta property=\"og:url\" content=\"https:\/\/www.plastic-crates.com\/tr\/urun\/satilik-bocek-yetistirme-kutusu\/\" \/>\n<meta property=\"og:site_name\" content=\"plastic-crates.com\" \/>\n<meta property=\"article:modified_time\" content=\"2025-09-19T17:04:00+00:00\" \/>\n<meta property=\"og:image\" content=\"https:\/\/www.plastic-crates.com\/wp-content\/uploads\/2025\/05\/insect-farming-box-for-sale-1-min.jpg\" \/>\n\t<meta property=\"og:image:width\" content=\"2000\" \/>\n\t<meta property=\"og:image:height\" content=\"2000\" \/>\n\t<meta property=\"og:image:type\" content=\"image\/jpeg\" \/>\n<meta name=\"twitter:card\" content=\"summary_large_image\" \/>\n<meta name=\"twitter:title\" content=\"stackable folding crate, High Quality stackable folding crate Wholesale\" \/>\n<meta name=\"twitter:label1\" content=\"Tahmini okuma s\u00fcresi\" \/>\n\t<meta name=\"twitter:data1\" content=\"1 dakika\" \/>\n<script type=\"application\/ld+json\" class=\"yoast-schema-graph\">{\"@context\":\"https:\/\/schema.org\",\"@graph\":[{\"@type\":\"WebPage\",\"@id\":\"https:\/\/www.plastic-crates.com\/product\/insect-farming-box-for-sale\/\",\"url\":\"https:\/\/www.plastic-crates.com\/product\/insect-farming-box-for-sale\/\",\"name\":\"Insect farming box for sale for sale, Insect Feeding Box wholesale\",\"isPartOf\":{\"@id\":\"https:\/\/www.plastic-crates.com\/#website\"},\"primaryImageOfPage\":{\"@id\":\"https:\/\/www.plastic-crates.com\/product\/insect-farming-box-for-sale\/#primaryimage\"},\"image\":{\"@id\":\"https:\/\/www.plastic-crates.com\/product\/insect-farming-box-for-sale\/#primaryimage\"},\"thumbnailUrl\":\"https:\/\/www.plastic-crates.com\/wp-content\/uploads\/2025\/05\/insect-farming-box-for-sale-1-min.jpg\",\"datePublished\":\"2025-05-12T12:15:21+00:00\",\"dateModified\":\"2025-09-19T17:04:00+00:00\",\"description\":\"Plastic Insect farming box for Mealworm, Insect Rearing box, OEM & ODM service available, Insect breeding tray wholesale price!\",\"breadcrumb\":{\"@id\":\"https:\/\/www.plastic-crates.com\/product\/insect-farming-box-for-sale\/#breadcrumb\"},\"inLanguage\":\"tr\",\"potentialAction\":[{\"@type\":\"ReadAction\",\"target\":[\"https:\/\/www.plastic-crates.com\/product\/insect-farming-box-for-sale\/\"]}]},{\"@type\":\"ImageObject\",\"inLanguage\":\"tr\",\"@id\":\"https:\/\/www.plastic-crates.com\/product\/insect-farming-box-for-sale\/#primaryimage\",\"url\":\"https:\/\/www.plastic-crates.com\/wp-content\/uploads\/2025\/05\/insect-farming-box-for-sale-1-min.jpg\",\"contentUrl\":\"https:\/\/www.plastic-crates.com\/wp-content\/uploads\/2025\/05\/insect-farming-box-for-sale-1-min.jpg\",\"width\":2000,\"height\":2000,\"caption\":\"Insect farming box for sale\"},{\"@type\":\"BreadcrumbList\",\"@id\":\"https:\/\/www.plastic-crates.com\/product\/insect-farming-box-for-sale\/#breadcrumb\",\"itemListElement\":[{\"@type\":\"ListItem\",\"position\":1,\"name\":\"Home\",\"item\":\"https:\/\/www.plastic-crates.com\/\"},{\"@type\":\"ListItem\",\"position\":2,\"name\":\"Products\",\"item\":\"https:\/\/www.plastic-crates.com\/shop\/\"},{\"@type\":\"ListItem\",\"position\":3,\"name\":\"Insect farming box for sale\"}]},{\"@type\":\"WebSite\",\"@id\":\"https:\/\/www.plastic-crates.com\/#website\",\"url\":\"https:\/\/www.plastic-crates.com\/\",\"name\":\"plastic-crates.com\",\"description\":\"Leading plastic crates manufacturer in China\",\"potentialAction\":[{\"@type\":\"SearchAction\",\"target\":{\"@type\":\"EntryPoint\",\"urlTemplate\":\"https:\/\/www.plastic-crates.com\/?s={search_term_string}\"},\"query-input\":{\"@type\":\"PropertyValueSpecification\",\"valueRequired\":true,\"valueName\":\"search_term_string\"}}],\"inLanguage\":\"tr\"}]}<\/script>\n<!-- \/ Yoast SEO plugin. -->","yoast_head_json":{"title":"Sat\u0131l\u0131k b\u00f6cek yeti\u015ftirme kutusu, Toptan b\u00f6cek besleme kutusu","description":"Un kurdu i\u00e7in plastik b\u00f6cek yeti\u015ftirme kutusu, b\u00f6cek yeti\u015ftirme kutusu, OEM ve ODM hizmeti mevcuttur, b\u00f6cek yeti\u015ftirme tepsisi toptan fiyat\u0131!","robots":{"index":"index","follow":"follow","max-snippet":"max-snippet:-1","max-image-preview":"max-image-preview:large","max-video-preview":"max-video-preview:-1"},"canonical":"https:\/\/www.plastic-crates.com\/tr\/urun\/satilik-bocek-yetistirme-kutusu\/","og_locale":"tr_TR","og_type":"article","og_title":"stackable folding crate, High Quality stackable folding crate Wholesale","og_description":"Plastic Insect farming box for Mealworm, Insect Rearing box, OEM & ODM service available, Insect breeding tray wholesale price!","og_url":"https:\/\/www.plastic-crates.com\/tr\/urun\/satilik-bocek-yetistirme-kutusu\/","og_site_name":"plastic-crates.com","article_modified_time":"2025-09-19T17:04:00+00:00","og_image":[{"width":2000,"height":2000,"url":"https:\/\/www.plastic-crates.com\/wp-content\/uploads\/2025\/05\/insect-farming-box-for-sale-1-min.jpg","type":"image\/jpeg"}],"twitter_card":"summary_large_image","twitter_title":"stackable folding crate, High Quality stackable folding crate Wholesale","twitter_misc":{"Tahmini okuma s\u00fcresi":"1 dakika"},"schema":{"@context":"https:\/\/schema.org","@graph":[{"@type":"WebPage","@id":"https:\/\/www.plastic-crates.com\/product\/insect-farming-box-for-sale\/","url":"https:\/\/www.plastic-crates.com\/product\/insect-farming-box-for-sale\/","name":"Sat\u0131l\u0131k b\u00f6cek yeti\u015ftirme kutusu, Toptan b\u00f6cek besleme kutusu","isPartOf":{"@id":"https:\/\/www.plastic-crates.com\/#website"},"primaryImageOfPage":{"@id":"https:\/\/www.plastic-crates.com\/product\/insect-farming-box-for-sale\/#primaryimage"},"image":{"@id":"https:\/\/www.plastic-crates.com\/product\/insect-farming-box-for-sale\/#primaryimage"},"thumbnailUrl":"https:\/\/www.plastic-crates.com\/wp-content\/uploads\/2025\/05\/insect-farming-box-for-sale-1-min.jpg","datePublished":"2025-05-12T12:15:21+00:00","dateModified":"2025-09-19T17:04:00+00:00","description":"Un kurdu i\u00e7in plastik b\u00f6cek yeti\u015ftirme kutusu, b\u00f6cek yeti\u015ftirme kutusu, OEM ve ODM hizmeti mevcuttur, b\u00f6cek yeti\u015ftirme tepsisi toptan fiyat\u0131!","breadcrumb":{"@id":"https:\/\/www.plastic-crates.com\/product\/insect-farming-box-for-sale\/#breadcrumb"},"inLanguage":"tr","potentialAction":[{"@type":"ReadAction","target":["https:\/\/www.plastic-crates.com\/product\/insect-farming-box-for-sale\/"]}]},{"@type":"ImageObject","inLanguage":"tr","@id":"https:\/\/www.plastic-crates.com\/product\/insect-farming-box-for-sale\/#primaryimage","url":"https:\/\/www.plastic-crates.com\/wp-content\/uploads\/2025\/05\/insect-farming-box-for-sale-1-min.jpg","contentUrl":"https:\/\/www.plastic-crates.com\/wp-content\/uploads\/2025\/05\/insect-farming-box-for-sale-1-min.jpg","width":2000,"height":2000,"caption":"Insect farming box for sale"},{"@type":"BreadcrumbList","@id":"https:\/\/www.plastic-crates.com\/product\/insect-farming-box-for-sale\/#breadcrumb","itemListElement":[{"@type":"ListItem","position":1,"name":"Home","item":"https:\/\/www.plastic-crates.com\/"},{"@type":"ListItem","position":2,"name":"Products","item":"https:\/\/www.plastic-crates.com\/shop\/"},{"@type":"ListItem","position":3,"name":"Insect farming box for sale"}]},{"@type":"WebSite","@id":"https:\/\/www.plastic-crates.com\/#website","url":"https:\/\/www.plastic-crates.com\/","name":"plastic-crates.com","description":"\u00c7in&#039;in \u00f6nde gelen plastik kasa \u00fcreticisi","potentialAction":[{"@type":"SearchAction","target":{"@type":"EntryPoint","urlTemplate":"https:\/\/www.plastic-crates.com\/?s={search_term_string}"},"query-input":{"@type":"PropertyValueSpecification","valueRequired":true,"valueName":"search_term_string"}}],"inLanguage":"tr"}]}},"_links":{"self":[{"href":"https:\/\/www.plastic-crates.com\/tr\/wp-json\/wp\/v2\/product\/7578","targetHints":{"allow":["GET"]}}],"collection":[{"href":"https:\/\/www.plastic-crates.com\/tr\/wp-json\/wp\/v2\/product"}],"about":[{"href":"https:\/\/www.plastic-crates.com\/tr\/wp-json\/wp\/v2\/types\/product"}],"wp:featuredmedia":[{"embeddable":true,"href":"https:\/\/www.plastic-crates.com\/tr\/wp-json\/wp\/v2\/media\/7579"}],"wp:attachment":[{"href":"https:\/\/www.plastic-crates.com\/tr\/wp-json\/wp\/v2\/media?parent=7578"}],"wp:term":[{"taxonomy":"product_brand","embeddable":true,"href":"https:\/\/www.plastic-crates.com\/tr\/wp-json\/wp\/v2\/product_brand?post=7578"},{"taxonomy":"product_cat","embeddable":true,"href":"https:\/\/www.plastic-crates.com\/tr\/wp-json\/wp\/v2\/product_cat?post=7578"},{"taxonomy":"product_tag","embeddable":true,"href":"https:\/\/www.plastic-crates.com\/tr\/wp-json\/wp\/v2\/product_tag?post=7578"}],"curies":[{"name":"wp","href":"https:\/\/api.w.org\/{rel}","templated":true}]}}