{"id":7587,"date":"2025-05-12T12:52:08","date_gmt":"2025-05-12T12:52:08","guid":{"rendered":"https:\/\/www.plastic-crates.com\/?post_type=product&#038;p=7587"},"modified":"2025-05-12T13:18:43","modified_gmt":"2025-05-12T13:18:43","slug":"bocek-kakma-tepsisi","status":"publish","type":"product","link":"https:\/\/www.plastic-crates.com\/tr\/urun\/bocek-kakma-tepsisi\/","title":{"rendered":"B\u00f6cek Kakma Tepsi"},"content":{"rendered":"<p>Yeni bir \u015fey tasarlad\u0131k <strong>B\u00f6cek Kakma Tepsi<\/strong> Hayvansal protein \u00fcretimini art\u0131rmak i\u00e7in \u00f6zel olarak tasarlanm\u0131\u015ft\u0131r. Bu tepsiler, otomatik besleme sistemlerini etkili bir \u015fekilde desteklemek i\u00e7in katmanlar aras\u0131nda tutarl\u0131 bo\u015fluklar sa\u011flar. Minimum kenar ve \u00e7\u0131k\u0131nt\u0131ya sahip p\u00fcr\u00fczs\u00fcz bir y\u00fczeye sahip olan bu tepsiler, pupalar\u0131n tepsiye yap\u0131\u015fmas\u0131n\u0131 \u00f6nleyerek hijyeni ve operasyonel verimlili\u011fi art\u0131r\u0131r.<\/p>\n<p>Otomatik ortamlarda kullan\u0131m i\u00e7in optimize edilmi\u015f tepsiler, istifleme, istiften \u00e7\u0131karma ve y\u0131kama sistemleriyle uyumludur. Standart boyutlar\u0131 ve kusursuz tasar\u0131mlar\u0131, b\u00f6cek yeti\u015ftiricili\u011fi ve protein \u00fcretim tesislerinde sorunsuz i\u015fleme i\u00e7in ideal bir \u00e7\u00f6z\u00fcmd\u00fcr.<\/p>\n<div style=\"width: 1170px;\" class=\"wp-video\"><!--[if lt IE 9]><script>document.createElement('video');<\/script><![endif]-->\n<video class=\"wp-video-shortcode\" id=\"video-7587-1\" width=\"1170\" height=\"658\" poster=\"https:\/\/www.plastic-crates.com\/wp-content\/uploads\/2025\/05\/beetle-inlay-tray-5.jpg\" preload=\"metadata\" controls=\"controls\"><source type=\"video\/mp4\" src=\"https:\/\/www.plastic-crates.com\/wp-content\/uploads\/2025\/05\/beetle-inlay-tray.mp4?_=1\" \/><a href=\"https:\/\/www.plastic-crates.com\/wp-content\/uploads\/2025\/05\/beetle-inlay-tray.mp4\">https:\/\/www.plastic-crates.com\/wp-content\/uploads\/2025\/05\/beetle-inlay-tray.mp4<\/a><\/video><\/div>\n<h4>Temel \u00d6zellikler:<\/h4>\n<ul>\n<li><strong>Dayan\u0131kl\u0131 Yap\u0131<\/strong>: Y\u00fcksek kaliteli, sa\u011flam plastikten \u00fcretilen Beetle Inlay Tepsi, perakendede, depolamada veya evde g\u00fcnl\u00fck kullan\u0131ma dayanacak \u015fekilde tasarlanm\u0131\u015ft\u0131r.<\/li>\n<li><strong>\u0130stiflenebilir Tasar\u0131m<\/strong>:Y\u0131\u011f\u0131nlanabilir \u00f6zelli\u011fiyle yerden tasarruf edin, depolama se\u00e7eneklerinizi zahmetsizce en \u00fcst d\u00fczeye \u00e7\u0131kar\u0131n.<\/li>\n<li><strong>\u00c7ok Ama\u00e7l\u0131 Kullan\u0131m<\/strong>: Bah\u00e7ecilik, el sanatlar\u0131 ve g\u0131da depolama gibi \u00e7e\u015fitli uygulamalar i\u00e7in ideal olan bu tepsi, \u00e7ok say\u0131da ihtiyaca cevap verebilir.<\/li>\n<\/ul>","protected":false},"excerpt":{"rendered":"<p>\u00d6zelle\u015ftirme mi ar\u0131yorsunuz? OEM\/ODM hizmetlerimiz, Beetle Inlay Tepsi&#039;nizi markan\u0131z\u0131n tarz\u0131na ve \u00f6zel gereksinimlerinize uyacak \u015fekilde \u00f6zelle\u015ftirmenizi sa\u011flar. Renk \u00e7e\u015fitlerinden markalama se\u00e7eneklerine kadar, vizyonunuzu yans\u0131tan \u00fcr\u00fcnler sunmay\u0131 hedefliyoruz.<\/p>\n<p>Y\u00fcksek kaliteli depolama \u00e7\u00f6z\u00fcmleri stoklamak isteyen i\u015fletmeler i\u00e7in ideal olan toplu sipari\u015fler i\u00e7in toptan sat\u0131\u015f fiyatlar\u0131m\u0131z\u0131 gururla sunuyoruz. Daha b\u00fcy\u00fck miktarlarda sipari\u015f verdi\u011finizde rekabet\u00e7i fiyatlardan ve g\u00fcvenilir teslimattan yararlan\u0131n.<\/p>\n<p><a href=\"https:\/\/www.plastic-crates.com\/tr\/urun-etiketi\/plastik-sut-kasalari\/\">sat\u0131l\u0131k s\u00fct kasalar\u0131<\/a><\/p>","protected":false},"featured_media":7588,"template":"","meta":{"_acf_changed":false},"product_brand":[],"product_cat":[144],"product_tag":[],"class_list":{"0":"post-7587","1":"product","2":"type-product","3":"status-publish","4":"has-post-thumbnail","6":"product_cat-plastic-trays-wholesale","8":"first","9":"instock","10":"sale","11":"purchasable","12":"product-type-simple"},"acf":[],"yoast_head":"<!-- This site is optimized with the Yoast SEO plugin v26.1.1 - https:\/\/yoast.com\/wordpress\/plugins\/seo\/ -->\n<title>Beetle Inlay Tray for sale, Insect Feeding Boxes wholesale<\/title>\n<meta name=\"description\" content=\"Plastic Beetle Inlay Tray for Mealworm, Insect Rearing crates, OEM &amp; ODM service available, Beetle Inlay Tray wholesale price!\" \/>\n<meta name=\"robots\" content=\"index, follow, max-snippet:-1, max-image-preview:large, max-video-preview:-1\" \/>\n<link rel=\"canonical\" href=\"https:\/\/www.plastic-crates.com\/tr\/urun\/bocek-kakma-tepsisi\/\" \/>\n<meta property=\"og:locale\" content=\"tr_TR\" \/>\n<meta property=\"og:type\" content=\"article\" \/>\n<meta property=\"og:title\" content=\"stackable folding crate, High Quality stackable folding crate Wholesale\" \/>\n<meta property=\"og:description\" content=\"Plastic Beetle Inlay Tray for Mealworm, Insect Rearing crates, OEM &amp; ODM service available, Beetle Inlay Tray wholesale price!\" \/>\n<meta property=\"og:url\" content=\"https:\/\/www.plastic-crates.com\/tr\/urun\/bocek-kakma-tepsisi\/\" \/>\n<meta property=\"og:site_name\" content=\"plastic-crates.com\" \/>\n<meta property=\"article:modified_time\" content=\"2025-05-12T13:18:43+00:00\" \/>\n<meta property=\"og:image\" content=\"https:\/\/www.plastic-crates.com\/wp-content\/uploads\/2025\/05\/beetle-inlay-tray-1.jpg\" \/>\n\t<meta property=\"og:image:width\" content=\"2000\" \/>\n\t<meta property=\"og:image:height\" content=\"2000\" \/>\n\t<meta property=\"og:image:type\" content=\"image\/jpeg\" \/>\n<meta name=\"twitter:card\" content=\"summary_large_image\" \/>\n<meta name=\"twitter:title\" content=\"stackable folding crate, High Quality stackable folding crate Wholesale\" \/>\n<meta name=\"twitter:label1\" content=\"Tahmini okuma s\u00fcresi\" \/>\n\t<meta name=\"twitter:data1\" content=\"1 dakika\" \/>\n<script type=\"application\/ld+json\" class=\"yoast-schema-graph\">{\"@context\":\"https:\/\/schema.org\",\"@graph\":[{\"@type\":\"WebPage\",\"@id\":\"https:\/\/www.plastic-crates.com\/product\/beetle-inlay-tray\/\",\"url\":\"https:\/\/www.plastic-crates.com\/product\/beetle-inlay-tray\/\",\"name\":\"Beetle Inlay Tray for sale, Insect Feeding Boxes wholesale\",\"isPartOf\":{\"@id\":\"https:\/\/www.plastic-crates.com\/#website\"},\"primaryImageOfPage\":{\"@id\":\"https:\/\/www.plastic-crates.com\/product\/beetle-inlay-tray\/#primaryimage\"},\"image\":{\"@id\":\"https:\/\/www.plastic-crates.com\/product\/beetle-inlay-tray\/#primaryimage\"},\"thumbnailUrl\":\"https:\/\/www.plastic-crates.com\/wp-content\/uploads\/2025\/05\/beetle-inlay-tray-1.jpg\",\"datePublished\":\"2025-05-12T12:52:08+00:00\",\"dateModified\":\"2025-05-12T13:18:43+00:00\",\"description\":\"Plastic Beetle Inlay Tray for Mealworm, Insect Rearing crates, OEM & ODM service available, Beetle Inlay Tray wholesale price!\",\"breadcrumb\":{\"@id\":\"https:\/\/www.plastic-crates.com\/product\/beetle-inlay-tray\/#breadcrumb\"},\"inLanguage\":\"tr\",\"potentialAction\":[{\"@type\":\"ReadAction\",\"target\":[\"https:\/\/www.plastic-crates.com\/product\/beetle-inlay-tray\/\"]}]},{\"@type\":\"ImageObject\",\"inLanguage\":\"tr\",\"@id\":\"https:\/\/www.plastic-crates.com\/product\/beetle-inlay-tray\/#primaryimage\",\"url\":\"https:\/\/www.plastic-crates.com\/wp-content\/uploads\/2025\/05\/beetle-inlay-tray-1.jpg\",\"contentUrl\":\"https:\/\/www.plastic-crates.com\/wp-content\/uploads\/2025\/05\/beetle-inlay-tray-1.jpg\",\"width\":2000,\"height\":2000,\"caption\":\"beetle inlay tray\"},{\"@type\":\"BreadcrumbList\",\"@id\":\"https:\/\/www.plastic-crates.com\/product\/beetle-inlay-tray\/#breadcrumb\",\"itemListElement\":[{\"@type\":\"ListItem\",\"position\":1,\"name\":\"Home\",\"item\":\"https:\/\/www.plastic-crates.com\/\"},{\"@type\":\"ListItem\",\"position\":2,\"name\":\"Products\",\"item\":\"https:\/\/www.plastic-crates.com\/shop\/\"},{\"@type\":\"ListItem\",\"position\":3,\"name\":\"Beetle Inlay Tray\"}]},{\"@type\":\"WebSite\",\"@id\":\"https:\/\/www.plastic-crates.com\/#website\",\"url\":\"https:\/\/www.plastic-crates.com\/\",\"name\":\"plastic-crates.com\",\"description\":\"Leading plastic crates manufacturer in China\",\"potentialAction\":[{\"@type\":\"SearchAction\",\"target\":{\"@type\":\"EntryPoint\",\"urlTemplate\":\"https:\/\/www.plastic-crates.com\/?s={search_term_string}\"},\"query-input\":{\"@type\":\"PropertyValueSpecification\",\"valueRequired\":true,\"valueName\":\"search_term_string\"}}],\"inLanguage\":\"tr\"}]}<\/script>\n<!-- \/ Yoast SEO plugin. -->","yoast_head_json":{"title":"Sat\u0131l\u0131k B\u00f6cek Kakma Tepsisi, Toptan B\u00f6cek Besleme Kutular\u0131","description":"Un kurdu, b\u00f6cek yeti\u015ftirme kasalar\u0131 i\u00e7in plastik b\u00f6cek kakma tepsisi, OEM ve ODM hizmeti mevcuttur, b\u00f6cek kakma tepsisi toptan fiyat\u0131!","robots":{"index":"index","follow":"follow","max-snippet":"max-snippet:-1","max-image-preview":"max-image-preview:large","max-video-preview":"max-video-preview:-1"},"canonical":"https:\/\/www.plastic-crates.com\/tr\/urun\/bocek-kakma-tepsisi\/","og_locale":"tr_TR","og_type":"article","og_title":"stackable folding crate, High Quality stackable folding crate Wholesale","og_description":"Plastic Beetle Inlay Tray for Mealworm, Insect Rearing crates, OEM & ODM service available, Beetle Inlay Tray wholesale price!","og_url":"https:\/\/www.plastic-crates.com\/tr\/urun\/bocek-kakma-tepsisi\/","og_site_name":"plastic-crates.com","article_modified_time":"2025-05-12T13:18:43+00:00","og_image":[{"width":2000,"height":2000,"url":"https:\/\/www.plastic-crates.com\/wp-content\/uploads\/2025\/05\/beetle-inlay-tray-1.jpg","type":"image\/jpeg"}],"twitter_card":"summary_large_image","twitter_title":"stackable folding crate, High Quality stackable folding crate Wholesale","twitter_misc":{"Tahmini okuma s\u00fcresi":"1 dakika"},"schema":{"@context":"https:\/\/schema.org","@graph":[{"@type":"WebPage","@id":"https:\/\/www.plastic-crates.com\/product\/beetle-inlay-tray\/","url":"https:\/\/www.plastic-crates.com\/product\/beetle-inlay-tray\/","name":"Sat\u0131l\u0131k B\u00f6cek Kakma Tepsisi, Toptan B\u00f6cek Besleme Kutular\u0131","isPartOf":{"@id":"https:\/\/www.plastic-crates.com\/#website"},"primaryImageOfPage":{"@id":"https:\/\/www.plastic-crates.com\/product\/beetle-inlay-tray\/#primaryimage"},"image":{"@id":"https:\/\/www.plastic-crates.com\/product\/beetle-inlay-tray\/#primaryimage"},"thumbnailUrl":"https:\/\/www.plastic-crates.com\/wp-content\/uploads\/2025\/05\/beetle-inlay-tray-1.jpg","datePublished":"2025-05-12T12:52:08+00:00","dateModified":"2025-05-12T13:18:43+00:00","description":"Un kurdu, b\u00f6cek yeti\u015ftirme kasalar\u0131 i\u00e7in plastik b\u00f6cek kakma tepsisi, OEM ve ODM hizmeti mevcuttur, b\u00f6cek kakma tepsisi toptan fiyat\u0131!","breadcrumb":{"@id":"https:\/\/www.plastic-crates.com\/product\/beetle-inlay-tray\/#breadcrumb"},"inLanguage":"tr","potentialAction":[{"@type":"ReadAction","target":["https:\/\/www.plastic-crates.com\/product\/beetle-inlay-tray\/"]}]},{"@type":"ImageObject","inLanguage":"tr","@id":"https:\/\/www.plastic-crates.com\/product\/beetle-inlay-tray\/#primaryimage","url":"https:\/\/www.plastic-crates.com\/wp-content\/uploads\/2025\/05\/beetle-inlay-tray-1.jpg","contentUrl":"https:\/\/www.plastic-crates.com\/wp-content\/uploads\/2025\/05\/beetle-inlay-tray-1.jpg","width":2000,"height":2000,"caption":"beetle inlay tray"},{"@type":"BreadcrumbList","@id":"https:\/\/www.plastic-crates.com\/product\/beetle-inlay-tray\/#breadcrumb","itemListElement":[{"@type":"ListItem","position":1,"name":"Home","item":"https:\/\/www.plastic-crates.com\/"},{"@type":"ListItem","position":2,"name":"Products","item":"https:\/\/www.plastic-crates.com\/shop\/"},{"@type":"ListItem","position":3,"name":"Beetle Inlay Tray"}]},{"@type":"WebSite","@id":"https:\/\/www.plastic-crates.com\/#website","url":"https:\/\/www.plastic-crates.com\/","name":"plastic-crates.com","description":"\u00c7in&#039;in \u00f6nde gelen plastik kasa \u00fcreticisi","potentialAction":[{"@type":"SearchAction","target":{"@type":"EntryPoint","urlTemplate":"https:\/\/www.plastic-crates.com\/?s={search_term_string}"},"query-input":{"@type":"PropertyValueSpecification","valueRequired":true,"valueName":"search_term_string"}}],"inLanguage":"tr"}]}},"_links":{"self":[{"href":"https:\/\/www.plastic-crates.com\/tr\/wp-json\/wp\/v2\/product\/7587","targetHints":{"allow":["GET"]}}],"collection":[{"href":"https:\/\/www.plastic-crates.com\/tr\/wp-json\/wp\/v2\/product"}],"about":[{"href":"https:\/\/www.plastic-crates.com\/tr\/wp-json\/wp\/v2\/types\/product"}],"wp:featuredmedia":[{"embeddable":true,"href":"https:\/\/www.plastic-crates.com\/tr\/wp-json\/wp\/v2\/media\/7588"}],"wp:attachment":[{"href":"https:\/\/www.plastic-crates.com\/tr\/wp-json\/wp\/v2\/media?parent=7587"}],"wp:term":[{"taxonomy":"product_brand","embeddable":true,"href":"https:\/\/www.plastic-crates.com\/tr\/wp-json\/wp\/v2\/product_brand?post=7587"},{"taxonomy":"product_cat","embeddable":true,"href":"https:\/\/www.plastic-crates.com\/tr\/wp-json\/wp\/v2\/product_cat?post=7587"},{"taxonomy":"product_tag","embeddable":true,"href":"https:\/\/www.plastic-crates.com\/tr\/wp-json\/wp\/v2\/product_tag?post=7587"}],"curies":[{"name":"wp","href":"https:\/\/api.w.org\/{rel}","templated":true}]}}