{"id":7596,"date":"2025-05-31T01:22:16","date_gmt":"2025-05-31T01:22:16","guid":{"rendered":"https:\/\/www.plastic-crates.com\/?post_type=product&#038;p=7596"},"modified":"2025-09-12T21:44:21","modified_gmt":"2025-09-12T21:44:21","slug":"siyah-sut-kasasi-toptan-12-sise","status":"publish","type":"product","link":"https:\/\/www.plastic-crates.com\/tr\/urun\/siyah-sut-kasasi-toptan-12-sise\/","title":{"rendered":"Siyah s\u00fct kasas\u0131 toptan 12 \u015fi\u015fe"},"content":{"rendered":"<p>\u015e\u0131k tasar\u0131ml\u0131 \u00fcr\u00fcnlerimizle depolama ve ta\u015f\u0131ma oyununuzu bir \u00fcst seviyeye ta\u015f\u0131y\u0131n <strong>Siyah S\u00fct Kasas\u0131<\/strong> 12 \u015fi\u015feye kadar g\u00fcvenli bir \u015fekilde saklamak i\u00e7in tasarlanm\u0131\u015ft\u0131r. Dayan\u0131kl\u0131, y\u00fcksek kaliteli plastikten \u00fcretilen bu \u00e7ok y\u00f6nl\u00fc kasa, \u015f\u0131kl\u0131\u011f\u0131 i\u015flevsellikle bir araya getirerek ev kullan\u0131m\u0131, piknikler veya a\u00e7\u0131k hava etkinlikleri i\u00e7in m\u00fckemmeldir.<\/p>\n<p><strong>Temel \u00d6zellikler:<\/strong><\/p>\n<ul>\n<li><strong>Dayan\u0131kl\u0131 Yap\u0131:<\/strong>\u00a0G\u00fcnl\u00fck a\u015f\u0131nma ve y\u0131pranmaya dayan\u0131kl\u0131, sa\u011flam ve hafif malzemelerden \u00fcretilmi\u015ftir, \u015fi\u015felerinizin g\u00fcvenli ve emniyette olmas\u0131n\u0131 sa\u011flar.<\/li>\n<li><strong>Verimli Tasar\u0131m:<\/strong>\u00a0\u00d6zel olarak tasarlanm\u0131\u015f i\u00e7 k\u0131sm\u0131, \u015fi\u015felerin g\u00fcvenli bir \u015fekilde yerinde durmas\u0131n\u0131 sa\u011flayarak ta\u015f\u0131ma s\u0131ras\u0131nda k\u0131r\u0131lmalar\u0131n\u0131 veya d\u00f6k\u00fclmelerini \u00f6nler.<\/li>\n<li><strong>\u00c7ok Y\u00f6nl\u00fc Kullan\u0131m:<\/strong>\u00a0\u0130\u00e7ecekler, market al\u0131\u015fveri\u015fi veya el i\u015fi malzemelerini d\u00fczenlemek i\u00e7in ideal olan bu kasa her t\u00fcrl\u00fc ihtiyaca cevap verir.<\/li>\n<li><strong>\u0130stiflenebilir Kolayl\u0131k:<\/strong>\u00a0Evinizde veya arac\u0131n\u0131zda yerden tasarruf etmek i\u00e7in birden fazla sand\u0131\u011f\u0131 kolayca istifleyin, b\u00f6ylece depolamay\u0131 kolayla\u015ft\u0131r\u0131n.<\/li>\n<li><strong>\u015e\u0131k Estetik:<\/strong>\u00a0Zamans\u0131z siyah kaplama, her ortama modern bir dokunu\u015f kat\u0131yor ve \u00e7e\u015fitli dekorasyon stillerini tamaml\u0131yor.<\/li>\n<\/ul>\n<p>\u0130ster evde bira i\u00e7iyor olun, ister piknik tutkunu olun, ister sadece g\u00fcvenilir bir saklama \u00e7\u00f6z\u00fcm\u00fcne ihtiyac\u0131n\u0131z olsun, 12 \u015ei\u015felik Black Milk Crate vazge\u00e7ilmeziniz olacak. En sevdi\u011finiz i\u00e7eceklerinizi d\u00fczenleme ve ta\u015f\u0131ma \u015feklinizi bug\u00fcnden de\u011fi\u015ftirin!<\/p>","protected":false},"excerpt":{"rendered":"<div><a href=\"https:\/\/www.plastic-crates.com\/tr\/urun-kategori\/katlanabilir-kutu\/\" target=\"_blank\" rel=\"noopener noreferrer\">plastik katlan\u0131r kutu<\/a>,<a href=\"https:\/\/www.plastic-crates.com\/tr\/urun-kategori\/palet-konteyneri\/\" target=\"_blank\" rel=\"noopener noreferrer\">plastik palet kutusu<\/a>,<a href=\"https:\/\/www.plastic-crates.com\/tr\/urun-etiketi\/buyuk-plastik-saklama-kaplari\/\" target=\"_blank\" rel=\"noopener noreferrer\">b\u00fcy\u00fck depolama kasalar\u0131<\/a><\/div>","protected":false},"featured_media":7597,"template":"","meta":{"_acf_changed":false},"product_brand":[],"product_cat":[15],"product_tag":[153,149],"class_list":{"0":"post-7596","1":"product","2":"type-product","3":"status-publish","4":"has-post-thumbnail","6":"product_cat-stackable-containers","7":"product_tag-bottle-crate","8":"product_tag-plastic-milk-crates","10":"first","11":"instock","12":"sale","13":"purchasable","14":"product-type-simple"},"acf":[],"yoast_head":"<!-- This site is optimized with the Yoast SEO plugin v26.1.1 - https:\/\/yoast.com\/wordpress\/plugins\/seo\/ -->\n<title>Black milk crate wholesale 12 bottles, milk crates &amp; Factory Price<\/title>\n<meta name=\"description\" content=\"Wholesale Black milk crates, plastic black crates supplier, Dimensions(L*W*H):430*360*330 mm, black milk crates for sale!\" \/>\n<meta name=\"robots\" content=\"index, follow, max-snippet:-1, max-image-preview:large, max-video-preview:-1\" \/>\n<link rel=\"canonical\" href=\"https:\/\/www.plastic-crates.com\/tr\/urun\/siyah-sut-kasasi-toptan-12-sise\/\" \/>\n<meta property=\"og:locale\" content=\"tr_TR\" \/>\n<meta property=\"og:type\" content=\"article\" \/>\n<meta property=\"og:title\" content=\"kis collapsible crate\" \/>\n<meta property=\"og:description\" content=\"Wholesale Black milk crates, plastic black crates supplier, Dimensions(L*W*H):430*360*330 mm, black milk crates for sale!\" \/>\n<meta property=\"og:url\" content=\"https:\/\/www.plastic-crates.com\/tr\/urun\/siyah-sut-kasasi-toptan-12-sise\/\" \/>\n<meta property=\"og:site_name\" content=\"plastic-crates.com\" \/>\n<meta property=\"article:modified_time\" content=\"2025-09-12T21:44:21+00:00\" \/>\n<meta property=\"og:image\" content=\"https:\/\/www.plastic-crates.com\/wp-content\/uploads\/2025\/05\/black-milk-crate-12-bottle-1.jpeg\" \/>\n\t<meta property=\"og:image:width\" content=\"2000\" \/>\n\t<meta property=\"og:image:height\" content=\"2000\" \/>\n\t<meta property=\"og:image:type\" content=\"image\/jpeg\" \/>\n<meta name=\"twitter:card\" content=\"summary_large_image\" \/>\n<meta name=\"twitter:title\" content=\"kis collapsible crate\" \/>\n<meta name=\"twitter:label1\" content=\"Tahmini okuma s\u00fcresi\" \/>\n\t<meta name=\"twitter:data1\" content=\"1 dakika\" \/>\n<script type=\"application\/ld+json\" class=\"yoast-schema-graph\">{\"@context\":\"https:\/\/schema.org\",\"@graph\":[{\"@type\":\"WebPage\",\"@id\":\"https:\/\/www.plastic-crates.com\/product\/black-milk-crate-wholesale-12-bottles\/\",\"url\":\"https:\/\/www.plastic-crates.com\/product\/black-milk-crate-wholesale-12-bottles\/\",\"name\":\"Black milk crate wholesale 12 bottles, milk crates & Factory Price\",\"isPartOf\":{\"@id\":\"https:\/\/www.plastic-crates.com\/#website\"},\"primaryImageOfPage\":{\"@id\":\"https:\/\/www.plastic-crates.com\/product\/black-milk-crate-wholesale-12-bottles\/#primaryimage\"},\"image\":{\"@id\":\"https:\/\/www.plastic-crates.com\/product\/black-milk-crate-wholesale-12-bottles\/#primaryimage\"},\"thumbnailUrl\":\"https:\/\/www.plastic-crates.com\/wp-content\/uploads\/2025\/05\/black-milk-crate-12-bottle-1.jpeg\",\"datePublished\":\"2025-05-31T01:22:16+00:00\",\"dateModified\":\"2025-09-12T21:44:21+00:00\",\"description\":\"Wholesale Black milk crates, plastic black crates supplier, Dimensions(L*W*H):430*360*330 mm, black milk crates for sale!\",\"breadcrumb\":{\"@id\":\"https:\/\/www.plastic-crates.com\/product\/black-milk-crate-wholesale-12-bottles\/#breadcrumb\"},\"inLanguage\":\"tr\",\"potentialAction\":[{\"@type\":\"ReadAction\",\"target\":[\"https:\/\/www.plastic-crates.com\/product\/black-milk-crate-wholesale-12-bottles\/\"]}]},{\"@type\":\"ImageObject\",\"inLanguage\":\"tr\",\"@id\":\"https:\/\/www.plastic-crates.com\/product\/black-milk-crate-wholesale-12-bottles\/#primaryimage\",\"url\":\"https:\/\/www.plastic-crates.com\/wp-content\/uploads\/2025\/05\/black-milk-crate-12-bottle-1.jpeg\",\"contentUrl\":\"https:\/\/www.plastic-crates.com\/wp-content\/uploads\/2025\/05\/black-milk-crate-12-bottle-1.jpeg\",\"width\":2000,\"height\":2000,\"caption\":\"black milk crate\"},{\"@type\":\"BreadcrumbList\",\"@id\":\"https:\/\/www.plastic-crates.com\/product\/black-milk-crate-wholesale-12-bottles\/#breadcrumb\",\"itemListElement\":[{\"@type\":\"ListItem\",\"position\":1,\"name\":\"Home\",\"item\":\"https:\/\/www.plastic-crates.com\/\"},{\"@type\":\"ListItem\",\"position\":2,\"name\":\"Products\",\"item\":\"https:\/\/www.plastic-crates.com\/shop\/\"},{\"@type\":\"ListItem\",\"position\":3,\"name\":\"Black milk crate wholesale 12 bottles\"}]},{\"@type\":\"WebSite\",\"@id\":\"https:\/\/www.plastic-crates.com\/#website\",\"url\":\"https:\/\/www.plastic-crates.com\/\",\"name\":\"plastic-crates.com\",\"description\":\"Leading plastic crates manufacturer in China\",\"potentialAction\":[{\"@type\":\"SearchAction\",\"target\":{\"@type\":\"EntryPoint\",\"urlTemplate\":\"https:\/\/www.plastic-crates.com\/?s={search_term_string}\"},\"query-input\":{\"@type\":\"PropertyValueSpecification\",\"valueRequired\":true,\"valueName\":\"search_term_string\"}}],\"inLanguage\":\"tr\"}]}<\/script>\n<!-- \/ Yoast SEO plugin. -->","yoast_head_json":{"title":"Siyah s\u00fct kasas\u0131 toptan 12 \u015fi\u015fe, s\u00fct kasalar\u0131 ve Fabrika Fiyat\u0131","description":"Toptan Siyah s\u00fct kasalar\u0131, plastik siyah kasalar tedarik\u00e7isi, Boyutlar (U*G*Y):430*360*330 mm, sat\u0131l\u0131k siyah s\u00fct kasalar\u0131!","robots":{"index":"index","follow":"follow","max-snippet":"max-snippet:-1","max-image-preview":"max-image-preview:large","max-video-preview":"max-video-preview:-1"},"canonical":"https:\/\/www.plastic-crates.com\/tr\/urun\/siyah-sut-kasasi-toptan-12-sise\/","og_locale":"tr_TR","og_type":"article","og_title":"kis collapsible crate","og_description":"Wholesale Black milk crates, plastic black crates supplier, Dimensions(L*W*H):430*360*330 mm, black milk crates for sale!","og_url":"https:\/\/www.plastic-crates.com\/tr\/urun\/siyah-sut-kasasi-toptan-12-sise\/","og_site_name":"plastic-crates.com","article_modified_time":"2025-09-12T21:44:21+00:00","og_image":[{"width":2000,"height":2000,"url":"https:\/\/www.plastic-crates.com\/wp-content\/uploads\/2025\/05\/black-milk-crate-12-bottle-1.jpeg","type":"image\/jpeg"}],"twitter_card":"summary_large_image","twitter_title":"kis collapsible crate","twitter_misc":{"Tahmini okuma s\u00fcresi":"1 dakika"},"schema":{"@context":"https:\/\/schema.org","@graph":[{"@type":"WebPage","@id":"https:\/\/www.plastic-crates.com\/product\/black-milk-crate-wholesale-12-bottles\/","url":"https:\/\/www.plastic-crates.com\/product\/black-milk-crate-wholesale-12-bottles\/","name":"Siyah s\u00fct kasas\u0131 toptan 12 \u015fi\u015fe, s\u00fct kasalar\u0131 ve Fabrika Fiyat\u0131","isPartOf":{"@id":"https:\/\/www.plastic-crates.com\/#website"},"primaryImageOfPage":{"@id":"https:\/\/www.plastic-crates.com\/product\/black-milk-crate-wholesale-12-bottles\/#primaryimage"},"image":{"@id":"https:\/\/www.plastic-crates.com\/product\/black-milk-crate-wholesale-12-bottles\/#primaryimage"},"thumbnailUrl":"https:\/\/www.plastic-crates.com\/wp-content\/uploads\/2025\/05\/black-milk-crate-12-bottle-1.jpeg","datePublished":"2025-05-31T01:22:16+00:00","dateModified":"2025-09-12T21:44:21+00:00","description":"Toptan Siyah s\u00fct kasalar\u0131, plastik siyah kasalar tedarik\u00e7isi, Boyutlar (U*G*Y):430*360*330 mm, sat\u0131l\u0131k siyah s\u00fct kasalar\u0131!","breadcrumb":{"@id":"https:\/\/www.plastic-crates.com\/product\/black-milk-crate-wholesale-12-bottles\/#breadcrumb"},"inLanguage":"tr","potentialAction":[{"@type":"ReadAction","target":["https:\/\/www.plastic-crates.com\/product\/black-milk-crate-wholesale-12-bottles\/"]}]},{"@type":"ImageObject","inLanguage":"tr","@id":"https:\/\/www.plastic-crates.com\/product\/black-milk-crate-wholesale-12-bottles\/#primaryimage","url":"https:\/\/www.plastic-crates.com\/wp-content\/uploads\/2025\/05\/black-milk-crate-12-bottle-1.jpeg","contentUrl":"https:\/\/www.plastic-crates.com\/wp-content\/uploads\/2025\/05\/black-milk-crate-12-bottle-1.jpeg","width":2000,"height":2000,"caption":"black milk crate"},{"@type":"BreadcrumbList","@id":"https:\/\/www.plastic-crates.com\/product\/black-milk-crate-wholesale-12-bottles\/#breadcrumb","itemListElement":[{"@type":"ListItem","position":1,"name":"Home","item":"https:\/\/www.plastic-crates.com\/"},{"@type":"ListItem","position":2,"name":"Products","item":"https:\/\/www.plastic-crates.com\/shop\/"},{"@type":"ListItem","position":3,"name":"Black milk crate wholesale 12 bottles"}]},{"@type":"WebSite","@id":"https:\/\/www.plastic-crates.com\/#website","url":"https:\/\/www.plastic-crates.com\/","name":"plastic-crates.com","description":"\u00c7in&#039;in \u00f6nde gelen plastik kasa \u00fcreticisi","potentialAction":[{"@type":"SearchAction","target":{"@type":"EntryPoint","urlTemplate":"https:\/\/www.plastic-crates.com\/?s={search_term_string}"},"query-input":{"@type":"PropertyValueSpecification","valueRequired":true,"valueName":"search_term_string"}}],"inLanguage":"tr"}]}},"_links":{"self":[{"href":"https:\/\/www.plastic-crates.com\/tr\/wp-json\/wp\/v2\/product\/7596","targetHints":{"allow":["GET"]}}],"collection":[{"href":"https:\/\/www.plastic-crates.com\/tr\/wp-json\/wp\/v2\/product"}],"about":[{"href":"https:\/\/www.plastic-crates.com\/tr\/wp-json\/wp\/v2\/types\/product"}],"wp:featuredmedia":[{"embeddable":true,"href":"https:\/\/www.plastic-crates.com\/tr\/wp-json\/wp\/v2\/media\/7597"}],"wp:attachment":[{"href":"https:\/\/www.plastic-crates.com\/tr\/wp-json\/wp\/v2\/media?parent=7596"}],"wp:term":[{"taxonomy":"product_brand","embeddable":true,"href":"https:\/\/www.plastic-crates.com\/tr\/wp-json\/wp\/v2\/product_brand?post=7596"},{"taxonomy":"product_cat","embeddable":true,"href":"https:\/\/www.plastic-crates.com\/tr\/wp-json\/wp\/v2\/product_cat?post=7596"},{"taxonomy":"product_tag","embeddable":true,"href":"https:\/\/www.plastic-crates.com\/tr\/wp-json\/wp\/v2\/product_tag?post=7596"}],"curies":[{"name":"wp","href":"https:\/\/api.w.org\/{rel}","templated":true}]}}