{"id":7639,"date":"2025-07-28T23:57:13","date_gmt":"2025-07-28T23:57:13","guid":{"rendered":"https:\/\/www.plastic-crates.com\/?post_type=product&#038;p=7639"},"modified":"2025-07-29T00:05:04","modified_gmt":"2025-07-29T00:05:04","slug":"plastik-ekmek-kasasi-725","status":"publish","type":"product","link":"https:\/\/www.plastic-crates.com\/tr\/urun\/plastik-ekmek-kasasi-725\/","title":{"rendered":"Plastik ekmek kasas\u0131 725"},"content":{"rendered":"<p><strong>Verimli ve Yerden Tasarruf Sa\u011flayan Ekmek Kasalar\u0131<\/strong><br \/>\nPlastik ekmek kasalar\u0131m\u0131z, f\u0131r\u0131nlar, depolar, teslimat kamyonlar\u0131 ve s\u00fcpermarketler ve marketler gibi perakende ortamlar\u0131nda alan\u0131 optimize etmek i\u00e7in \u00f6zel olarak tasarlanm\u0131\u015ft\u0131r.<\/p>\n<p>Bu dayan\u0131kl\u0131 tepsiler, y\u00fcklendi\u011finde g\u00fcvenli bir \u015fekilde istiflenerek g\u00fcvenli ve rahat bir ta\u015f\u0131ma veya pazarlama olana\u011f\u0131 sunar. Bo\u015fken ise \u00e7apraz istiflenerek kolayca i\u00e7 i\u00e7e ge\u00e7ebilir, b\u00f6ylece arka oda ve kamyon alan\u0131 verimlili\u011fini en \u00fcst d\u00fczeye \u00e7\u0131kar\u0131r.<\/p>\n<p>F\u0131r\u0131n reyonlar\u0131nda veya raf b\u00f6l\u00fcmlerinde \u00e7ekici ve eri\u015filebilir te\u015fhir alanlar\u0131 olu\u015fturmak i\u00e7in ideal olan bu kasalar, pratikli\u011fi sunumla birle\u015ftiriyor.<\/p>\n<p><strong>Temel \u00d6zellikler:<\/strong><\/p>\n<p>Opsiyonel Sal\u0131ncak \u00c7ubu\u011fu: Sal\u0131ncak \u00e7ubu\u011fu tak\u0131l\u0131yken istiflenebilir; \u00e7\u0131kar\u0131ld\u0131\u011f\u0131nda yuvalanabilir, b\u00f6ylece \u00e7ok y\u00f6nl\u00fc depolama imkan\u0131 sunar.<\/p>\n<p>\u0130\u00e7 \u0130\u00e7e Ge\u00e7irilebilir Tasar\u0131m: Kasalar kullan\u0131lmad\u0131\u011f\u0131nda de\u011ferli alandan tasarruf sa\u011flar.<\/p>\n<p>\u00d6zel Markalama: Logonuz veya \u015firket ad\u0131n\u0131z i\u00e7in serigrafi bask\u0131 mevcuttur.<\/p>\n<p>Opsiyonel Etiket Tutucu: Tan\u0131mlama veya s\u0131ralama i\u00e7in etiketleri kolayca tak\u0131n.<\/p>\n<p>Ekmek Ta\u015f\u0131mac\u0131l\u0131\u011f\u0131 \u0130\u00e7in \u00d6zel Olarak Tasarland\u0131: Ekmek ve unlu mamulleri g\u00fcvenli bir \u015fekilde ta\u015f\u0131mak ve sunmak i\u00e7in \u00f6zel olarak tasarlanm\u0131\u015ft\u0131r.<\/p>\n<p>Mevcut boyut <strong>plastik ekmek kasalar\u0131<\/strong><\/p>\n<p>725x650x150,<\/p>\n<p>550x480x165,<\/p>\n<p>550x480x153<\/p>\n<p>&nbsp;<\/p>\n<p><a href=\"https:\/\/www.plastic-crate.co.uk\/product-category\/plastic-milk-crates\/\">sat\u0131l\u0131k s\u00fct kasalar\u0131<\/a>, <a href=\"https:\/\/www.plastic-crate.co.uk\/product-category\/supermarket-crates-bale-arm-crates\/\">s\u00fcpermarket balya kolu kasalar\u0131<\/a>, <a href=\"https:\/\/www.plastic-crates.com\/tr\/urun-kategori\/kapakli-cantalar\/\" target=\"_blank\" rel=\"noopener\">ekli kapakl\u0131 plastik kasalar<\/a><\/p>","protected":false},"excerpt":{"rendered":"<p>Efficient &amp; Space-Saving Bread Crates Our plastic bread crates are specifically designed to optimize space in bakeries, warehouses, delivery trucks,&hellip;<\/p>","protected":false},"featured_media":7640,"template":"","meta":{"_acf_changed":false},"product_brand":[],"product_cat":[151,144],"product_tag":[],"class_list":{"0":"post-7639","1":"product","2":"type-product","3":"status-publish","4":"has-post-thumbnail","6":"product_cat-bakery-rack","7":"product_cat-plastic-trays-wholesale","9":"first","10":"instock","11":"product-type-simple"},"acf":[],"yoast_head":"<!-- This site is optimized with the Yoast SEO plugin v26.1.1 - https:\/\/yoast.com\/wordpress\/plugins\/seo\/ -->\n<title>Plastic bread trays, commercial bread trays Wholesale<\/title>\n<meta name=\"description\" content=\"Plastic bread trays, commercial bread trays at wholesale prices, OEM &amp; ODM service available, perfect for catering supermarket\" \/>\n<meta name=\"robots\" content=\"index, follow, max-snippet:-1, max-image-preview:large, max-video-preview:-1\" \/>\n<link rel=\"canonical\" href=\"https:\/\/www.plastic-crates.com\/tr\/urun\/plastik-ekmek-kasasi-725\/\" \/>\n<meta property=\"og:locale\" content=\"tr_TR\" \/>\n<meta property=\"og:type\" content=\"article\" \/>\n<meta property=\"og:title\" content=\"stackable folding crate, High Quality stackable folding crate Wholesale\" \/>\n<meta property=\"og:description\" content=\"Plastic bread trays, commercial bread trays at wholesale prices, OEM &amp; ODM service available, perfect for catering supermarket\" \/>\n<meta property=\"og:url\" content=\"https:\/\/www.plastic-crates.com\/tr\/urun\/plastik-ekmek-kasasi-725\/\" \/>\n<meta property=\"og:site_name\" content=\"plastic-crates.com\" \/>\n<meta property=\"article:modified_time\" content=\"2025-07-29T00:05:04+00:00\" \/>\n<meta property=\"og:image\" content=\"https:\/\/www.plastic-crates.com\/wp-content\/uploads\/2025\/07\/plastic-bread-crate-1.jpg\" \/>\n\t<meta property=\"og:image:width\" content=\"730\" \/>\n\t<meta property=\"og:image:height\" content=\"730\" \/>\n\t<meta property=\"og:image:type\" content=\"image\/jpeg\" \/>\n<meta name=\"twitter:card\" content=\"summary_large_image\" \/>\n<meta name=\"twitter:title\" content=\"stackable folding crate, High Quality stackable folding crate Wholesale\" \/>\n<meta name=\"twitter:label1\" content=\"Tahmini okuma s\u00fcresi\" \/>\n\t<meta name=\"twitter:data1\" content=\"1 dakika\" \/>\n<script type=\"application\/ld+json\" class=\"yoast-schema-graph\">{\"@context\":\"https:\/\/schema.org\",\"@graph\":[{\"@type\":\"WebPage\",\"@id\":\"https:\/\/www.plastic-crates.com\/product\/plastic-bread-crate-725\/\",\"url\":\"https:\/\/www.plastic-crates.com\/product\/plastic-bread-crate-725\/\",\"name\":\"Plastic bread trays, commercial bread trays Wholesale\",\"isPartOf\":{\"@id\":\"https:\/\/www.plastic-crates.com\/#website\"},\"primaryImageOfPage\":{\"@id\":\"https:\/\/www.plastic-crates.com\/product\/plastic-bread-crate-725\/#primaryimage\"},\"image\":{\"@id\":\"https:\/\/www.plastic-crates.com\/product\/plastic-bread-crate-725\/#primaryimage\"},\"thumbnailUrl\":\"https:\/\/www.plastic-crates.com\/wp-content\/uploads\/2025\/07\/plastic-bread-crate-1.jpg\",\"datePublished\":\"2025-07-28T23:57:13+00:00\",\"dateModified\":\"2025-07-29T00:05:04+00:00\",\"description\":\"Plastic bread trays, commercial bread trays at wholesale prices, OEM & ODM service available, perfect for catering supermarket\",\"breadcrumb\":{\"@id\":\"https:\/\/www.plastic-crates.com\/product\/plastic-bread-crate-725\/#breadcrumb\"},\"inLanguage\":\"tr\",\"potentialAction\":[{\"@type\":\"ReadAction\",\"target\":[\"https:\/\/www.plastic-crates.com\/product\/plastic-bread-crate-725\/\"]}]},{\"@type\":\"ImageObject\",\"inLanguage\":\"tr\",\"@id\":\"https:\/\/www.plastic-crates.com\/product\/plastic-bread-crate-725\/#primaryimage\",\"url\":\"https:\/\/www.plastic-crates.com\/wp-content\/uploads\/2025\/07\/plastic-bread-crate-1.jpg\",\"contentUrl\":\"https:\/\/www.plastic-crates.com\/wp-content\/uploads\/2025\/07\/plastic-bread-crate-1.jpg\",\"width\":730,\"height\":730,\"caption\":\"plastic bread crate\"},{\"@type\":\"BreadcrumbList\",\"@id\":\"https:\/\/www.plastic-crates.com\/product\/plastic-bread-crate-725\/#breadcrumb\",\"itemListElement\":[{\"@type\":\"ListItem\",\"position\":1,\"name\":\"Home\",\"item\":\"https:\/\/www.plastic-crates.com\/\"},{\"@type\":\"ListItem\",\"position\":2,\"name\":\"Products\",\"item\":\"https:\/\/www.plastic-crates.com\/shop\/\"},{\"@type\":\"ListItem\",\"position\":3,\"name\":\"Plastic bread crate 725\"}]},{\"@type\":\"WebSite\",\"@id\":\"https:\/\/www.plastic-crates.com\/#website\",\"url\":\"https:\/\/www.plastic-crates.com\/\",\"name\":\"plastic-crates.com\",\"description\":\"Leading plastic crates manufacturer in China\",\"potentialAction\":[{\"@type\":\"SearchAction\",\"target\":{\"@type\":\"EntryPoint\",\"urlTemplate\":\"https:\/\/www.plastic-crates.com\/?s={search_term_string}\"},\"query-input\":{\"@type\":\"PropertyValueSpecification\",\"valueRequired\":true,\"valueName\":\"search_term_string\"}}],\"inLanguage\":\"tr\"}]}<\/script>\n<!-- \/ Yoast SEO plugin. -->","yoast_head_json":{"title":"Plastik ekmek tepsileri, ticari ekmek tepsileri Toptan","description":"Plastik ekmek tepsileri, toptan fiyatlarla ticari ekmek tepsileri, OEM ve ODM hizmeti mevcuttur, catering s\u00fcpermarketleri i\u00e7in m\u00fckemmeldir","robots":{"index":"index","follow":"follow","max-snippet":"max-snippet:-1","max-image-preview":"max-image-preview:large","max-video-preview":"max-video-preview:-1"},"canonical":"https:\/\/www.plastic-crates.com\/tr\/urun\/plastik-ekmek-kasasi-725\/","og_locale":"tr_TR","og_type":"article","og_title":"stackable folding crate, High Quality stackable folding crate Wholesale","og_description":"Plastic bread trays, commercial bread trays at wholesale prices, OEM & ODM service available, perfect for catering supermarket","og_url":"https:\/\/www.plastic-crates.com\/tr\/urun\/plastik-ekmek-kasasi-725\/","og_site_name":"plastic-crates.com","article_modified_time":"2025-07-29T00:05:04+00:00","og_image":[{"width":730,"height":730,"url":"https:\/\/www.plastic-crates.com\/wp-content\/uploads\/2025\/07\/plastic-bread-crate-1.jpg","type":"image\/jpeg"}],"twitter_card":"summary_large_image","twitter_title":"stackable folding crate, High Quality stackable folding crate Wholesale","twitter_misc":{"Tahmini okuma s\u00fcresi":"1 dakika"},"schema":{"@context":"https:\/\/schema.org","@graph":[{"@type":"WebPage","@id":"https:\/\/www.plastic-crates.com\/product\/plastic-bread-crate-725\/","url":"https:\/\/www.plastic-crates.com\/product\/plastic-bread-crate-725\/","name":"Plastik ekmek tepsileri, ticari ekmek tepsileri Toptan","isPartOf":{"@id":"https:\/\/www.plastic-crates.com\/#website"},"primaryImageOfPage":{"@id":"https:\/\/www.plastic-crates.com\/product\/plastic-bread-crate-725\/#primaryimage"},"image":{"@id":"https:\/\/www.plastic-crates.com\/product\/plastic-bread-crate-725\/#primaryimage"},"thumbnailUrl":"https:\/\/www.plastic-crates.com\/wp-content\/uploads\/2025\/07\/plastic-bread-crate-1.jpg","datePublished":"2025-07-28T23:57:13+00:00","dateModified":"2025-07-29T00:05:04+00:00","description":"Plastik ekmek tepsileri, toptan fiyatlarla ticari ekmek tepsileri, OEM ve ODM hizmeti mevcuttur, catering s\u00fcpermarketleri i\u00e7in m\u00fckemmeldir","breadcrumb":{"@id":"https:\/\/www.plastic-crates.com\/product\/plastic-bread-crate-725\/#breadcrumb"},"inLanguage":"tr","potentialAction":[{"@type":"ReadAction","target":["https:\/\/www.plastic-crates.com\/product\/plastic-bread-crate-725\/"]}]},{"@type":"ImageObject","inLanguage":"tr","@id":"https:\/\/www.plastic-crates.com\/product\/plastic-bread-crate-725\/#primaryimage","url":"https:\/\/www.plastic-crates.com\/wp-content\/uploads\/2025\/07\/plastic-bread-crate-1.jpg","contentUrl":"https:\/\/www.plastic-crates.com\/wp-content\/uploads\/2025\/07\/plastic-bread-crate-1.jpg","width":730,"height":730,"caption":"plastic bread crate"},{"@type":"BreadcrumbList","@id":"https:\/\/www.plastic-crates.com\/product\/plastic-bread-crate-725\/#breadcrumb","itemListElement":[{"@type":"ListItem","position":1,"name":"Home","item":"https:\/\/www.plastic-crates.com\/"},{"@type":"ListItem","position":2,"name":"Products","item":"https:\/\/www.plastic-crates.com\/shop\/"},{"@type":"ListItem","position":3,"name":"Plastic bread crate 725"}]},{"@type":"WebSite","@id":"https:\/\/www.plastic-crates.com\/#website","url":"https:\/\/www.plastic-crates.com\/","name":"plastic-crates.com","description":"\u00c7in&#039;in \u00f6nde gelen plastik kasa \u00fcreticisi","potentialAction":[{"@type":"SearchAction","target":{"@type":"EntryPoint","urlTemplate":"https:\/\/www.plastic-crates.com\/?s={search_term_string}"},"query-input":{"@type":"PropertyValueSpecification","valueRequired":true,"valueName":"search_term_string"}}],"inLanguage":"tr"}]}},"_links":{"self":[{"href":"https:\/\/www.plastic-crates.com\/tr\/wp-json\/wp\/v2\/product\/7639","targetHints":{"allow":["GET"]}}],"collection":[{"href":"https:\/\/www.plastic-crates.com\/tr\/wp-json\/wp\/v2\/product"}],"about":[{"href":"https:\/\/www.plastic-crates.com\/tr\/wp-json\/wp\/v2\/types\/product"}],"wp:featuredmedia":[{"embeddable":true,"href":"https:\/\/www.plastic-crates.com\/tr\/wp-json\/wp\/v2\/media\/7640"}],"wp:attachment":[{"href":"https:\/\/www.plastic-crates.com\/tr\/wp-json\/wp\/v2\/media?parent=7639"}],"wp:term":[{"taxonomy":"product_brand","embeddable":true,"href":"https:\/\/www.plastic-crates.com\/tr\/wp-json\/wp\/v2\/product_brand?post=7639"},{"taxonomy":"product_cat","embeddable":true,"href":"https:\/\/www.plastic-crates.com\/tr\/wp-json\/wp\/v2\/product_cat?post=7639"},{"taxonomy":"product_tag","embeddable":true,"href":"https:\/\/www.plastic-crates.com\/tr\/wp-json\/wp\/v2\/product_tag?post=7639"}],"curies":[{"name":"wp","href":"https:\/\/api.w.org\/{rel}","templated":true}]}}