{"id":7647,"date":"2025-08-07T23:56:40","date_gmt":"2025-08-07T23:56:40","guid":{"rendered":"https:\/\/www.plastic-crates.com\/?post_type=product&#038;p=7647"},"modified":"2025-08-08T00:45:32","modified_gmt":"2025-08-08T00:45:32","slug":"buyuk-istiflenebilir-un-kurdu-tepsileri-un-kurdu-ciftciligi-ekipmanlari","status":"publish","type":"product","link":"https:\/\/www.plastic-crates.com\/tr\/urun\/buyuk-istiflenebilir-un-kurdu-tepsileri-un-kurdu-ciftciligi-ekipmanlari\/","title":{"rendered":"B\u00fcy\u00fck istiflenebilir un kurdu tepsileri, un kurdu yeti\u015ftirme ekipmanlar\u0131"},"content":{"rendered":"<div style=\"width: 1170px;\" class=\"wp-video\"><!--[if lt IE 9]><script>document.createElement('video');<\/script><![endif]-->\n<video class=\"wp-video-shortcode\" id=\"video-7647-1\" width=\"1170\" height=\"658\" preload=\"metadata\" controls=\"controls\"><source type=\"video\/mp4\" src=\"https:\/\/www.plastic-crates.com\/wp-content\/uploads\/2025\/08\/big-stackable-mealworm-trays-mealworm-farming-equipment.mp4?_=1\" \/><a href=\"https:\/\/www.plastic-crates.com\/wp-content\/uploads\/2025\/08\/big-stackable-mealworm-trays-mealworm-farming-equipment.mp4\">https:\/\/www.plastic-crates.com\/wp-content\/uploads\/2025\/08\/big-stackable-mealworm-trays-mealworm-farming-equipment.mp4<\/a><\/video><\/div>\n<p><strong>\u0130stiflenebilir un kurdu tepsisi \u00d6zellikleri:<\/strong><\/p>\n<ul>\n<li><strong>Geni\u015f Tasar\u0131m:<\/strong>\u00a0\u00c7e\u015fitli \u00fcreme projeleri i\u00e7in geni\u015f alana sahip tepsilerimiz, b\u00f6ceklerin geli\u015fmesi i\u00e7in optimum alan sa\u011flayarak sa\u011fl\u0131kl\u0131 bir \u00fcreme ortam\u0131 sa\u011flar.<\/li>\n<li><strong>Havaland\u0131rmal\u0131 Yap\u0131:<\/strong>\u00a0Yenilik\u00e7i a\u011f tasar\u0131m\u0131 m\u00fckemmel hava ak\u0131\u015f\u0131n\u0131 te\u015fvik ederek nem olu\u015fumunu azalt\u0131r ve zararl\u0131 bakteri olu\u015fumunu engeller.<\/li>\n<li><strong>\u0130stiflenebilir Kolayl\u0131k:<\/strong>\u00a0\u00dcreme alan\u0131n\u0131zda yerden tasarruf edin ve d\u00fczeni koruyun; kolay ta\u015f\u0131ma ve depolama olana\u011f\u0131 sa\u011flayan istiflenebilir tepsilerimizle.<\/li>\n<li><strong>Kolay Temizlenir:<\/strong>\u00a0P\u00fcr\u00fczs\u00fcz y\u00fczeyi ve dayan\u0131kl\u0131 malzemeleri temizli\u011fi kolayla\u015ft\u0131r\u0131rken b\u00f6cekleriniz i\u00e7in hijyenik bir ya\u015fam alan\u0131 sa\u011flar.<\/li>\n<li><strong>\u00c7ok Y\u00f6nl\u00fc Kullan\u0131m:<\/strong> C\u0131rc\u0131r b\u00f6cekleri, un kurtlar\u0131, kara asker sine\u011fi (BSF), manda solucanlar\u0131, c\u0131rc\u0131r b\u00f6cekleri, sinekler, geko, kertenkele, akrep, tek boynuzlu at, s\u00fcr\u00fcngen yeti\u015ftirmek i\u00e7in m\u00fckemmeldir<\/li>\n<\/ul>\n<p><a href=\"https:\/\/papallet.com\/category\/plastic-spill-pallet\/\" target=\"_blank\" rel=\"noopener\">d\u00f6k\u00fclme paleti<\/a><\/p>","protected":false},"excerpt":{"rendered":"<ul>\n<li>Boyutlar: Birden fazla katman\u0131 bar\u0131nd\u0131racak kadar c\u00f6mert\u00e7e boyutland\u0131r\u0131lm\u0131\u015ft\u0131r<\/li>\n<li>Malzeme: Y\u00fcksek yo\u011funluklu polietilen<\/li>\n<li>Renk: Kolay g\u00f6r\u00fcn\u00fcrl\u00fck i\u00e7in parlak, \u00e7ekici turkuaz veya k\u0131rm\u0131z\u0131<\/li>\n<\/ul>\n<p>&nbsp;<\/p>","protected":false},"featured_media":7649,"template":"","meta":{"_acf_changed":false},"product_brand":[],"product_cat":[144],"product_tag":[],"class_list":{"0":"post-7647","1":"product","2":"type-product","3":"status-publish","4":"has-post-thumbnail","6":"product_cat-plastic-trays-wholesale","8":"first","9":"instock","10":"product-type-simple"},"acf":[],"yoast_head":"<!-- This site is optimized with the Yoast SEO plugin v26.1.1 - https:\/\/yoast.com\/wordpress\/plugins\/seo\/ -->\n<title>Big Stackable mealworm trays, Mealworm farming equipment for sale<\/title>\n<meta name=\"description\" content=\"Stackable mealworm trays, Insect Rearing boxes, OEM &amp; ODM service available, Mealworm farming equipment wholesale! 1100x1100x350cm.\" \/>\n<meta name=\"robots\" content=\"index, follow, max-snippet:-1, max-image-preview:large, max-video-preview:-1\" \/>\n<link rel=\"canonical\" href=\"https:\/\/www.plastic-crates.com\/tr\/urun\/buyuk-istiflenebilir-un-kurdu-tepsileri-un-kurdu-ciftciligi-ekipmanlari\/\" \/>\n<meta property=\"og:locale\" content=\"tr_TR\" \/>\n<meta property=\"og:type\" content=\"article\" \/>\n<meta property=\"og:title\" content=\"stackable folding crate, High Quality stackable folding crate Wholesale\" \/>\n<meta property=\"og:description\" content=\"Stackable mealworm trays, Insect Rearing boxes, OEM &amp; ODM service available, Mealworm farming equipment wholesale! 1100x1100x350cm.\" \/>\n<meta property=\"og:url\" content=\"https:\/\/www.plastic-crates.com\/tr\/urun\/buyuk-istiflenebilir-un-kurdu-tepsileri-un-kurdu-ciftciligi-ekipmanlari\/\" \/>\n<meta property=\"og:site_name\" content=\"plastic-crates.com\" \/>\n<meta property=\"article:modified_time\" content=\"2025-08-08T00:45:32+00:00\" \/>\n<meta property=\"og:image\" content=\"https:\/\/www.plastic-crates.com\/wp-content\/uploads\/2025\/08\/big-stackable-mealworm-trays-mealworm-farming-equipment-2-min.jpg\" \/>\n\t<meta property=\"og:image:width\" content=\"2000\" \/>\n\t<meta property=\"og:image:height\" content=\"2000\" \/>\n\t<meta property=\"og:image:type\" content=\"image\/jpeg\" \/>\n<meta name=\"twitter:card\" content=\"summary_large_image\" \/>\n<meta name=\"twitter:title\" content=\"stackable folding crate, High Quality stackable folding crate Wholesale\" \/>\n<meta name=\"twitter:label1\" content=\"Tahmini okuma s\u00fcresi\" \/>\n\t<meta name=\"twitter:data1\" content=\"1 dakika\" \/>\n<script type=\"application\/ld+json\" class=\"yoast-schema-graph\">{\"@context\":\"https:\/\/schema.org\",\"@graph\":[{\"@type\":\"WebPage\",\"@id\":\"https:\/\/www.plastic-crates.com\/product\/big-stackable-mealworm-trays-mealworm-farming-equipment\/\",\"url\":\"https:\/\/www.plastic-crates.com\/product\/big-stackable-mealworm-trays-mealworm-farming-equipment\/\",\"name\":\"Big Stackable mealworm trays, Mealworm farming equipment for sale\",\"isPartOf\":{\"@id\":\"https:\/\/www.plastic-crates.com\/#website\"},\"primaryImageOfPage\":{\"@id\":\"https:\/\/www.plastic-crates.com\/product\/big-stackable-mealworm-trays-mealworm-farming-equipment\/#primaryimage\"},\"image\":{\"@id\":\"https:\/\/www.plastic-crates.com\/product\/big-stackable-mealworm-trays-mealworm-farming-equipment\/#primaryimage\"},\"thumbnailUrl\":\"https:\/\/www.plastic-crates.com\/wp-content\/uploads\/2025\/08\/big-stackable-mealworm-trays-mealworm-farming-equipment-2-min.jpg\",\"datePublished\":\"2025-08-07T23:56:40+00:00\",\"dateModified\":\"2025-08-08T00:45:32+00:00\",\"description\":\"Stackable mealworm trays, Insect Rearing boxes, OEM & ODM service available, Mealworm farming equipment wholesale! 1100x1100x350cm.\",\"breadcrumb\":{\"@id\":\"https:\/\/www.plastic-crates.com\/product\/big-stackable-mealworm-trays-mealworm-farming-equipment\/#breadcrumb\"},\"inLanguage\":\"tr\",\"potentialAction\":[{\"@type\":\"ReadAction\",\"target\":[\"https:\/\/www.plastic-crates.com\/product\/big-stackable-mealworm-trays-mealworm-farming-equipment\/\"]}]},{\"@type\":\"ImageObject\",\"inLanguage\":\"tr\",\"@id\":\"https:\/\/www.plastic-crates.com\/product\/big-stackable-mealworm-trays-mealworm-farming-equipment\/#primaryimage\",\"url\":\"https:\/\/www.plastic-crates.com\/wp-content\/uploads\/2025\/08\/big-stackable-mealworm-trays-mealworm-farming-equipment-2-min.jpg\",\"contentUrl\":\"https:\/\/www.plastic-crates.com\/wp-content\/uploads\/2025\/08\/big-stackable-mealworm-trays-mealworm-farming-equipment-2-min.jpg\",\"width\":2000,\"height\":2000,\"caption\":\"Big Stackable mealworm trays\"},{\"@type\":\"BreadcrumbList\",\"@id\":\"https:\/\/www.plastic-crates.com\/product\/big-stackable-mealworm-trays-mealworm-farming-equipment\/#breadcrumb\",\"itemListElement\":[{\"@type\":\"ListItem\",\"position\":1,\"name\":\"Home\",\"item\":\"https:\/\/www.plastic-crates.com\/\"},{\"@type\":\"ListItem\",\"position\":2,\"name\":\"Products\",\"item\":\"https:\/\/www.plastic-crates.com\/shop\/\"},{\"@type\":\"ListItem\",\"position\":3,\"name\":\"Big Stackable mealworm trays, Mealworm farming equipment\"}]},{\"@type\":\"WebSite\",\"@id\":\"https:\/\/www.plastic-crates.com\/#website\",\"url\":\"https:\/\/www.plastic-crates.com\/\",\"name\":\"plastic-crates.com\",\"description\":\"Leading plastic crates manufacturer in China\",\"potentialAction\":[{\"@type\":\"SearchAction\",\"target\":{\"@type\":\"EntryPoint\",\"urlTemplate\":\"https:\/\/www.plastic-crates.com\/?s={search_term_string}\"},\"query-input\":{\"@type\":\"PropertyValueSpecification\",\"valueRequired\":true,\"valueName\":\"search_term_string\"}}],\"inLanguage\":\"tr\"}]}<\/script>\n<!-- \/ Yoast SEO plugin. -->","yoast_head_json":{"title":"B\u00fcy\u00fck istiflenebilir un kurdu tepsileri, sat\u0131l\u0131k un kurdu yeti\u015ftirme ekipmanlar\u0131","description":"\u0130stiflenebilir un kurdu tepsileri, B\u00f6cek Yeti\u015ftirme kutular\u0131, OEM ve ODM hizmeti mevcuttur, Un kurdu yeti\u015ftirme ekipmanlar\u0131 toptan! 1100x1100x350cm.","robots":{"index":"index","follow":"follow","max-snippet":"max-snippet:-1","max-image-preview":"max-image-preview:large","max-video-preview":"max-video-preview:-1"},"canonical":"https:\/\/www.plastic-crates.com\/tr\/urun\/buyuk-istiflenebilir-un-kurdu-tepsileri-un-kurdu-ciftciligi-ekipmanlari\/","og_locale":"tr_TR","og_type":"article","og_title":"stackable folding crate, High Quality stackable folding crate Wholesale","og_description":"Stackable mealworm trays, Insect Rearing boxes, OEM & ODM service available, Mealworm farming equipment wholesale! 1100x1100x350cm.","og_url":"https:\/\/www.plastic-crates.com\/tr\/urun\/buyuk-istiflenebilir-un-kurdu-tepsileri-un-kurdu-ciftciligi-ekipmanlari\/","og_site_name":"plastic-crates.com","article_modified_time":"2025-08-08T00:45:32+00:00","og_image":[{"width":2000,"height":2000,"url":"https:\/\/www.plastic-crates.com\/wp-content\/uploads\/2025\/08\/big-stackable-mealworm-trays-mealworm-farming-equipment-2-min.jpg","type":"image\/jpeg"}],"twitter_card":"summary_large_image","twitter_title":"stackable folding crate, High Quality stackable folding crate Wholesale","twitter_misc":{"Tahmini okuma s\u00fcresi":"1 dakika"},"schema":{"@context":"https:\/\/schema.org","@graph":[{"@type":"WebPage","@id":"https:\/\/www.plastic-crates.com\/product\/big-stackable-mealworm-trays-mealworm-farming-equipment\/","url":"https:\/\/www.plastic-crates.com\/product\/big-stackable-mealworm-trays-mealworm-farming-equipment\/","name":"B\u00fcy\u00fck istiflenebilir un kurdu tepsileri, sat\u0131l\u0131k un kurdu yeti\u015ftirme ekipmanlar\u0131","isPartOf":{"@id":"https:\/\/www.plastic-crates.com\/#website"},"primaryImageOfPage":{"@id":"https:\/\/www.plastic-crates.com\/product\/big-stackable-mealworm-trays-mealworm-farming-equipment\/#primaryimage"},"image":{"@id":"https:\/\/www.plastic-crates.com\/product\/big-stackable-mealworm-trays-mealworm-farming-equipment\/#primaryimage"},"thumbnailUrl":"https:\/\/www.plastic-crates.com\/wp-content\/uploads\/2025\/08\/big-stackable-mealworm-trays-mealworm-farming-equipment-2-min.jpg","datePublished":"2025-08-07T23:56:40+00:00","dateModified":"2025-08-08T00:45:32+00:00","description":"\u0130stiflenebilir un kurdu tepsileri, B\u00f6cek Yeti\u015ftirme kutular\u0131, OEM ve ODM hizmeti mevcuttur, Un kurdu yeti\u015ftirme ekipmanlar\u0131 toptan! 1100x1100x350cm.","breadcrumb":{"@id":"https:\/\/www.plastic-crates.com\/product\/big-stackable-mealworm-trays-mealworm-farming-equipment\/#breadcrumb"},"inLanguage":"tr","potentialAction":[{"@type":"ReadAction","target":["https:\/\/www.plastic-crates.com\/product\/big-stackable-mealworm-trays-mealworm-farming-equipment\/"]}]},{"@type":"ImageObject","inLanguage":"tr","@id":"https:\/\/www.plastic-crates.com\/product\/big-stackable-mealworm-trays-mealworm-farming-equipment\/#primaryimage","url":"https:\/\/www.plastic-crates.com\/wp-content\/uploads\/2025\/08\/big-stackable-mealworm-trays-mealworm-farming-equipment-2-min.jpg","contentUrl":"https:\/\/www.plastic-crates.com\/wp-content\/uploads\/2025\/08\/big-stackable-mealworm-trays-mealworm-farming-equipment-2-min.jpg","width":2000,"height":2000,"caption":"Big Stackable mealworm trays"},{"@type":"BreadcrumbList","@id":"https:\/\/www.plastic-crates.com\/product\/big-stackable-mealworm-trays-mealworm-farming-equipment\/#breadcrumb","itemListElement":[{"@type":"ListItem","position":1,"name":"Home","item":"https:\/\/www.plastic-crates.com\/"},{"@type":"ListItem","position":2,"name":"Products","item":"https:\/\/www.plastic-crates.com\/shop\/"},{"@type":"ListItem","position":3,"name":"Big Stackable mealworm trays, Mealworm farming equipment"}]},{"@type":"WebSite","@id":"https:\/\/www.plastic-crates.com\/#website","url":"https:\/\/www.plastic-crates.com\/","name":"plastic-crates.com","description":"\u00c7in&#039;in \u00f6nde gelen plastik kasa \u00fcreticisi","potentialAction":[{"@type":"SearchAction","target":{"@type":"EntryPoint","urlTemplate":"https:\/\/www.plastic-crates.com\/?s={search_term_string}"},"query-input":{"@type":"PropertyValueSpecification","valueRequired":true,"valueName":"search_term_string"}}],"inLanguage":"tr"}]}},"_links":{"self":[{"href":"https:\/\/www.plastic-crates.com\/tr\/wp-json\/wp\/v2\/product\/7647","targetHints":{"allow":["GET"]}}],"collection":[{"href":"https:\/\/www.plastic-crates.com\/tr\/wp-json\/wp\/v2\/product"}],"about":[{"href":"https:\/\/www.plastic-crates.com\/tr\/wp-json\/wp\/v2\/types\/product"}],"wp:featuredmedia":[{"embeddable":true,"href":"https:\/\/www.plastic-crates.com\/tr\/wp-json\/wp\/v2\/media\/7649"}],"wp:attachment":[{"href":"https:\/\/www.plastic-crates.com\/tr\/wp-json\/wp\/v2\/media?parent=7647"}],"wp:term":[{"taxonomy":"product_brand","embeddable":true,"href":"https:\/\/www.plastic-crates.com\/tr\/wp-json\/wp\/v2\/product_brand?post=7647"},{"taxonomy":"product_cat","embeddable":true,"href":"https:\/\/www.plastic-crates.com\/tr\/wp-json\/wp\/v2\/product_cat?post=7647"},{"taxonomy":"product_tag","embeddable":true,"href":"https:\/\/www.plastic-crates.com\/tr\/wp-json\/wp\/v2\/product_tag?post=7647"}],"curies":[{"name":"wp","href":"https:\/\/api.w.org\/{rel}","templated":true}]}}