{"id":7697,"date":"2025-09-12T22:44:57","date_gmt":"2025-09-12T22:44:57","guid":{"rendered":"https:\/\/www.plastic-crates.com\/product\/plastic-soda-crates\/"},"modified":"2025-09-12T22:50:59","modified_gmt":"2025-09-12T22:50:59","slug":"plastik-soda-kasalari","status":"publish","type":"product","link":"https:\/\/www.plastic-crates.com\/tr\/urun\/plastik-soda-kasalari\/","title":{"rendered":"Plastik soda kasalar\u0131"},"content":{"rendered":"<p>Plastik Soda Kasalar\u0131 \u2013 Me\u015frubatlar i\u00e7in Dayan\u0131kl\u0131 Depolama ve Ta\u015f\u0131ma<br \/>\nPlastik soda kasalar\u0131m\u0131z, me\u015frubat lojisti\u011fi i\u00e7in g\u00fcvenilir ve tekrar kullan\u0131labilir \u00e7\u00f6z\u00fcmlere ihtiya\u00e7 duyan i\u00e7ecek \u015fi\u015feleyicileri, da\u011f\u0131t\u0131mc\u0131lar ve toptanc\u0131lar i\u00e7in \u00f6zel olarak \u00fcretilmi\u015ftir. Dayan\u0131kl\u0131, g\u0131da s\u0131n\u0131f\u0131 plastikten \u00fcretilen bu kasalar, \u015fi\u015feleri g\u00fcvenli, d\u00fczenli tutar ve tedarik zincirinin her a\u015famas\u0131nda kolayca ta\u015f\u0131nmas\u0131n\u0131 sa\u011flar.<\/p>\n<p><a href=\"https:\/\/www.plastic-crates.com\/tr\/urun-kategori\/kapakli-cantalar\/\" target=\"_blank\" rel=\"noopener\">kapakl\u0131 b\u00fcy\u00fck saklama kaplar\u0131<\/a><\/p>","protected":false},"excerpt":{"rendered":"<p>Plastic Soda Crates \u2013 Durable Storage and Transport for Soft Drinks Our plastic soda crates are purpose-built for beverage bottlers,&hellip;<\/p>","protected":false},"featured_media":7690,"template":"","meta":{"_acf_changed":false},"product_brand":[],"product_cat":[15],"product_tag":[153],"class_list":{"0":"post-7697","1":"product","2":"type-product","3":"status-publish","4":"has-post-thumbnail","6":"product_cat-stackable-containers","7":"product_tag-bottle-crate","9":"first","10":"instock","11":"shipping-taxable","12":"product-type-simple"},"acf":[],"yoast_head":"<!-- This site is optimized with the Yoast SEO plugin v26.1.1 - https:\/\/yoast.com\/wordpress\/plugins\/seo\/ -->\n<title>Plastic soda crates, plastic soda bottle crates Wholesale - plastic-crates.com<\/title>\n<meta name=\"description\" content=\"Heavy-duty plastic soda crates. Stackable, food-grade, and reusable\u2014ideal for soft drink manufacturers, wholesalers, and commercial transport.\" \/>\n<meta name=\"robots\" content=\"index, follow, max-snippet:-1, max-image-preview:large, max-video-preview:-1\" \/>\n<link rel=\"canonical\" href=\"https:\/\/www.plastic-crates.com\/tr\/urun\/plastik-soda-kasalari\/\" \/>\n<meta property=\"og:locale\" content=\"tr_TR\" \/>\n<meta property=\"og:type\" content=\"article\" \/>\n<meta property=\"og:title\" content=\"Plastic soda crates, plastic soda bottle crates Wholesale - plastic-crates.com\" \/>\n<meta property=\"og:description\" content=\"Heavy-duty plastic soda crates. Stackable, food-grade, and reusable\u2014ideal for soft drink manufacturers, wholesalers, and commercial transport.\" \/>\n<meta property=\"og:url\" content=\"https:\/\/www.plastic-crates.com\/tr\/urun\/plastik-soda-kasalari\/\" \/>\n<meta property=\"og:site_name\" content=\"plastic-crates.com\" \/>\n<meta property=\"article:modified_time\" content=\"2025-09-12T22:50:59+00:00\" \/>\n<meta property=\"og:image\" content=\"https:\/\/www.plastic-crates.com\/wp-content\/uploads\/2025\/09\/plastic-soda-crates-1.jpg\" \/>\n\t<meta property=\"og:image:width\" content=\"2000\" \/>\n\t<meta property=\"og:image:height\" content=\"2000\" \/>\n\t<meta property=\"og:image:type\" content=\"image\/jpeg\" \/>\n<meta name=\"twitter:card\" content=\"summary_large_image\" \/>\n<meta name=\"twitter:label1\" content=\"Tahmini okuma s\u00fcresi\" \/>\n\t<meta name=\"twitter:data1\" content=\"1 dakika\" \/>\n<script type=\"application\/ld+json\" class=\"yoast-schema-graph\">{\"@context\":\"https:\/\/schema.org\",\"@graph\":[{\"@type\":\"WebPage\",\"@id\":\"https:\/\/www.plastic-crates.com\/product\/plastic-soda-crates\/\",\"url\":\"https:\/\/www.plastic-crates.com\/product\/plastic-soda-crates\/\",\"name\":\"Plastic soda crates, plastic soda bottle crates Wholesale - plastic-crates.com\",\"isPartOf\":{\"@id\":\"https:\/\/www.plastic-crates.com\/#website\"},\"primaryImageOfPage\":{\"@id\":\"https:\/\/www.plastic-crates.com\/product\/plastic-soda-crates\/#primaryimage\"},\"image\":{\"@id\":\"https:\/\/www.plastic-crates.com\/product\/plastic-soda-crates\/#primaryimage\"},\"thumbnailUrl\":\"https:\/\/www.plastic-crates.com\/wp-content\/uploads\/2025\/09\/plastic-soda-crates-1.jpg\",\"datePublished\":\"2025-09-12T22:44:57+00:00\",\"dateModified\":\"2025-09-12T22:50:59+00:00\",\"description\":\"Heavy-duty plastic soda crates. Stackable, food-grade, and reusable\u2014ideal for soft drink manufacturers, wholesalers, and commercial transport.\",\"breadcrumb\":{\"@id\":\"https:\/\/www.plastic-crates.com\/product\/plastic-soda-crates\/#breadcrumb\"},\"inLanguage\":\"tr\",\"potentialAction\":[{\"@type\":\"ReadAction\",\"target\":[\"https:\/\/www.plastic-crates.com\/product\/plastic-soda-crates\/\"]}]},{\"@type\":\"ImageObject\",\"inLanguage\":\"tr\",\"@id\":\"https:\/\/www.plastic-crates.com\/product\/plastic-soda-crates\/#primaryimage\",\"url\":\"https:\/\/www.plastic-crates.com\/wp-content\/uploads\/2025\/09\/plastic-soda-crates-1.jpg\",\"contentUrl\":\"https:\/\/www.plastic-crates.com\/wp-content\/uploads\/2025\/09\/plastic-soda-crates-1.jpg\",\"width\":2000,\"height\":2000,\"caption\":\"Plastic soda crates\"},{\"@type\":\"BreadcrumbList\",\"@id\":\"https:\/\/www.plastic-crates.com\/product\/plastic-soda-crates\/#breadcrumb\",\"itemListElement\":[{\"@type\":\"ListItem\",\"position\":1,\"name\":\"Home\",\"item\":\"https:\/\/www.plastic-crates.com\/\"},{\"@type\":\"ListItem\",\"position\":2,\"name\":\"Products\",\"item\":\"https:\/\/www.plastic-crates.com\/shop\/\"},{\"@type\":\"ListItem\",\"position\":3,\"name\":\"Plastic soda crates\"}]},{\"@type\":\"WebSite\",\"@id\":\"https:\/\/www.plastic-crates.com\/#website\",\"url\":\"https:\/\/www.plastic-crates.com\/\",\"name\":\"plastic-crates.com\",\"description\":\"Leading plastic crates manufacturer in China\",\"potentialAction\":[{\"@type\":\"SearchAction\",\"target\":{\"@type\":\"EntryPoint\",\"urlTemplate\":\"https:\/\/www.plastic-crates.com\/?s={search_term_string}\"},\"query-input\":{\"@type\":\"PropertyValueSpecification\",\"valueRequired\":true,\"valueName\":\"search_term_string\"}}],\"inLanguage\":\"tr\"}]}<\/script>\n<!-- \/ Yoast SEO plugin. -->","yoast_head_json":{"title":"Plastik soda kasalar\u0131, plastik soda \u015fi\u015fesi kasalar\u0131 Toptan - plastic-crates.com","description":"Dayan\u0131kl\u0131 plastik soda kasalar\u0131. \u0130stiflenebilir, g\u0131da s\u0131n\u0131f\u0131 ve tekrar kullan\u0131labilir; me\u015frubat \u00fcreticileri, toptanc\u0131lar ve ticari ta\u015f\u0131mac\u0131l\u0131k i\u00e7in idealdir.","robots":{"index":"index","follow":"follow","max-snippet":"max-snippet:-1","max-image-preview":"max-image-preview:large","max-video-preview":"max-video-preview:-1"},"canonical":"https:\/\/www.plastic-crates.com\/tr\/urun\/plastik-soda-kasalari\/","og_locale":"tr_TR","og_type":"article","og_title":"Plastic soda crates, plastic soda bottle crates Wholesale - plastic-crates.com","og_description":"Heavy-duty plastic soda crates. Stackable, food-grade, and reusable\u2014ideal for soft drink manufacturers, wholesalers, and commercial transport.","og_url":"https:\/\/www.plastic-crates.com\/tr\/urun\/plastik-soda-kasalari\/","og_site_name":"plastic-crates.com","article_modified_time":"2025-09-12T22:50:59+00:00","og_image":[{"width":2000,"height":2000,"url":"https:\/\/www.plastic-crates.com\/wp-content\/uploads\/2025\/09\/plastic-soda-crates-1.jpg","type":"image\/jpeg"}],"twitter_card":"summary_large_image","twitter_misc":{"Tahmini okuma s\u00fcresi":"1 dakika"},"schema":{"@context":"https:\/\/schema.org","@graph":[{"@type":"WebPage","@id":"https:\/\/www.plastic-crates.com\/product\/plastic-soda-crates\/","url":"https:\/\/www.plastic-crates.com\/product\/plastic-soda-crates\/","name":"Plastik soda kasalar\u0131, plastik soda \u015fi\u015fesi kasalar\u0131 Toptan - plastic-crates.com","isPartOf":{"@id":"https:\/\/www.plastic-crates.com\/#website"},"primaryImageOfPage":{"@id":"https:\/\/www.plastic-crates.com\/product\/plastic-soda-crates\/#primaryimage"},"image":{"@id":"https:\/\/www.plastic-crates.com\/product\/plastic-soda-crates\/#primaryimage"},"thumbnailUrl":"https:\/\/www.plastic-crates.com\/wp-content\/uploads\/2025\/09\/plastic-soda-crates-1.jpg","datePublished":"2025-09-12T22:44:57+00:00","dateModified":"2025-09-12T22:50:59+00:00","description":"Dayan\u0131kl\u0131 plastik soda kasalar\u0131. \u0130stiflenebilir, g\u0131da s\u0131n\u0131f\u0131 ve tekrar kullan\u0131labilir; me\u015frubat \u00fcreticileri, toptanc\u0131lar ve ticari ta\u015f\u0131mac\u0131l\u0131k i\u00e7in idealdir.","breadcrumb":{"@id":"https:\/\/www.plastic-crates.com\/product\/plastic-soda-crates\/#breadcrumb"},"inLanguage":"tr","potentialAction":[{"@type":"ReadAction","target":["https:\/\/www.plastic-crates.com\/product\/plastic-soda-crates\/"]}]},{"@type":"ImageObject","inLanguage":"tr","@id":"https:\/\/www.plastic-crates.com\/product\/plastic-soda-crates\/#primaryimage","url":"https:\/\/www.plastic-crates.com\/wp-content\/uploads\/2025\/09\/plastic-soda-crates-1.jpg","contentUrl":"https:\/\/www.plastic-crates.com\/wp-content\/uploads\/2025\/09\/plastic-soda-crates-1.jpg","width":2000,"height":2000,"caption":"Plastic soda crates"},{"@type":"BreadcrumbList","@id":"https:\/\/www.plastic-crates.com\/product\/plastic-soda-crates\/#breadcrumb","itemListElement":[{"@type":"ListItem","position":1,"name":"Home","item":"https:\/\/www.plastic-crates.com\/"},{"@type":"ListItem","position":2,"name":"Products","item":"https:\/\/www.plastic-crates.com\/shop\/"},{"@type":"ListItem","position":3,"name":"Plastic soda crates"}]},{"@type":"WebSite","@id":"https:\/\/www.plastic-crates.com\/#website","url":"https:\/\/www.plastic-crates.com\/","name":"plastic-crates.com","description":"\u00c7in&#039;in \u00f6nde gelen plastik kasa \u00fcreticisi","potentialAction":[{"@type":"SearchAction","target":{"@type":"EntryPoint","urlTemplate":"https:\/\/www.plastic-crates.com\/?s={search_term_string}"},"query-input":{"@type":"PropertyValueSpecification","valueRequired":true,"valueName":"search_term_string"}}],"inLanguage":"tr"}]}},"_links":{"self":[{"href":"https:\/\/www.plastic-crates.com\/tr\/wp-json\/wp\/v2\/product\/7697","targetHints":{"allow":["GET"]}}],"collection":[{"href":"https:\/\/www.plastic-crates.com\/tr\/wp-json\/wp\/v2\/product"}],"about":[{"href":"https:\/\/www.plastic-crates.com\/tr\/wp-json\/wp\/v2\/types\/product"}],"wp:featuredmedia":[{"embeddable":true,"href":"https:\/\/www.plastic-crates.com\/tr\/wp-json\/wp\/v2\/media\/7690"}],"wp:attachment":[{"href":"https:\/\/www.plastic-crates.com\/tr\/wp-json\/wp\/v2\/media?parent=7697"}],"wp:term":[{"taxonomy":"product_brand","embeddable":true,"href":"https:\/\/www.plastic-crates.com\/tr\/wp-json\/wp\/v2\/product_brand?post=7697"},{"taxonomy":"product_cat","embeddable":true,"href":"https:\/\/www.plastic-crates.com\/tr\/wp-json\/wp\/v2\/product_cat?post=7697"},{"taxonomy":"product_tag","embeddable":true,"href":"https:\/\/www.plastic-crates.com\/tr\/wp-json\/wp\/v2\/product_tag?post=7697"}],"curies":[{"name":"wp","href":"https:\/\/api.w.org\/{rel}","templated":true}]}}