{"id":7712,"date":"2025-09-12T23:01:17","date_gmt":"2025-09-12T23:01:17","guid":{"rendered":"https:\/\/www.plastic-crates.com\/product\/6-bottle-crate-plastic-glass-bottle-crates-wholesale\/"},"modified":"2025-09-12T23:17:44","modified_gmt":"2025-09-12T23:17:44","slug":"6-siselik-plastik-cam-sise-kasalari-toptan-satis","status":"publish","type":"product","link":"https:\/\/www.plastic-crates.com\/tr\/urun\/6-siselik-plastik-cam-sise-kasalari-toptan-satis\/","title":{"rendered":"6 \u015fi\u015felik kasa, toptan plastik cam \u015fi\u015fe kasalar\u0131"},"content":{"rendered":"<p>Bizim <strong>6 \u015fi\u015felik kasalar<\/strong> G\u00fcvenilir toplu ambalaja ihtiya\u00e7 duyan bira fabrikalar\u0131, soda \u00fcreticileri ve i\u00e7ecek da\u011f\u0131t\u0131mc\u0131lar\u0131 i\u00e7in m\u00fckemmel bir se\u00e7imdir. Dayan\u0131kl\u0131, g\u0131da s\u0131n\u0131f\u0131 plastikten \u00fcretilen bu kasalar, cam \u015fi\u015feleri g\u00fcvenle tutarken, ta\u015f\u0131ma ve tekrar tekrar kullan\u0131m zorluklar\u0131na da dayan\u0131kl\u0131d\u0131r.<\/p>\n<p>\u0130deal \u0130\u00e7in<br \/>\nB\u00fcy\u00fck \u00f6l\u00e7ekli tedarik zincirleri i\u00e7in uygun maliyetli plastik cam \u015fi\u015fe kasalar\u0131 arayan i\u00e7ecek \u015fi\u015feleyicileri, bira fabrikalar\u0131, me\u015frubat \u015firketleri ve toptanc\u0131lar. Bu 6 \u015fi\u015felik kasalar g\u00fcvenli ta\u015f\u0131ma sa\u011flar, k\u0131r\u0131lmay\u0131 azalt\u0131r ve B2B da\u011f\u0131t\u0131m\u0131n\u0131 kolayla\u015ft\u0131r\u0131r.<\/p>\n<p><a href=\"https:\/\/www.plastic-crates.com\/tr\/urun-kategori\/katlanabilir-kutu\/\" target=\"_blank\" rel=\"noopener\">plastik katlanabilir saklama kutular\u0131<\/a>, <a href=\"https:\/\/www.palletssupplier.com\/plastic-pallets\/\" target=\"_blank\" rel=\"noopener\">plastik palet \u00fcreticisi<\/a><\/p>","protected":false},"excerpt":{"rendered":"<p>6 \u015fi\u015felik kasalar\u0131m\u0131z, g\u00fcvenilir toplu ambalaja ihtiya\u00e7 duyan bira fabrikalar\u0131, soda \u00fcreticileri ve i\u00e7ecek da\u011f\u0131t\u0131mc\u0131lar\u0131 i\u00e7in m\u00fckemmel bir se\u00e7imdir.<\/p>","protected":false},"featured_media":7706,"template":"","meta":{"_acf_changed":false},"product_brand":[],"product_cat":[15],"product_tag":[153,149],"class_list":{"0":"post-7712","1":"product","2":"type-product","3":"status-publish","4":"has-post-thumbnail","6":"product_cat-stackable-containers","7":"product_tag-bottle-crate","8":"product_tag-plastic-milk-crates","10":"first","11":"instock","12":"shipping-taxable","13":"product-type-simple"},"acf":[],"yoast_head":"<!-- This site is optimized with the Yoast SEO plugin v26.1.1 - https:\/\/yoast.com\/wordpress\/plugins\/seo\/ -->\n<title>6 bottle crate, plastic glass bottle crates wholesale - plastic-crates.com<\/title>\n<meta name=\"description\" content=\"Wholesale 6-bottle plastic glass bottle crates for secure beverage transport. Stackable, food-grade, and reusable\u2014ideal for breweries, soda makers, and bulk distribution.\" \/>\n<meta name=\"robots\" content=\"index, follow, max-snippet:-1, max-image-preview:large, max-video-preview:-1\" \/>\n<link rel=\"canonical\" href=\"https:\/\/www.plastic-crates.com\/tr\/urun\/6-siselik-plastik-cam-sise-kasalari-toptan-satis\/\" \/>\n<meta property=\"og:locale\" content=\"tr_TR\" \/>\n<meta property=\"og:type\" content=\"article\" \/>\n<meta property=\"og:title\" content=\"6 bottle crate, plastic glass bottle crates wholesale - plastic-crates.com\" \/>\n<meta property=\"og:description\" content=\"Wholesale 6-bottle plastic glass bottle crates for secure beverage transport. Stackable, food-grade, and reusable\u2014ideal for breweries, soda makers, and bulk distribution.\" \/>\n<meta property=\"og:url\" content=\"https:\/\/www.plastic-crates.com\/tr\/urun\/6-siselik-plastik-cam-sise-kasalari-toptan-satis\/\" \/>\n<meta property=\"og:site_name\" content=\"plastic-crates.com\" \/>\n<meta property=\"article:modified_time\" content=\"2025-09-12T23:17:44+00:00\" \/>\n<meta property=\"og:image\" content=\"https:\/\/www.plastic-crates.com\/wp-content\/uploads\/2025\/09\/plastic-6-bottle-crates-1.jpg\" \/>\n\t<meta property=\"og:image:width\" content=\"2000\" \/>\n\t<meta property=\"og:image:height\" content=\"2000\" \/>\n\t<meta property=\"og:image:type\" content=\"image\/jpeg\" \/>\n<meta name=\"twitter:card\" content=\"summary_large_image\" \/>\n<meta name=\"twitter:label1\" content=\"Tahmini okuma s\u00fcresi\" \/>\n\t<meta name=\"twitter:data1\" content=\"1 dakika\" \/>\n<script type=\"application\/ld+json\" class=\"yoast-schema-graph\">{\"@context\":\"https:\/\/schema.org\",\"@graph\":[{\"@type\":\"WebPage\",\"@id\":\"https:\/\/www.plastic-crates.com\/product\/6-bottle-crate-plastic-glass-bottle-crates-wholesale\/\",\"url\":\"https:\/\/www.plastic-crates.com\/product\/6-bottle-crate-plastic-glass-bottle-crates-wholesale\/\",\"name\":\"6 bottle crate, plastic glass bottle crates wholesale - plastic-crates.com\",\"isPartOf\":{\"@id\":\"https:\/\/www.plastic-crates.com\/#website\"},\"primaryImageOfPage\":{\"@id\":\"https:\/\/www.plastic-crates.com\/product\/6-bottle-crate-plastic-glass-bottle-crates-wholesale\/#primaryimage\"},\"image\":{\"@id\":\"https:\/\/www.plastic-crates.com\/product\/6-bottle-crate-plastic-glass-bottle-crates-wholesale\/#primaryimage\"},\"thumbnailUrl\":\"https:\/\/www.plastic-crates.com\/wp-content\/uploads\/2025\/09\/plastic-6-bottle-crates-1.jpg\",\"datePublished\":\"2025-09-12T23:01:17+00:00\",\"dateModified\":\"2025-09-12T23:17:44+00:00\",\"description\":\"Wholesale 6-bottle plastic glass bottle crates for secure beverage transport. Stackable, food-grade, and reusable\u2014ideal for breweries, soda makers, and bulk distribution.\",\"breadcrumb\":{\"@id\":\"https:\/\/www.plastic-crates.com\/product\/6-bottle-crate-plastic-glass-bottle-crates-wholesale\/#breadcrumb\"},\"inLanguage\":\"tr\",\"potentialAction\":[{\"@type\":\"ReadAction\",\"target\":[\"https:\/\/www.plastic-crates.com\/product\/6-bottle-crate-plastic-glass-bottle-crates-wholesale\/\"]}]},{\"@type\":\"ImageObject\",\"inLanguage\":\"tr\",\"@id\":\"https:\/\/www.plastic-crates.com\/product\/6-bottle-crate-plastic-glass-bottle-crates-wholesale\/#primaryimage\",\"url\":\"https:\/\/www.plastic-crates.com\/wp-content\/uploads\/2025\/09\/plastic-6-bottle-crates-1.jpg\",\"contentUrl\":\"https:\/\/www.plastic-crates.com\/wp-content\/uploads\/2025\/09\/plastic-6-bottle-crates-1.jpg\",\"width\":2000,\"height\":2000,\"caption\":\"Plastic 6 bottle crate\"},{\"@type\":\"BreadcrumbList\",\"@id\":\"https:\/\/www.plastic-crates.com\/product\/6-bottle-crate-plastic-glass-bottle-crates-wholesale\/#breadcrumb\",\"itemListElement\":[{\"@type\":\"ListItem\",\"position\":1,\"name\":\"Home\",\"item\":\"https:\/\/www.plastic-crates.com\/\"},{\"@type\":\"ListItem\",\"position\":2,\"name\":\"Products\",\"item\":\"https:\/\/www.plastic-crates.com\/shop\/\"},{\"@type\":\"ListItem\",\"position\":3,\"name\":\"6 bottle crate, plastic glass bottle crates wholesale\"}]},{\"@type\":\"WebSite\",\"@id\":\"https:\/\/www.plastic-crates.com\/#website\",\"url\":\"https:\/\/www.plastic-crates.com\/\",\"name\":\"plastic-crates.com\",\"description\":\"Leading plastic crates manufacturer in China\",\"potentialAction\":[{\"@type\":\"SearchAction\",\"target\":{\"@type\":\"EntryPoint\",\"urlTemplate\":\"https:\/\/www.plastic-crates.com\/?s={search_term_string}\"},\"query-input\":{\"@type\":\"PropertyValueSpecification\",\"valueRequired\":true,\"valueName\":\"search_term_string\"}}],\"inLanguage\":\"tr\"}]}<\/script>\n<!-- \/ Yoast SEO plugin. -->","yoast_head_json":{"title":"6 \u015fi\u015felik kasa, plastik cam \u015fi\u015fe kasalar\u0131 toptan - plastic-crates.com","description":"G\u00fcvenli i\u00e7ecek ta\u015f\u0131mac\u0131l\u0131\u011f\u0131 i\u00e7in toptan 6 \u015fi\u015felik plastik cam \u015fi\u015fe kasalar\u0131. \u0130stiflenebilir, g\u0131daya uygun ve yeniden kullan\u0131labilir; bira fabrikalar\u0131, soda \u00fcreticileri ve toplu da\u011f\u0131t\u0131m i\u00e7in idealdir.","robots":{"index":"index","follow":"follow","max-snippet":"max-snippet:-1","max-image-preview":"max-image-preview:large","max-video-preview":"max-video-preview:-1"},"canonical":"https:\/\/www.plastic-crates.com\/tr\/urun\/6-siselik-plastik-cam-sise-kasalari-toptan-satis\/","og_locale":"tr_TR","og_type":"article","og_title":"6 bottle crate, plastic glass bottle crates wholesale - plastic-crates.com","og_description":"Wholesale 6-bottle plastic glass bottle crates for secure beverage transport. Stackable, food-grade, and reusable\u2014ideal for breweries, soda makers, and bulk distribution.","og_url":"https:\/\/www.plastic-crates.com\/tr\/urun\/6-siselik-plastik-cam-sise-kasalari-toptan-satis\/","og_site_name":"plastic-crates.com","article_modified_time":"2025-09-12T23:17:44+00:00","og_image":[{"width":2000,"height":2000,"url":"https:\/\/www.plastic-crates.com\/wp-content\/uploads\/2025\/09\/plastic-6-bottle-crates-1.jpg","type":"image\/jpeg"}],"twitter_card":"summary_large_image","twitter_misc":{"Tahmini okuma s\u00fcresi":"1 dakika"},"schema":{"@context":"https:\/\/schema.org","@graph":[{"@type":"WebPage","@id":"https:\/\/www.plastic-crates.com\/product\/6-bottle-crate-plastic-glass-bottle-crates-wholesale\/","url":"https:\/\/www.plastic-crates.com\/product\/6-bottle-crate-plastic-glass-bottle-crates-wholesale\/","name":"6 \u015fi\u015felik kasa, plastik cam \u015fi\u015fe kasalar\u0131 toptan - plastic-crates.com","isPartOf":{"@id":"https:\/\/www.plastic-crates.com\/#website"},"primaryImageOfPage":{"@id":"https:\/\/www.plastic-crates.com\/product\/6-bottle-crate-plastic-glass-bottle-crates-wholesale\/#primaryimage"},"image":{"@id":"https:\/\/www.plastic-crates.com\/product\/6-bottle-crate-plastic-glass-bottle-crates-wholesale\/#primaryimage"},"thumbnailUrl":"https:\/\/www.plastic-crates.com\/wp-content\/uploads\/2025\/09\/plastic-6-bottle-crates-1.jpg","datePublished":"2025-09-12T23:01:17+00:00","dateModified":"2025-09-12T23:17:44+00:00","description":"G\u00fcvenli i\u00e7ecek ta\u015f\u0131mac\u0131l\u0131\u011f\u0131 i\u00e7in toptan 6 \u015fi\u015felik plastik cam \u015fi\u015fe kasalar\u0131. \u0130stiflenebilir, g\u0131daya uygun ve yeniden kullan\u0131labilir; bira fabrikalar\u0131, soda \u00fcreticileri ve toplu da\u011f\u0131t\u0131m i\u00e7in idealdir.","breadcrumb":{"@id":"https:\/\/www.plastic-crates.com\/product\/6-bottle-crate-plastic-glass-bottle-crates-wholesale\/#breadcrumb"},"inLanguage":"tr","potentialAction":[{"@type":"ReadAction","target":["https:\/\/www.plastic-crates.com\/product\/6-bottle-crate-plastic-glass-bottle-crates-wholesale\/"]}]},{"@type":"ImageObject","inLanguage":"tr","@id":"https:\/\/www.plastic-crates.com\/product\/6-bottle-crate-plastic-glass-bottle-crates-wholesale\/#primaryimage","url":"https:\/\/www.plastic-crates.com\/wp-content\/uploads\/2025\/09\/plastic-6-bottle-crates-1.jpg","contentUrl":"https:\/\/www.plastic-crates.com\/wp-content\/uploads\/2025\/09\/plastic-6-bottle-crates-1.jpg","width":2000,"height":2000,"caption":"Plastic 6 bottle crate"},{"@type":"BreadcrumbList","@id":"https:\/\/www.plastic-crates.com\/product\/6-bottle-crate-plastic-glass-bottle-crates-wholesale\/#breadcrumb","itemListElement":[{"@type":"ListItem","position":1,"name":"Home","item":"https:\/\/www.plastic-crates.com\/"},{"@type":"ListItem","position":2,"name":"Products","item":"https:\/\/www.plastic-crates.com\/shop\/"},{"@type":"ListItem","position":3,"name":"6 bottle crate, plastic glass bottle crates wholesale"}]},{"@type":"WebSite","@id":"https:\/\/www.plastic-crates.com\/#website","url":"https:\/\/www.plastic-crates.com\/","name":"plastic-crates.com","description":"\u00c7in&#039;in \u00f6nde gelen plastik kasa \u00fcreticisi","potentialAction":[{"@type":"SearchAction","target":{"@type":"EntryPoint","urlTemplate":"https:\/\/www.plastic-crates.com\/?s={search_term_string}"},"query-input":{"@type":"PropertyValueSpecification","valueRequired":true,"valueName":"search_term_string"}}],"inLanguage":"tr"}]}},"_links":{"self":[{"href":"https:\/\/www.plastic-crates.com\/tr\/wp-json\/wp\/v2\/product\/7712","targetHints":{"allow":["GET"]}}],"collection":[{"href":"https:\/\/www.plastic-crates.com\/tr\/wp-json\/wp\/v2\/product"}],"about":[{"href":"https:\/\/www.plastic-crates.com\/tr\/wp-json\/wp\/v2\/types\/product"}],"wp:featuredmedia":[{"embeddable":true,"href":"https:\/\/www.plastic-crates.com\/tr\/wp-json\/wp\/v2\/media\/7706"}],"wp:attachment":[{"href":"https:\/\/www.plastic-crates.com\/tr\/wp-json\/wp\/v2\/media?parent=7712"}],"wp:term":[{"taxonomy":"product_brand","embeddable":true,"href":"https:\/\/www.plastic-crates.com\/tr\/wp-json\/wp\/v2\/product_brand?post=7712"},{"taxonomy":"product_cat","embeddable":true,"href":"https:\/\/www.plastic-crates.com\/tr\/wp-json\/wp\/v2\/product_cat?post=7712"},{"taxonomy":"product_tag","embeddable":true,"href":"https:\/\/www.plastic-crates.com\/tr\/wp-json\/wp\/v2\/product_tag?post=7712"}],"curies":[{"name":"wp","href":"https:\/\/api.w.org\/{rel}","templated":true}]}}