{"id":7739,"date":"2025-09-18T20:30:52","date_gmt":"2025-09-18T20:30:52","guid":{"rendered":"https:\/\/www.plastic-crates.com\/product\/airport-security-trays\/"},"modified":"2025-09-18T20:31:54","modified_gmt":"2025-09-18T20:31:54","slug":"havaalani-guvenlik-tepsileri","status":"publish","type":"product","link":"https:\/\/www.plastic-crates.com\/tr\/urun\/havaalani-guvenlik-tepsileri\/","title":{"rendered":"Havaalan\u0131 g\u00fcvenlik tepsileri"},"content":{"rendered":"<p>Havaalan\u0131 g\u00fcvenlik tepsileri, di\u011fer ad\u0131yla TSA kutular\u0131, g\u00fcvenlik kontrol noktalar\u0131nda yolcu taramalar\u0131n\u0131n vazge\u00e7ilmez bir par\u00e7as\u0131d\u0131r. Verimlilik, dayan\u0131kl\u0131l\u0131k ve uyumluluk i\u00e7in tasarlanan bu tepsiler, diz\u00fcst\u00fc bilgisayarlar, ayakkab\u0131lar, kemerler ve el bagajlar\u0131 gibi ki\u015fisel e\u015fyalar\u0131n X-ray tarama i\u015flemi s\u0131ras\u0131nda d\u00fczenlenmesi i\u00e7in standart bir \u00e7\u00f6z\u00fcm sunar.<\/p>\n<p>Havalimanlar\u0131, devlet kurumlar\u0131 ve g\u00fcvenlik y\u00fcklenicileri i\u00e7in toplu havaliman\u0131 g\u00fcvenlik tepsileri tedarik etmek, sorunsuz operasyonlar ve tutarl\u0131 yolcu ak\u0131\u015f\u0131 sa\u011flar. Dayan\u0131kl\u0131, darbeye dayan\u0131kl\u0131 plastikten \u00fcretilen bu tepsiler, \u015feklini ve g\u00fcvenilirli\u011fini korurken s\u00fcrekli y\u00fcksek hacimli kullan\u0131ma dayan\u0131kl\u0131d\u0131r. G\u00f6zeneksiz y\u00fczeyleri, h\u0131zl\u0131 temizlik ve dezenfeksiyon sa\u011flayarak yo\u011fun seyahat merkezlerinde hijyen standartlar\u0131n\u0131 destekler.<\/p>\n<p>Tek tip boyutland\u0131rma, hem manuel tarama hatlar\u0131 hem de otomatik g\u00fcvenlik \u015feritleriyle uyumlu olmalar\u0131n\u0131 sa\u011flayarak mevcut ekipmanlarla kusursuz entegrasyon sa\u011flar. Toplu sipari\u015fler ayr\u0131ca maliyet tasarrufu ve kesintisiz tedarik garantisi sunarak, b\u00fcy\u00fck \u00f6l\u00e7ekli g\u00fcvenlik operasyonlar\u0131ndan sorumlu tedarik y\u00f6neticileri ve tesis operat\u00f6rleri i\u00e7in idealdir.<\/p>\n<p>\u0130ster b\u00fcy\u00fck bir uluslararas\u0131 havaalan\u0131n\u0131, ister b\u00f6lgesel terminali veya ula\u015f\u0131m merkezini donatmak olsun, toptan miktarlarda havaalan\u0131 g\u00fcvenlik tepsilerine yat\u0131r\u0131m yapmak, g\u00fcvenlik hatlar\u0131n\u0131n verimli bir \u015fekilde hareket etmesini sa\u011flamak i\u00e7in gereken dayan\u0131kl\u0131l\u0131\u011f\u0131 ve tutarl\u0131l\u0131\u011f\u0131 sa\u011flar.<\/p>","protected":false},"excerpt":{"rendered":"<p>Havaalan\u0131 g\u00fcvenlik tepsileri, di\u011fer ad\u0131yla TSA kutular\u0131, g\u00fcvenlik kontrol noktalar\u0131nda yolcu taramalar\u0131n\u0131n olmazsa olmaz bir par\u00e7as\u0131d\u0131r. ... i\u00e7in tasarlanm\u0131\u015ft\u0131r.<\/p>","protected":false},"featured_media":7734,"template":"","meta":{"_acf_changed":false},"product_brand":[],"product_cat":[144],"product_tag":[154],"class_list":{"0":"post-7739","1":"product","2":"type-product","3":"status-publish","4":"has-post-thumbnail","6":"product_cat-plastic-trays-wholesale","7":"product_tag-tsa-bins","9":"first","10":"instock","11":"shipping-taxable","12":"product-type-simple"},"acf":[],"yoast_head":"<!-- This site is optimized with the Yoast SEO plugin v26.1.1 - https:\/\/yoast.com\/wordpress\/plugins\/seo\/ -->\n<title>Airport security trays - plastic-crates.com<\/title>\n<meta name=\"robots\" content=\"index, follow, max-snippet:-1, max-image-preview:large, max-video-preview:-1\" \/>\n<link rel=\"canonical\" href=\"https:\/\/www.plastic-crates.com\/tr\/urun\/havaalani-guvenlik-tepsileri\/\" \/>\n<meta property=\"og:locale\" content=\"tr_TR\" \/>\n<meta property=\"og:type\" content=\"article\" \/>\n<meta property=\"og:title\" content=\"Airport security trays - plastic-crates.com\" \/>\n<meta property=\"og:description\" content=\"Airport security trays, also known as TSA bins, are an essential part of passenger screening at security checkpoints. Designed for&hellip;\" \/>\n<meta property=\"og:url\" content=\"https:\/\/www.plastic-crates.com\/tr\/urun\/havaalani-guvenlik-tepsileri\/\" \/>\n<meta property=\"og:site_name\" content=\"plastic-crates.com\" \/>\n<meta property=\"article:modified_time\" content=\"2025-09-18T20:31:54+00:00\" \/>\n<meta property=\"og:image\" content=\"https:\/\/www.plastic-crates.com\/wp-content\/uploads\/2025\/09\/airport-security-trays-1.jpg\" \/>\n\t<meta property=\"og:image:width\" content=\"2000\" \/>\n\t<meta property=\"og:image:height\" content=\"2000\" \/>\n\t<meta property=\"og:image:type\" content=\"image\/jpeg\" \/>\n<meta name=\"twitter:card\" content=\"summary_large_image\" \/>\n<meta name=\"twitter:label1\" content=\"Tahmini okuma s\u00fcresi\" \/>\n\t<meta name=\"twitter:data1\" content=\"1 dakika\" \/>\n<script type=\"application\/ld+json\" class=\"yoast-schema-graph\">{\"@context\":\"https:\/\/schema.org\",\"@graph\":[{\"@type\":\"WebPage\",\"@id\":\"https:\/\/www.plastic-crates.com\/product\/airport-security-trays\/\",\"url\":\"https:\/\/www.plastic-crates.com\/product\/airport-security-trays\/\",\"name\":\"Airport security trays - plastic-crates.com\",\"isPartOf\":{\"@id\":\"https:\/\/www.plastic-crates.com\/#website\"},\"primaryImageOfPage\":{\"@id\":\"https:\/\/www.plastic-crates.com\/product\/airport-security-trays\/#primaryimage\"},\"image\":{\"@id\":\"https:\/\/www.plastic-crates.com\/product\/airport-security-trays\/#primaryimage\"},\"thumbnailUrl\":\"https:\/\/www.plastic-crates.com\/wp-content\/uploads\/2025\/09\/airport-security-trays-1.jpg\",\"datePublished\":\"2025-09-18T20:30:52+00:00\",\"dateModified\":\"2025-09-18T20:31:54+00:00\",\"breadcrumb\":{\"@id\":\"https:\/\/www.plastic-crates.com\/product\/airport-security-trays\/#breadcrumb\"},\"inLanguage\":\"tr\",\"potentialAction\":[{\"@type\":\"ReadAction\",\"target\":[\"https:\/\/www.plastic-crates.com\/product\/airport-security-trays\/\"]}]},{\"@type\":\"ImageObject\",\"inLanguage\":\"tr\",\"@id\":\"https:\/\/www.plastic-crates.com\/product\/airport-security-trays\/#primaryimage\",\"url\":\"https:\/\/www.plastic-crates.com\/wp-content\/uploads\/2025\/09\/airport-security-trays-1.jpg\",\"contentUrl\":\"https:\/\/www.plastic-crates.com\/wp-content\/uploads\/2025\/09\/airport-security-trays-1.jpg\",\"width\":2000,\"height\":2000,\"caption\":\"airport security trays\"},{\"@type\":\"BreadcrumbList\",\"@id\":\"https:\/\/www.plastic-crates.com\/product\/airport-security-trays\/#breadcrumb\",\"itemListElement\":[{\"@type\":\"ListItem\",\"position\":1,\"name\":\"Home\",\"item\":\"https:\/\/www.plastic-crates.com\/\"},{\"@type\":\"ListItem\",\"position\":2,\"name\":\"Products\",\"item\":\"https:\/\/www.plastic-crates.com\/shop\/\"},{\"@type\":\"ListItem\",\"position\":3,\"name\":\"Airport security trays\"}]},{\"@type\":\"WebSite\",\"@id\":\"https:\/\/www.plastic-crates.com\/#website\",\"url\":\"https:\/\/www.plastic-crates.com\/\",\"name\":\"plastic-crates.com\",\"description\":\"Leading plastic crates manufacturer in China\",\"potentialAction\":[{\"@type\":\"SearchAction\",\"target\":{\"@type\":\"EntryPoint\",\"urlTemplate\":\"https:\/\/www.plastic-crates.com\/?s={search_term_string}\"},\"query-input\":{\"@type\":\"PropertyValueSpecification\",\"valueRequired\":true,\"valueName\":\"search_term_string\"}}],\"inLanguage\":\"tr\"}]}<\/script>\n<!-- \/ Yoast SEO plugin. -->","yoast_head_json":{"title":"Havaalan\u0131 g\u00fcvenlik tepsileri - plastic-crates.com","robots":{"index":"index","follow":"follow","max-snippet":"max-snippet:-1","max-image-preview":"max-image-preview:large","max-video-preview":"max-video-preview:-1"},"canonical":"https:\/\/www.plastic-crates.com\/tr\/urun\/havaalani-guvenlik-tepsileri\/","og_locale":"tr_TR","og_type":"article","og_title":"Airport security trays - plastic-crates.com","og_description":"Airport security trays, also known as TSA bins, are an essential part of passenger screening at security checkpoints. Designed for&hellip;","og_url":"https:\/\/www.plastic-crates.com\/tr\/urun\/havaalani-guvenlik-tepsileri\/","og_site_name":"plastic-crates.com","article_modified_time":"2025-09-18T20:31:54+00:00","og_image":[{"width":2000,"height":2000,"url":"https:\/\/www.plastic-crates.com\/wp-content\/uploads\/2025\/09\/airport-security-trays-1.jpg","type":"image\/jpeg"}],"twitter_card":"summary_large_image","twitter_misc":{"Tahmini okuma s\u00fcresi":"1 dakika"},"schema":{"@context":"https:\/\/schema.org","@graph":[{"@type":"WebPage","@id":"https:\/\/www.plastic-crates.com\/product\/airport-security-trays\/","url":"https:\/\/www.plastic-crates.com\/product\/airport-security-trays\/","name":"Havaalan\u0131 g\u00fcvenlik tepsileri - plastic-crates.com","isPartOf":{"@id":"https:\/\/www.plastic-crates.com\/#website"},"primaryImageOfPage":{"@id":"https:\/\/www.plastic-crates.com\/product\/airport-security-trays\/#primaryimage"},"image":{"@id":"https:\/\/www.plastic-crates.com\/product\/airport-security-trays\/#primaryimage"},"thumbnailUrl":"https:\/\/www.plastic-crates.com\/wp-content\/uploads\/2025\/09\/airport-security-trays-1.jpg","datePublished":"2025-09-18T20:30:52+00:00","dateModified":"2025-09-18T20:31:54+00:00","breadcrumb":{"@id":"https:\/\/www.plastic-crates.com\/product\/airport-security-trays\/#breadcrumb"},"inLanguage":"tr","potentialAction":[{"@type":"ReadAction","target":["https:\/\/www.plastic-crates.com\/product\/airport-security-trays\/"]}]},{"@type":"ImageObject","inLanguage":"tr","@id":"https:\/\/www.plastic-crates.com\/product\/airport-security-trays\/#primaryimage","url":"https:\/\/www.plastic-crates.com\/wp-content\/uploads\/2025\/09\/airport-security-trays-1.jpg","contentUrl":"https:\/\/www.plastic-crates.com\/wp-content\/uploads\/2025\/09\/airport-security-trays-1.jpg","width":2000,"height":2000,"caption":"airport security trays"},{"@type":"BreadcrumbList","@id":"https:\/\/www.plastic-crates.com\/product\/airport-security-trays\/#breadcrumb","itemListElement":[{"@type":"ListItem","position":1,"name":"Home","item":"https:\/\/www.plastic-crates.com\/"},{"@type":"ListItem","position":2,"name":"Products","item":"https:\/\/www.plastic-crates.com\/shop\/"},{"@type":"ListItem","position":3,"name":"Airport security trays"}]},{"@type":"WebSite","@id":"https:\/\/www.plastic-crates.com\/#website","url":"https:\/\/www.plastic-crates.com\/","name":"plastic-crates.com","description":"\u00c7in&#039;in \u00f6nde gelen plastik kasa \u00fcreticisi","potentialAction":[{"@type":"SearchAction","target":{"@type":"EntryPoint","urlTemplate":"https:\/\/www.plastic-crates.com\/?s={search_term_string}"},"query-input":{"@type":"PropertyValueSpecification","valueRequired":true,"valueName":"search_term_string"}}],"inLanguage":"tr"}]}},"_links":{"self":[{"href":"https:\/\/www.plastic-crates.com\/tr\/wp-json\/wp\/v2\/product\/7739","targetHints":{"allow":["GET"]}}],"collection":[{"href":"https:\/\/www.plastic-crates.com\/tr\/wp-json\/wp\/v2\/product"}],"about":[{"href":"https:\/\/www.plastic-crates.com\/tr\/wp-json\/wp\/v2\/types\/product"}],"wp:featuredmedia":[{"embeddable":true,"href":"https:\/\/www.plastic-crates.com\/tr\/wp-json\/wp\/v2\/media\/7734"}],"wp:attachment":[{"href":"https:\/\/www.plastic-crates.com\/tr\/wp-json\/wp\/v2\/media?parent=7739"}],"wp:term":[{"taxonomy":"product_brand","embeddable":true,"href":"https:\/\/www.plastic-crates.com\/tr\/wp-json\/wp\/v2\/product_brand?post=7739"},{"taxonomy":"product_cat","embeddable":true,"href":"https:\/\/www.plastic-crates.com\/tr\/wp-json\/wp\/v2\/product_cat?post=7739"},{"taxonomy":"product_tag","embeddable":true,"href":"https:\/\/www.plastic-crates.com\/tr\/wp-json\/wp\/v2\/product_tag?post=7739"}],"curies":[{"name":"wp","href":"https:\/\/api.w.org\/{rel}","templated":true}]}}