{"id":7746,"date":"2025-09-18T20:34:25","date_gmt":"2025-09-18T20:34:25","guid":{"rendered":"https:\/\/www.plastic-crates.com\/product\/airport-security-tray-manufacturer\/"},"modified":"2025-09-18T20:53:16","modified_gmt":"2025-09-18T20:53:16","slug":"havaalani-guvenlik-tepsisi-ureticisi","status":"publish","type":"product","link":"https:\/\/www.plastic-crates.com\/tr\/urun\/havaalani-guvenlik-tepsisi-ureticisi\/","title":{"rendered":"Havaalan\u0131 g\u00fcvenlik tepsisi \u00fcreticisi"},"content":{"rendered":"<p>\u00d6nde gelen bir havaliman\u0131 g\u00fcvenlik tepsisi \u00fcreticisi olarak, y\u00fcksek hacimli kontrol noktas\u0131 operasyonlar\u0131 i\u00e7in tasarlanm\u0131\u015f, dayan\u0131kl\u0131 ve TSA uyumlu \u00e7\u00f6p kutular\u0131 \u00fcretme konusunda uzmanla\u015f\u0131yoruz. Tepsilerimiz, g\u00fcvenilirli\u011fi, dayan\u0131kl\u0131l\u0131\u011f\u0131 ve kullan\u0131m kolayl\u0131\u011f\u0131 nedeniyle d\u00fcnya \u00e7ap\u0131ndaki havalimanlar\u0131, devlet kurumlar\u0131 ve g\u00fcvenlik y\u00fcklenicileri taraf\u0131ndan g\u00fcvenle kullan\u0131lmaktad\u0131r.<\/p>\n<p>Darbeye dayan\u0131kl\u0131, g\u00f6zeneksiz malzemelerden \u00fcretilen havaliman\u0131 g\u00fcvenlik tepsilerimiz, yo\u011fun seyahat ortamlar\u0131nda s\u00fcrekli kullan\u0131ma dayan\u0131kl\u0131 olacak \u015fekilde \u00fcretilmi\u015ftir ve temizlenmesi ve dezenfekte edilmesi kolayd\u0131r. Her tepsi, hem manuel tarama istasyonlar\u0131yla hem de geli\u015fmi\u015f otomatik tarama hatlar\u0131yla uyumlulu\u011fu garanti eden tutarl\u0131 boyutlar i\u00e7in tasarlanm\u0131\u015ft\u0131r.<\/p>\n<p>B2B al\u0131c\u0131lar\u0131, do\u011frudan \u00fcreticiden sipari\u015f vererek rekabet\u00e7i toptan sat\u0131\u015f fiyatlar\u0131ndan, g\u00fcvenilir tedarik zincirlerinden ve \u00f6zel operasyonel ihtiya\u00e7lara g\u00f6re uyarlanm\u0131\u015f \u00f6zelle\u015ftirilebilir se\u00e7eneklerden yararlan\u0131r. \u0130ster uluslararas\u0131 havalimanlar\u0131 i\u00e7in b\u00fcy\u00fck \u00f6l\u00e7ekli sipari\u015flere, ister b\u00f6lgesel merkezler i\u00e7in \u00f6zel \u00e7\u00f6z\u00fcmlere ihtiyac\u0131n\u0131z olsun, sorunsuz, g\u00fcvenli ve verimli yolcu taramas\u0131n\u0131 destekleyen \u00fcr\u00fcnler sunuyoruz.<\/p>","protected":false},"excerpt":{"rendered":"<p>\u00d6nde gelen bir havaalan\u0131 g\u00fcvenlik tepsisi \u00fcreticisi olarak, y\u00fcksek hacimli kontrol noktas\u0131 operasyonlar\u0131 i\u00e7in tasarlanm\u0131\u015f, dayan\u0131kl\u0131, TSA uyumlu \u00e7\u00f6p kutular\u0131 \u00fcretme konusunda uzmanla\u015f\u0131yoruz.<\/p>","protected":false},"featured_media":7740,"template":"","meta":{"_acf_changed":false},"product_brand":[],"product_cat":[144],"product_tag":[154],"class_list":{"0":"post-7746","1":"product","2":"type-product","3":"status-publish","4":"has-post-thumbnail","6":"product_cat-plastic-trays-wholesale","7":"product_tag-tsa-bins","9":"first","10":"instock","11":"shipping-taxable","12":"product-type-simple"},"acf":[],"yoast_head":"<!-- This site is optimized with the Yoast SEO plugin v26.1.1 - https:\/\/yoast.com\/wordpress\/plugins\/seo\/ -->\n<title>Airport security tray manufacturer - plastic-crates.com<\/title>\n<meta name=\"robots\" content=\"index, follow, max-snippet:-1, max-image-preview:large, max-video-preview:-1\" \/>\n<link rel=\"canonical\" href=\"https:\/\/www.plastic-crates.com\/tr\/urun\/havaalani-guvenlik-tepsisi-ureticisi\/\" \/>\n<meta property=\"og:locale\" content=\"tr_TR\" \/>\n<meta property=\"og:type\" content=\"article\" \/>\n<meta property=\"og:title\" content=\"Airport security tray manufacturer - plastic-crates.com\" \/>\n<meta property=\"og:description\" content=\"As a leading airport security tray manufacturer, we specialize in producing durable, TSA-compliant bins designed for high-volume checkpoint operations. Our&hellip;\" \/>\n<meta property=\"og:url\" content=\"https:\/\/www.plastic-crates.com\/tr\/urun\/havaalani-guvenlik-tepsisi-ureticisi\/\" \/>\n<meta property=\"og:site_name\" content=\"plastic-crates.com\" \/>\n<meta property=\"article:modified_time\" content=\"2025-09-18T20:53:16+00:00\" \/>\n<meta property=\"og:image\" content=\"https:\/\/www.plastic-crates.com\/wp-content\/uploads\/2025\/09\/airport-security-tray-manufacturer-1.jpg\" \/>\n\t<meta property=\"og:image:width\" content=\"2000\" \/>\n\t<meta property=\"og:image:height\" content=\"2000\" \/>\n\t<meta property=\"og:image:type\" content=\"image\/jpeg\" \/>\n<meta name=\"twitter:card\" content=\"summary_large_image\" \/>\n<meta name=\"twitter:label1\" content=\"Tahmini okuma s\u00fcresi\" \/>\n\t<meta name=\"twitter:data1\" content=\"1 dakika\" \/>\n<script type=\"application\/ld+json\" class=\"yoast-schema-graph\">{\"@context\":\"https:\/\/schema.org\",\"@graph\":[{\"@type\":\"WebPage\",\"@id\":\"https:\/\/www.plastic-crates.com\/product\/airport-security-tray-manufacturer\/\",\"url\":\"https:\/\/www.plastic-crates.com\/product\/airport-security-tray-manufacturer\/\",\"name\":\"Airport security tray manufacturer - plastic-crates.com\",\"isPartOf\":{\"@id\":\"https:\/\/www.plastic-crates.com\/#website\"},\"primaryImageOfPage\":{\"@id\":\"https:\/\/www.plastic-crates.com\/product\/airport-security-tray-manufacturer\/#primaryimage\"},\"image\":{\"@id\":\"https:\/\/www.plastic-crates.com\/product\/airport-security-tray-manufacturer\/#primaryimage\"},\"thumbnailUrl\":\"https:\/\/www.plastic-crates.com\/wp-content\/uploads\/2025\/09\/airport-security-tray-manufacturer-1.jpg\",\"datePublished\":\"2025-09-18T20:34:25+00:00\",\"dateModified\":\"2025-09-18T20:53:16+00:00\",\"breadcrumb\":{\"@id\":\"https:\/\/www.plastic-crates.com\/product\/airport-security-tray-manufacturer\/#breadcrumb\"},\"inLanguage\":\"tr\",\"potentialAction\":[{\"@type\":\"ReadAction\",\"target\":[\"https:\/\/www.plastic-crates.com\/product\/airport-security-tray-manufacturer\/\"]}]},{\"@type\":\"ImageObject\",\"inLanguage\":\"tr\",\"@id\":\"https:\/\/www.plastic-crates.com\/product\/airport-security-tray-manufacturer\/#primaryimage\",\"url\":\"https:\/\/www.plastic-crates.com\/wp-content\/uploads\/2025\/09\/airport-security-tray-manufacturer-1.jpg\",\"contentUrl\":\"https:\/\/www.plastic-crates.com\/wp-content\/uploads\/2025\/09\/airport-security-tray-manufacturer-1.jpg\",\"width\":2000,\"height\":2000,\"caption\":\"airport security tray manufacturer\"},{\"@type\":\"BreadcrumbList\",\"@id\":\"https:\/\/www.plastic-crates.com\/product\/airport-security-tray-manufacturer\/#breadcrumb\",\"itemListElement\":[{\"@type\":\"ListItem\",\"position\":1,\"name\":\"Home\",\"item\":\"https:\/\/www.plastic-crates.com\/\"},{\"@type\":\"ListItem\",\"position\":2,\"name\":\"Products\",\"item\":\"https:\/\/www.plastic-crates.com\/shop\/\"},{\"@type\":\"ListItem\",\"position\":3,\"name\":\"Airport security tray manufacturer\"}]},{\"@type\":\"WebSite\",\"@id\":\"https:\/\/www.plastic-crates.com\/#website\",\"url\":\"https:\/\/www.plastic-crates.com\/\",\"name\":\"plastic-crates.com\",\"description\":\"Leading plastic crates manufacturer in China\",\"potentialAction\":[{\"@type\":\"SearchAction\",\"target\":{\"@type\":\"EntryPoint\",\"urlTemplate\":\"https:\/\/www.plastic-crates.com\/?s={search_term_string}\"},\"query-input\":{\"@type\":\"PropertyValueSpecification\",\"valueRequired\":true,\"valueName\":\"search_term_string\"}}],\"inLanguage\":\"tr\"}]}<\/script>\n<!-- \/ Yoast SEO plugin. -->","yoast_head_json":{"title":"Havaalan\u0131 g\u00fcvenlik tepsisi \u00fcreticisi - plastic-crates.com","robots":{"index":"index","follow":"follow","max-snippet":"max-snippet:-1","max-image-preview":"max-image-preview:large","max-video-preview":"max-video-preview:-1"},"canonical":"https:\/\/www.plastic-crates.com\/tr\/urun\/havaalani-guvenlik-tepsisi-ureticisi\/","og_locale":"tr_TR","og_type":"article","og_title":"Airport security tray manufacturer - plastic-crates.com","og_description":"As a leading airport security tray manufacturer, we specialize in producing durable, TSA-compliant bins designed for high-volume checkpoint operations. Our&hellip;","og_url":"https:\/\/www.plastic-crates.com\/tr\/urun\/havaalani-guvenlik-tepsisi-ureticisi\/","og_site_name":"plastic-crates.com","article_modified_time":"2025-09-18T20:53:16+00:00","og_image":[{"width":2000,"height":2000,"url":"https:\/\/www.plastic-crates.com\/wp-content\/uploads\/2025\/09\/airport-security-tray-manufacturer-1.jpg","type":"image\/jpeg"}],"twitter_card":"summary_large_image","twitter_misc":{"Tahmini okuma s\u00fcresi":"1 dakika"},"schema":{"@context":"https:\/\/schema.org","@graph":[{"@type":"WebPage","@id":"https:\/\/www.plastic-crates.com\/product\/airport-security-tray-manufacturer\/","url":"https:\/\/www.plastic-crates.com\/product\/airport-security-tray-manufacturer\/","name":"Havaalan\u0131 g\u00fcvenlik tepsisi \u00fcreticisi - plastic-crates.com","isPartOf":{"@id":"https:\/\/www.plastic-crates.com\/#website"},"primaryImageOfPage":{"@id":"https:\/\/www.plastic-crates.com\/product\/airport-security-tray-manufacturer\/#primaryimage"},"image":{"@id":"https:\/\/www.plastic-crates.com\/product\/airport-security-tray-manufacturer\/#primaryimage"},"thumbnailUrl":"https:\/\/www.plastic-crates.com\/wp-content\/uploads\/2025\/09\/airport-security-tray-manufacturer-1.jpg","datePublished":"2025-09-18T20:34:25+00:00","dateModified":"2025-09-18T20:53:16+00:00","breadcrumb":{"@id":"https:\/\/www.plastic-crates.com\/product\/airport-security-tray-manufacturer\/#breadcrumb"},"inLanguage":"tr","potentialAction":[{"@type":"ReadAction","target":["https:\/\/www.plastic-crates.com\/product\/airport-security-tray-manufacturer\/"]}]},{"@type":"ImageObject","inLanguage":"tr","@id":"https:\/\/www.plastic-crates.com\/product\/airport-security-tray-manufacturer\/#primaryimage","url":"https:\/\/www.plastic-crates.com\/wp-content\/uploads\/2025\/09\/airport-security-tray-manufacturer-1.jpg","contentUrl":"https:\/\/www.plastic-crates.com\/wp-content\/uploads\/2025\/09\/airport-security-tray-manufacturer-1.jpg","width":2000,"height":2000,"caption":"airport security tray manufacturer"},{"@type":"BreadcrumbList","@id":"https:\/\/www.plastic-crates.com\/product\/airport-security-tray-manufacturer\/#breadcrumb","itemListElement":[{"@type":"ListItem","position":1,"name":"Home","item":"https:\/\/www.plastic-crates.com\/"},{"@type":"ListItem","position":2,"name":"Products","item":"https:\/\/www.plastic-crates.com\/shop\/"},{"@type":"ListItem","position":3,"name":"Airport security tray manufacturer"}]},{"@type":"WebSite","@id":"https:\/\/www.plastic-crates.com\/#website","url":"https:\/\/www.plastic-crates.com\/","name":"plastic-crates.com","description":"\u00c7in&#039;in \u00f6nde gelen plastik kasa \u00fcreticisi","potentialAction":[{"@type":"SearchAction","target":{"@type":"EntryPoint","urlTemplate":"https:\/\/www.plastic-crates.com\/?s={search_term_string}"},"query-input":{"@type":"PropertyValueSpecification","valueRequired":true,"valueName":"search_term_string"}}],"inLanguage":"tr"}]}},"_links":{"self":[{"href":"https:\/\/www.plastic-crates.com\/tr\/wp-json\/wp\/v2\/product\/7746","targetHints":{"allow":["GET"]}}],"collection":[{"href":"https:\/\/www.plastic-crates.com\/tr\/wp-json\/wp\/v2\/product"}],"about":[{"href":"https:\/\/www.plastic-crates.com\/tr\/wp-json\/wp\/v2\/types\/product"}],"wp:featuredmedia":[{"embeddable":true,"href":"https:\/\/www.plastic-crates.com\/tr\/wp-json\/wp\/v2\/media\/7740"}],"wp:attachment":[{"href":"https:\/\/www.plastic-crates.com\/tr\/wp-json\/wp\/v2\/media?parent=7746"}],"wp:term":[{"taxonomy":"product_brand","embeddable":true,"href":"https:\/\/www.plastic-crates.com\/tr\/wp-json\/wp\/v2\/product_brand?post=7746"},{"taxonomy":"product_cat","embeddable":true,"href":"https:\/\/www.plastic-crates.com\/tr\/wp-json\/wp\/v2\/product_cat?post=7746"},{"taxonomy":"product_tag","embeddable":true,"href":"https:\/\/www.plastic-crates.com\/tr\/wp-json\/wp\/v2\/product_tag?post=7746"}],"curies":[{"name":"wp","href":"https:\/\/api.w.org\/{rel}","templated":true}]}}