{"id":7752,"date":"2025-09-18T20:36:59","date_gmt":"2025-09-18T20:36:59","guid":{"rendered":"https:\/\/www.plastic-crates.com\/product\/airport-security-check-tray\/"},"modified":"2025-09-18T20:53:07","modified_gmt":"2025-09-18T20:53:07","slug":"havaalani-guvenlik-kontrol-tepsisi","status":"publish","type":"product","link":"https:\/\/www.plastic-crates.com\/tr\/urun\/havaalani-guvenlik-kontrol-tepsisi\/","title":{"rendered":"Havaalan\u0131 g\u00fcvenlik kontrol tepsisi"},"content":{"rendered":"<p>Genellikle TSA kutular\u0131 olarak da adland\u0131r\u0131lan havaalan\u0131 g\u00fcvenlik kontrol tepsileri, havaalan\u0131 kontrol noktalar\u0131nda yolcu taramalar\u0131n\u0131n hayati bir par\u00e7as\u0131d\u0131r. Diz\u00fcst\u00fc bilgisayarlar, ayakkab\u0131lar, kemerler ve k\u00fc\u00e7\u00fck el bagajlar\u0131 gibi ki\u015fisel e\u015fyalar\u0131 tutmak i\u00e7in tasarlanan bu tepsiler, e\u015fyalar\u0131n X-ray taray\u0131c\u0131lar\u0131ndan g\u00fcvenli ve verimli bir \u015fekilde ge\u00e7irilmesini sa\u011flar.<\/p>\n<p>Havalimanlar\u0131, havac\u0131l\u0131k otoriteleri ve g\u00fcvenlik y\u00fcklenicileri i\u00e7in toplu havaliman\u0131 g\u00fcvenlik kontrol tepsileri tedarik etmek uzun vadeli de\u011fer ve g\u00fcvenilirlik sa\u011flar. Dayan\u0131kl\u0131 ve darbeye dayan\u0131kl\u0131 plastikten \u00fcretilen bu tepsiler, yo\u011fun trafikli ortamlarda s\u00fcrekli kullan\u0131ma dayan\u0131kl\u0131d\u0131r. P\u00fcr\u00fczs\u00fcz ve g\u00f6zeneksiz y\u00fczeyleri, temizlik ve dezenfeksiyonu h\u0131zl\u0131 ve verimli hale getirerek yolcu tarama alanlar\u0131ndaki s\u0131k\u0131 hijyen standartlar\u0131n\u0131 destekler.<\/p>\n<p>Boyut ve tasar\u0131m a\u00e7\u0131s\u0131ndan tutarl\u0131 olan havaalan\u0131 g\u00fcvenlik kontrol tepsileri, hem geleneksel hem de otomatik tarama sistemleriyle kusursuz bir \u015fekilde entegre olarak gecikmeleri azaltmaya ve kontrol noktas\u0131 operasyonlar\u0131n\u0131 kolayla\u015ft\u0131rmaya yard\u0131mc\u0131 olur. G\u00fcvenilir tedarik\u00e7ilerden veya \u00fcreticilerden do\u011frudan toplu tedarik, t\u00fcm g\u00fcvenlik hatlar\u0131nda maliyet tasarrufu, tutarl\u0131 bulunabilirlik ve standart ekipman sa\u011flar.<\/p>\n<p>Uluslararas\u0131 havalimanlar\u0131, b\u00f6lgesel merkezler veya h\u00fck\u00fcmet g\u00fcvenlik tesisleri i\u00e7in olsun, havaalan\u0131 g\u00fcvenlik kontrol tepsileri g\u00fcvenli, uyumlu ve etkili yolcu taramas\u0131 i\u00e7in vazge\u00e7ilmez bir \u00e7\u00f6z\u00fcmd\u00fcr.<\/p>","protected":false},"excerpt":{"rendered":"<p>Havaalan\u0131 g\u00fcvenlik kontrol tepsileri, genellikle TSA kutular\u0131 olarak adland\u0131r\u0131l\u0131r, havaalan\u0131 kontrol noktalar\u0131nda yolcu taramalar\u0131n\u0131n hayati bir bile\u015fenidir.<\/p>","protected":false},"featured_media":7747,"template":"","meta":{"_acf_changed":false},"product_brand":[],"product_cat":[144],"product_tag":[154],"class_list":{"0":"post-7752","1":"product","2":"type-product","3":"status-publish","4":"has-post-thumbnail","6":"product_cat-plastic-trays-wholesale","7":"product_tag-tsa-bins","9":"first","10":"instock","11":"shipping-taxable","12":"product-type-simple"},"acf":[],"yoast_head":"<!-- This site is optimized with the Yoast SEO plugin v26.1.1 - https:\/\/yoast.com\/wordpress\/plugins\/seo\/ -->\n<title>Airport security check tray - plastic-crates.com<\/title>\n<meta name=\"robots\" content=\"index, follow, max-snippet:-1, max-image-preview:large, max-video-preview:-1\" \/>\n<link rel=\"canonical\" href=\"https:\/\/www.plastic-crates.com\/tr\/urun\/havaalani-guvenlik-kontrol-tepsisi\/\" \/>\n<meta property=\"og:locale\" content=\"tr_TR\" \/>\n<meta property=\"og:type\" content=\"article\" \/>\n<meta property=\"og:title\" content=\"Airport security check tray - plastic-crates.com\" \/>\n<meta property=\"og:description\" content=\"Airport security check trays, often referred to as TSA bins, are a vital component of passenger screening at airport checkpoints.&hellip;\" \/>\n<meta property=\"og:url\" content=\"https:\/\/www.plastic-crates.com\/tr\/urun\/havaalani-guvenlik-kontrol-tepsisi\/\" \/>\n<meta property=\"og:site_name\" content=\"plastic-crates.com\" \/>\n<meta property=\"article:modified_time\" content=\"2025-09-18T20:53:07+00:00\" \/>\n<meta property=\"og:image\" content=\"https:\/\/www.plastic-crates.com\/wp-content\/uploads\/2025\/09\/airport-security-check-tray-1.jpg\" \/>\n\t<meta property=\"og:image:width\" content=\"2000\" \/>\n\t<meta property=\"og:image:height\" content=\"2000\" \/>\n\t<meta property=\"og:image:type\" content=\"image\/jpeg\" \/>\n<meta name=\"twitter:card\" content=\"summary_large_image\" \/>\n<meta name=\"twitter:label1\" content=\"Tahmini okuma s\u00fcresi\" \/>\n\t<meta name=\"twitter:data1\" content=\"1 dakika\" \/>\n<script type=\"application\/ld+json\" class=\"yoast-schema-graph\">{\"@context\":\"https:\/\/schema.org\",\"@graph\":[{\"@type\":\"WebPage\",\"@id\":\"https:\/\/www.plastic-crates.com\/product\/airport-security-check-tray\/\",\"url\":\"https:\/\/www.plastic-crates.com\/product\/airport-security-check-tray\/\",\"name\":\"Airport security check tray - plastic-crates.com\",\"isPartOf\":{\"@id\":\"https:\/\/www.plastic-crates.com\/#website\"},\"primaryImageOfPage\":{\"@id\":\"https:\/\/www.plastic-crates.com\/product\/airport-security-check-tray\/#primaryimage\"},\"image\":{\"@id\":\"https:\/\/www.plastic-crates.com\/product\/airport-security-check-tray\/#primaryimage\"},\"thumbnailUrl\":\"https:\/\/www.plastic-crates.com\/wp-content\/uploads\/2025\/09\/airport-security-check-tray-1.jpg\",\"datePublished\":\"2025-09-18T20:36:59+00:00\",\"dateModified\":\"2025-09-18T20:53:07+00:00\",\"breadcrumb\":{\"@id\":\"https:\/\/www.plastic-crates.com\/product\/airport-security-check-tray\/#breadcrumb\"},\"inLanguage\":\"tr\",\"potentialAction\":[{\"@type\":\"ReadAction\",\"target\":[\"https:\/\/www.plastic-crates.com\/product\/airport-security-check-tray\/\"]}]},{\"@type\":\"ImageObject\",\"inLanguage\":\"tr\",\"@id\":\"https:\/\/www.plastic-crates.com\/product\/airport-security-check-tray\/#primaryimage\",\"url\":\"https:\/\/www.plastic-crates.com\/wp-content\/uploads\/2025\/09\/airport-security-check-tray-1.jpg\",\"contentUrl\":\"https:\/\/www.plastic-crates.com\/wp-content\/uploads\/2025\/09\/airport-security-check-tray-1.jpg\",\"width\":2000,\"height\":2000,\"caption\":\"airport security check tray\"},{\"@type\":\"BreadcrumbList\",\"@id\":\"https:\/\/www.plastic-crates.com\/product\/airport-security-check-tray\/#breadcrumb\",\"itemListElement\":[{\"@type\":\"ListItem\",\"position\":1,\"name\":\"Home\",\"item\":\"https:\/\/www.plastic-crates.com\/\"},{\"@type\":\"ListItem\",\"position\":2,\"name\":\"Products\",\"item\":\"https:\/\/www.plastic-crates.com\/shop\/\"},{\"@type\":\"ListItem\",\"position\":3,\"name\":\"Airport security check tray\"}]},{\"@type\":\"WebSite\",\"@id\":\"https:\/\/www.plastic-crates.com\/#website\",\"url\":\"https:\/\/www.plastic-crates.com\/\",\"name\":\"plastic-crates.com\",\"description\":\"Leading plastic crates manufacturer in China\",\"potentialAction\":[{\"@type\":\"SearchAction\",\"target\":{\"@type\":\"EntryPoint\",\"urlTemplate\":\"https:\/\/www.plastic-crates.com\/?s={search_term_string}\"},\"query-input\":{\"@type\":\"PropertyValueSpecification\",\"valueRequired\":true,\"valueName\":\"search_term_string\"}}],\"inLanguage\":\"tr\"}]}<\/script>\n<!-- \/ Yoast SEO plugin. -->","yoast_head_json":{"title":"Havaalan\u0131 g\u00fcvenlik kontrol tepsisi - plastic-crates.com","robots":{"index":"index","follow":"follow","max-snippet":"max-snippet:-1","max-image-preview":"max-image-preview:large","max-video-preview":"max-video-preview:-1"},"canonical":"https:\/\/www.plastic-crates.com\/tr\/urun\/havaalani-guvenlik-kontrol-tepsisi\/","og_locale":"tr_TR","og_type":"article","og_title":"Airport security check tray - plastic-crates.com","og_description":"Airport security check trays, often referred to as TSA bins, are a vital component of passenger screening at airport checkpoints.&hellip;","og_url":"https:\/\/www.plastic-crates.com\/tr\/urun\/havaalani-guvenlik-kontrol-tepsisi\/","og_site_name":"plastic-crates.com","article_modified_time":"2025-09-18T20:53:07+00:00","og_image":[{"width":2000,"height":2000,"url":"https:\/\/www.plastic-crates.com\/wp-content\/uploads\/2025\/09\/airport-security-check-tray-1.jpg","type":"image\/jpeg"}],"twitter_card":"summary_large_image","twitter_misc":{"Tahmini okuma s\u00fcresi":"1 dakika"},"schema":{"@context":"https:\/\/schema.org","@graph":[{"@type":"WebPage","@id":"https:\/\/www.plastic-crates.com\/product\/airport-security-check-tray\/","url":"https:\/\/www.plastic-crates.com\/product\/airport-security-check-tray\/","name":"Havaalan\u0131 g\u00fcvenlik kontrol tepsisi - plastic-crates.com","isPartOf":{"@id":"https:\/\/www.plastic-crates.com\/#website"},"primaryImageOfPage":{"@id":"https:\/\/www.plastic-crates.com\/product\/airport-security-check-tray\/#primaryimage"},"image":{"@id":"https:\/\/www.plastic-crates.com\/product\/airport-security-check-tray\/#primaryimage"},"thumbnailUrl":"https:\/\/www.plastic-crates.com\/wp-content\/uploads\/2025\/09\/airport-security-check-tray-1.jpg","datePublished":"2025-09-18T20:36:59+00:00","dateModified":"2025-09-18T20:53:07+00:00","breadcrumb":{"@id":"https:\/\/www.plastic-crates.com\/product\/airport-security-check-tray\/#breadcrumb"},"inLanguage":"tr","potentialAction":[{"@type":"ReadAction","target":["https:\/\/www.plastic-crates.com\/product\/airport-security-check-tray\/"]}]},{"@type":"ImageObject","inLanguage":"tr","@id":"https:\/\/www.plastic-crates.com\/product\/airport-security-check-tray\/#primaryimage","url":"https:\/\/www.plastic-crates.com\/wp-content\/uploads\/2025\/09\/airport-security-check-tray-1.jpg","contentUrl":"https:\/\/www.plastic-crates.com\/wp-content\/uploads\/2025\/09\/airport-security-check-tray-1.jpg","width":2000,"height":2000,"caption":"airport security check tray"},{"@type":"BreadcrumbList","@id":"https:\/\/www.plastic-crates.com\/product\/airport-security-check-tray\/#breadcrumb","itemListElement":[{"@type":"ListItem","position":1,"name":"Home","item":"https:\/\/www.plastic-crates.com\/"},{"@type":"ListItem","position":2,"name":"Products","item":"https:\/\/www.plastic-crates.com\/shop\/"},{"@type":"ListItem","position":3,"name":"Airport security check tray"}]},{"@type":"WebSite","@id":"https:\/\/www.plastic-crates.com\/#website","url":"https:\/\/www.plastic-crates.com\/","name":"plastic-crates.com","description":"\u00c7in&#039;in \u00f6nde gelen plastik kasa \u00fcreticisi","potentialAction":[{"@type":"SearchAction","target":{"@type":"EntryPoint","urlTemplate":"https:\/\/www.plastic-crates.com\/?s={search_term_string}"},"query-input":{"@type":"PropertyValueSpecification","valueRequired":true,"valueName":"search_term_string"}}],"inLanguage":"tr"}]}},"_links":{"self":[{"href":"https:\/\/www.plastic-crates.com\/tr\/wp-json\/wp\/v2\/product\/7752","targetHints":{"allow":["GET"]}}],"collection":[{"href":"https:\/\/www.plastic-crates.com\/tr\/wp-json\/wp\/v2\/product"}],"about":[{"href":"https:\/\/www.plastic-crates.com\/tr\/wp-json\/wp\/v2\/types\/product"}],"wp:featuredmedia":[{"embeddable":true,"href":"https:\/\/www.plastic-crates.com\/tr\/wp-json\/wp\/v2\/media\/7747"}],"wp:attachment":[{"href":"https:\/\/www.plastic-crates.com\/tr\/wp-json\/wp\/v2\/media?parent=7752"}],"wp:term":[{"taxonomy":"product_brand","embeddable":true,"href":"https:\/\/www.plastic-crates.com\/tr\/wp-json\/wp\/v2\/product_brand?post=7752"},{"taxonomy":"product_cat","embeddable":true,"href":"https:\/\/www.plastic-crates.com\/tr\/wp-json\/wp\/v2\/product_cat?post=7752"},{"taxonomy":"product_tag","embeddable":true,"href":"https:\/\/www.plastic-crates.com\/tr\/wp-json\/wp\/v2\/product_tag?post=7752"}],"curies":[{"name":"wp","href":"https:\/\/api.w.org\/{rel}","templated":true}]}}