{"id":7758,"date":"2025-09-18T20:40:39","date_gmt":"2025-09-18T20:40:39","guid":{"rendered":"https:\/\/www.plastic-crates.com\/product\/airport-bins-airport-security-bins\/"},"modified":"2025-09-18T20:52:53","modified_gmt":"2025-09-18T20:52:53","slug":"havaalani-cop-kutulari-havaalani-guvenlik-cop-kutulari","status":"publish","type":"product","link":"https:\/\/www.plastic-crates.com\/tr\/urun\/havaalani-cop-kutulari-havaalani-guvenlik-cop-kutulari\/","title":{"rendered":"Havaalan\u0131 \u00e7\u00f6p kutular\u0131, havaalan\u0131 g\u00fcvenlik \u00e7\u00f6p kutular\u0131"},"content":{"rendered":"<p>TSA tepsileri olarak da bilinen havaliman\u0131 g\u00fcvenlik kutular\u0131, d\u00fcnya \u00e7ap\u0131ndaki kontrol noktalar\u0131nda yolcu tarama operasyonlar\u0131n\u0131n kritik bir par\u00e7as\u0131d\u0131r. Bu kutular, diz\u00fcst\u00fc bilgisayarlar, elektronik cihazlar, ayakkab\u0131lar, kemerler ve el bagajlar\u0131 gibi ki\u015fisel e\u015fyalar\u0131n X-ray taray\u0131c\u0131lar\u0131ndan ge\u00e7erken g\u00fcvenli bir \u015fekilde saklanmas\u0131 i\u00e7in tasarlanm\u0131\u015ft\u0131r. \u0130\u015flemi standartla\u015ft\u0131rarak havaliman\u0131 g\u00fcvenlik kutular\u0131, yolcular ve personel i\u00e7in sorunsuz, g\u00fcvenli ve verimli bir tarama deneyimi sa\u011flamaya yard\u0131mc\u0131 olur.<\/p>\n<p>A\u011f\u0131r hizmet tipi, darbeye dayan\u0131kl\u0131 plastikten \u00fcretilen havaliman\u0131 g\u00fcvenlik kutular\u0131, yo\u011fun trafikli havalimanlar\u0131 ve ula\u015f\u0131m merkezlerinde s\u00fcrekli kullan\u0131m\u0131n zorlu ko\u015fullar\u0131na dayanacak \u015fekilde tasarlanm\u0131\u015ft\u0131r. G\u00f6zeneksiz ve kolay temizlenen y\u00fczeyleri, h\u0131zl\u0131 dezenfeksiyonu destekleyerek hem hijyen hem de uyumluluk standartlar\u0131n\u0131 destekler. Tutarl\u0131 boyutlar\u0131yla bu kutular, hem geleneksel manuel tarama \u015feritleriyle hem de otomatik g\u00fcvenlik sistemleriyle sorunsuz bir \u015fekilde entegre olur.<\/p>\n<p>Havalimanlar\u0131, havac\u0131l\u0131k otoriteleri ve g\u00fcvenlik y\u00fcklenicileri i\u00e7in toplu havaliman\u0131 g\u00fcvenlik kutular\u0131 sipari\u015fi, t\u00fcm g\u00fcvenlik hatlar\u0131nda g\u00fcvenilir tedarik, maliyet verimlili\u011fi ve standardizasyon sa\u011flar. G\u00fcvenilir \u00fcretici veya tedarik\u00e7ilerle ortakl\u0131k kurmak ayr\u0131ca toptan fiyatland\u0131rma, \u00f6zelle\u015ftirme se\u00e7enekleri ve uzun vadeli operasyonel deste\u011fe eri\u015fim sa\u011flar.<\/p>","protected":false},"excerpt":{"rendered":"<p>TSA tepsileri olarak da bilinen havaalan\u0131 g\u00fcvenlik kutular\u0131, d\u00fcnya \u00e7ap\u0131ndaki kontrol noktalar\u0131nda yolcu tarama operasyonlar\u0131n\u0131n kritik bir par\u00e7as\u0131d\u0131r. Bunlar...<\/p>","protected":false},"featured_media":7753,"template":"","meta":{"_acf_changed":false},"product_brand":[],"product_cat":[144],"product_tag":[154],"class_list":{"0":"post-7758","1":"product","2":"type-product","3":"status-publish","4":"has-post-thumbnail","6":"product_cat-plastic-trays-wholesale","7":"product_tag-tsa-bins","9":"first","10":"instock","11":"shipping-taxable","12":"product-type-simple"},"acf":[],"yoast_head":"<!-- This site is optimized with the Yoast SEO plugin v26.1.1 - https:\/\/yoast.com\/wordpress\/plugins\/seo\/ -->\n<title>Airport bins, airport security bins - plastic-crates.com<\/title>\n<meta name=\"robots\" content=\"index, follow, max-snippet:-1, max-image-preview:large, max-video-preview:-1\" \/>\n<link rel=\"canonical\" href=\"https:\/\/www.plastic-crates.com\/tr\/urun\/havaalani-cop-kutulari-havaalani-guvenlik-cop-kutulari\/\" \/>\n<meta property=\"og:locale\" content=\"tr_TR\" \/>\n<meta property=\"og:type\" content=\"article\" \/>\n<meta property=\"og:title\" content=\"Airport bins, airport security bins - plastic-crates.com\" \/>\n<meta property=\"og:description\" content=\"Airport security bins, also known as TSA trays, are a critical part of passenger screening operations at checkpoints worldwide. These&hellip;\" \/>\n<meta property=\"og:url\" content=\"https:\/\/www.plastic-crates.com\/tr\/urun\/havaalani-cop-kutulari-havaalani-guvenlik-cop-kutulari\/\" \/>\n<meta property=\"og:site_name\" content=\"plastic-crates.com\" \/>\n<meta property=\"article:modified_time\" content=\"2025-09-18T20:52:53+00:00\" \/>\n<meta property=\"og:image\" content=\"https:\/\/www.plastic-crates.com\/wp-content\/uploads\/2025\/09\/airport-bins-airport-security-bins-1.jpg\" \/>\n\t<meta property=\"og:image:width\" content=\"2000\" \/>\n\t<meta property=\"og:image:height\" content=\"2000\" \/>\n\t<meta property=\"og:image:type\" content=\"image\/jpeg\" \/>\n<meta name=\"twitter:card\" content=\"summary_large_image\" \/>\n<meta name=\"twitter:label1\" content=\"Tahmini okuma s\u00fcresi\" \/>\n\t<meta name=\"twitter:data1\" content=\"1 dakika\" \/>\n<script type=\"application\/ld+json\" class=\"yoast-schema-graph\">{\"@context\":\"https:\/\/schema.org\",\"@graph\":[{\"@type\":\"WebPage\",\"@id\":\"https:\/\/www.plastic-crates.com\/product\/airport-bins-airport-security-bins\/\",\"url\":\"https:\/\/www.plastic-crates.com\/product\/airport-bins-airport-security-bins\/\",\"name\":\"Airport bins, airport security bins - plastic-crates.com\",\"isPartOf\":{\"@id\":\"https:\/\/www.plastic-crates.com\/#website\"},\"primaryImageOfPage\":{\"@id\":\"https:\/\/www.plastic-crates.com\/product\/airport-bins-airport-security-bins\/#primaryimage\"},\"image\":{\"@id\":\"https:\/\/www.plastic-crates.com\/product\/airport-bins-airport-security-bins\/#primaryimage\"},\"thumbnailUrl\":\"https:\/\/www.plastic-crates.com\/wp-content\/uploads\/2025\/09\/airport-bins-airport-security-bins-1.jpg\",\"datePublished\":\"2025-09-18T20:40:39+00:00\",\"dateModified\":\"2025-09-18T20:52:53+00:00\",\"breadcrumb\":{\"@id\":\"https:\/\/www.plastic-crates.com\/product\/airport-bins-airport-security-bins\/#breadcrumb\"},\"inLanguage\":\"tr\",\"potentialAction\":[{\"@type\":\"ReadAction\",\"target\":[\"https:\/\/www.plastic-crates.com\/product\/airport-bins-airport-security-bins\/\"]}]},{\"@type\":\"ImageObject\",\"inLanguage\":\"tr\",\"@id\":\"https:\/\/www.plastic-crates.com\/product\/airport-bins-airport-security-bins\/#primaryimage\",\"url\":\"https:\/\/www.plastic-crates.com\/wp-content\/uploads\/2025\/09\/airport-bins-airport-security-bins-1.jpg\",\"contentUrl\":\"https:\/\/www.plastic-crates.com\/wp-content\/uploads\/2025\/09\/airport-bins-airport-security-bins-1.jpg\",\"width\":2000,\"height\":2000,\"caption\":\"airport security bins\"},{\"@type\":\"BreadcrumbList\",\"@id\":\"https:\/\/www.plastic-crates.com\/product\/airport-bins-airport-security-bins\/#breadcrumb\",\"itemListElement\":[{\"@type\":\"ListItem\",\"position\":1,\"name\":\"Home\",\"item\":\"https:\/\/www.plastic-crates.com\/\"},{\"@type\":\"ListItem\",\"position\":2,\"name\":\"Products\",\"item\":\"https:\/\/www.plastic-crates.com\/shop\/\"},{\"@type\":\"ListItem\",\"position\":3,\"name\":\"Airport bins, airport security bins\"}]},{\"@type\":\"WebSite\",\"@id\":\"https:\/\/www.plastic-crates.com\/#website\",\"url\":\"https:\/\/www.plastic-crates.com\/\",\"name\":\"plastic-crates.com\",\"description\":\"Leading plastic crates manufacturer in China\",\"potentialAction\":[{\"@type\":\"SearchAction\",\"target\":{\"@type\":\"EntryPoint\",\"urlTemplate\":\"https:\/\/www.plastic-crates.com\/?s={search_term_string}\"},\"query-input\":{\"@type\":\"PropertyValueSpecification\",\"valueRequired\":true,\"valueName\":\"search_term_string\"}}],\"inLanguage\":\"tr\"}]}<\/script>\n<!-- \/ Yoast SEO plugin. -->","yoast_head_json":{"title":"Havaalan\u0131 \u00e7\u00f6p kutular\u0131, havaalan\u0131 g\u00fcvenlik kutular\u0131 - plastic-crates.com","robots":{"index":"index","follow":"follow","max-snippet":"max-snippet:-1","max-image-preview":"max-image-preview:large","max-video-preview":"max-video-preview:-1"},"canonical":"https:\/\/www.plastic-crates.com\/tr\/urun\/havaalani-cop-kutulari-havaalani-guvenlik-cop-kutulari\/","og_locale":"tr_TR","og_type":"article","og_title":"Airport bins, airport security bins - plastic-crates.com","og_description":"Airport security bins, also known as TSA trays, are a critical part of passenger screening operations at checkpoints worldwide. These&hellip;","og_url":"https:\/\/www.plastic-crates.com\/tr\/urun\/havaalani-cop-kutulari-havaalani-guvenlik-cop-kutulari\/","og_site_name":"plastic-crates.com","article_modified_time":"2025-09-18T20:52:53+00:00","og_image":[{"width":2000,"height":2000,"url":"https:\/\/www.plastic-crates.com\/wp-content\/uploads\/2025\/09\/airport-bins-airport-security-bins-1.jpg","type":"image\/jpeg"}],"twitter_card":"summary_large_image","twitter_misc":{"Tahmini okuma s\u00fcresi":"1 dakika"},"schema":{"@context":"https:\/\/schema.org","@graph":[{"@type":"WebPage","@id":"https:\/\/www.plastic-crates.com\/product\/airport-bins-airport-security-bins\/","url":"https:\/\/www.plastic-crates.com\/product\/airport-bins-airport-security-bins\/","name":"Havaalan\u0131 \u00e7\u00f6p kutular\u0131, havaalan\u0131 g\u00fcvenlik kutular\u0131 - plastic-crates.com","isPartOf":{"@id":"https:\/\/www.plastic-crates.com\/#website"},"primaryImageOfPage":{"@id":"https:\/\/www.plastic-crates.com\/product\/airport-bins-airport-security-bins\/#primaryimage"},"image":{"@id":"https:\/\/www.plastic-crates.com\/product\/airport-bins-airport-security-bins\/#primaryimage"},"thumbnailUrl":"https:\/\/www.plastic-crates.com\/wp-content\/uploads\/2025\/09\/airport-bins-airport-security-bins-1.jpg","datePublished":"2025-09-18T20:40:39+00:00","dateModified":"2025-09-18T20:52:53+00:00","breadcrumb":{"@id":"https:\/\/www.plastic-crates.com\/product\/airport-bins-airport-security-bins\/#breadcrumb"},"inLanguage":"tr","potentialAction":[{"@type":"ReadAction","target":["https:\/\/www.plastic-crates.com\/product\/airport-bins-airport-security-bins\/"]}]},{"@type":"ImageObject","inLanguage":"tr","@id":"https:\/\/www.plastic-crates.com\/product\/airport-bins-airport-security-bins\/#primaryimage","url":"https:\/\/www.plastic-crates.com\/wp-content\/uploads\/2025\/09\/airport-bins-airport-security-bins-1.jpg","contentUrl":"https:\/\/www.plastic-crates.com\/wp-content\/uploads\/2025\/09\/airport-bins-airport-security-bins-1.jpg","width":2000,"height":2000,"caption":"airport security bins"},{"@type":"BreadcrumbList","@id":"https:\/\/www.plastic-crates.com\/product\/airport-bins-airport-security-bins\/#breadcrumb","itemListElement":[{"@type":"ListItem","position":1,"name":"Home","item":"https:\/\/www.plastic-crates.com\/"},{"@type":"ListItem","position":2,"name":"Products","item":"https:\/\/www.plastic-crates.com\/shop\/"},{"@type":"ListItem","position":3,"name":"Airport bins, airport security bins"}]},{"@type":"WebSite","@id":"https:\/\/www.plastic-crates.com\/#website","url":"https:\/\/www.plastic-crates.com\/","name":"plastic-crates.com","description":"\u00c7in&#039;in \u00f6nde gelen plastik kasa \u00fcreticisi","potentialAction":[{"@type":"SearchAction","target":{"@type":"EntryPoint","urlTemplate":"https:\/\/www.plastic-crates.com\/?s={search_term_string}"},"query-input":{"@type":"PropertyValueSpecification","valueRequired":true,"valueName":"search_term_string"}}],"inLanguage":"tr"}]}},"_links":{"self":[{"href":"https:\/\/www.plastic-crates.com\/tr\/wp-json\/wp\/v2\/product\/7758","targetHints":{"allow":["GET"]}}],"collection":[{"href":"https:\/\/www.plastic-crates.com\/tr\/wp-json\/wp\/v2\/product"}],"about":[{"href":"https:\/\/www.plastic-crates.com\/tr\/wp-json\/wp\/v2\/types\/product"}],"wp:featuredmedia":[{"embeddable":true,"href":"https:\/\/www.plastic-crates.com\/tr\/wp-json\/wp\/v2\/media\/7753"}],"wp:attachment":[{"href":"https:\/\/www.plastic-crates.com\/tr\/wp-json\/wp\/v2\/media?parent=7758"}],"wp:term":[{"taxonomy":"product_brand","embeddable":true,"href":"https:\/\/www.plastic-crates.com\/tr\/wp-json\/wp\/v2\/product_brand?post=7758"},{"taxonomy":"product_cat","embeddable":true,"href":"https:\/\/www.plastic-crates.com\/tr\/wp-json\/wp\/v2\/product_cat?post=7758"},{"taxonomy":"product_tag","embeddable":true,"href":"https:\/\/www.plastic-crates.com\/tr\/wp-json\/wp\/v2\/product_tag?post=7758"}],"curies":[{"name":"wp","href":"https:\/\/api.w.org\/{rel}","templated":true}]}}