{"id":7765,"date":"2025-09-18T20:45:53","date_gmt":"2025-09-18T20:45:53","guid":{"rendered":"https:\/\/www.plastic-crates.com\/product\/security-tray-airport\/"},"modified":"2025-09-18T20:55:48","modified_gmt":"2025-09-18T20:55:48","slug":"guvenlik-tepsisi-havaalani","status":"publish","type":"product","link":"https:\/\/www.plastic-crates.com\/tr\/urun\/guvenlik-tepsisi-havaalani\/","title":{"rendered":"G\u00fcvenlik tepsisi havaalan\u0131"},"content":{"rendered":"<p>Havaalan\u0131 g\u00fcvenlik tepsilerimiz, yolcular\u0131n verimli ve g\u00fcvenilir bir \u015fekilde taranmas\u0131 i\u00e7in tasarlanm\u0131\u015ft\u0131r. Dayan\u0131kl\u0131 ve darbeye dayan\u0131kl\u0131 plastikten \u00fcretilen bu tepsiler, X-ray muayenesi s\u0131ras\u0131nda diz\u00fcst\u00fc bilgisayarlar\u0131, ayakkab\u0131lar\u0131, kemerleri ve ki\u015fisel e\u015fyalar\u0131 g\u00fcvenli bir \u015fekilde tutar. P\u00fcr\u00fczs\u00fcz ve g\u00f6zeneksiz y\u00fczeyleri, temizlik ve dezenfeksiyonu h\u0131zl\u0131 ve etkili hale getirerek yo\u011fun havaalan\u0131 ortamlar\u0131nda hijyen standartlar\u0131n\u0131 destekler.<\/p>\n<p>Hem manuel \u015feritlerle hem de otomatik tarama sistemleriyle uyumlu olan bu standart tepsiler, her kontrol noktas\u0131nda tutarl\u0131 performans sa\u011flar. Toplu sipari\u015fler ve toptan tedarik i\u00e7in mevcut olan bu tepsiler, dayan\u0131kl\u0131l\u0131k, uyumluluk ve maliyet verimlili\u011fi arayan havalimanlar\u0131, devlet kurumlar\u0131 ve g\u00fcvenlik y\u00fcklenicileri i\u00e7in ideal bir \u00e7\u00f6z\u00fcmd\u00fcr.<\/p>\n<p><strong>Geni\u015f Tasar\u0131m<\/strong>: 680mm x 520mm x 110mm \u00f6l\u00e7\u00fclerindeki bu tepsi, diz\u00fcst\u00fc bilgisayarlar\u0131n\u0131z, \u00e7antalar\u0131n\u0131z ve ki\u015fisel e\u015fyalar\u0131n\u0131z dahil olmak \u00fczere e\u015fyalar\u0131n\u0131z i\u00e7in geni\u015f bir alan sa\u011flar.<br \/>\n<strong>Fonksiyonel B\u00f6lmeler<\/strong>:Tepsi, e\u015fyalar\u0131n\u0131z\u0131 d\u00fczenli tutmak i\u00e7in \u00f6zel b\u00f6lmelere sahiptir ve bu sayede h\u0131zl\u0131 ve sorunsuz bir g\u00fcvenlik tarama s\u00fcreci sa\u011flar.<br \/>\n<strong>Kullan\u0131c\u0131 dostu<\/strong>:Hafif tasar\u0131m\u0131 sayesinde g\u00fcvenlik noktalar\u0131ndan kolayca ge\u00e7ebilir, stressiz bir seyahat deneyimi ya\u015fayabilirsiniz.<br \/>\n<strong>G\u00f6r\u00fcn\u00fcr \u0130\u015faretler<\/strong>: Y\u00fczeye bas\u0131lan a\u00e7\u0131k talimatlar ve simgeler, kullan\u0131c\u0131lara e\u015fyalar\u0131n\u0131 nas\u0131l yerle\u015ftirecekleri konusunda rehberlik ederek g\u00fcvenlik kontrol noktalar\u0131nda verimlili\u011fi art\u0131r\u0131r.<br \/>\n<strong>Kolay Temizlenebilir Y\u00fczey<\/strong>: P\u00fcr\u00fczs\u00fcz malzemesi h\u0131zl\u0131 temizlik sa\u011flar, hijyeni art\u0131r\u0131r ve tepsinizin her zaman kullan\u0131ma haz\u0131r olmas\u0131n\u0131 sa\u011flar.<br \/>\nNeden G\u00fcvenlik Tepsimizi Se\u00e7melisiniz?<br \/>\nHavaalan\u0131nda ge\u00e7irdi\u011finiz zaman\u0131 en \u00fcst d\u00fczeye \u00e7\u0131kar\u0131n ve e\u015fyalar\u0131n\u0131zla u\u011fra\u015fma zahmetinden kurtulun. G\u00fcvenlik Tepsimiz ile as\u0131l \u00f6nemli olana, yani \u00f6n\u00fcn\u00fczdeki yolculu\u011fa odaklanabilirsiniz. Seyahat ekipman\u0131n\u0131za ekleyebilece\u011finiz bu olmazsa olmaz aksesuarla seyahatinizi daha kolay ve verimli hale getirin!<\/p>","protected":false},"excerpt":{"rendered":"<p>Havaalan\u0131 g\u00fcvenlik tepsilerimiz, yolcular\u0131n verimli ve g\u00fcvenilir bir \u015fekilde taranmas\u0131 i\u00e7in tasarlanm\u0131\u015ft\u0131r. Dayan\u0131kl\u0131 ve darbeye dayan\u0131kl\u0131 plastikten \u00fcretilen bu tepsiler, g\u00fcvenli bir \u015fekilde...<\/p>","protected":false},"featured_media":7759,"template":"","meta":{"_acf_changed":false},"product_brand":[],"product_cat":[144],"product_tag":[154],"class_list":{"0":"post-7765","1":"product","2":"type-product","3":"status-publish","4":"has-post-thumbnail","6":"product_cat-plastic-trays-wholesale","7":"product_tag-tsa-bins","9":"first","10":"instock","11":"shipping-taxable","12":"product-type-simple"},"acf":[],"yoast_head":"<!-- This site is optimized with the Yoast SEO plugin v26.1.1 - https:\/\/yoast.com\/wordpress\/plugins\/seo\/ -->\n<title>Security tray airport - plastic-crates.com<\/title>\n<meta name=\"robots\" content=\"index, follow, max-snippet:-1, max-image-preview:large, max-video-preview:-1\" \/>\n<link rel=\"canonical\" href=\"https:\/\/www.plastic-crates.com\/tr\/urun\/guvenlik-tepsisi-havaalani\/\" \/>\n<meta property=\"og:locale\" content=\"tr_TR\" \/>\n<meta property=\"og:type\" content=\"article\" \/>\n<meta property=\"og:title\" content=\"Security tray airport - plastic-crates.com\" \/>\n<meta property=\"og:description\" content=\"Our airport security trays are designed for efficient and reliable passenger screening. Made from durable, impact-resistant plastic, these trays securely&hellip;\" \/>\n<meta property=\"og:url\" content=\"https:\/\/www.plastic-crates.com\/tr\/urun\/guvenlik-tepsisi-havaalani\/\" \/>\n<meta property=\"og:site_name\" content=\"plastic-crates.com\" \/>\n<meta property=\"article:modified_time\" content=\"2025-09-18T20:55:48+00:00\" \/>\n<meta property=\"og:image\" content=\"https:\/\/www.plastic-crates.com\/wp-content\/uploads\/2025\/09\/security-tray-airport-1.jpg\" \/>\n\t<meta property=\"og:image:width\" content=\"2000\" \/>\n\t<meta property=\"og:image:height\" content=\"2000\" \/>\n\t<meta property=\"og:image:type\" content=\"image\/jpeg\" \/>\n<meta name=\"twitter:card\" content=\"summary_large_image\" \/>\n<meta name=\"twitter:label1\" content=\"Tahmini okuma s\u00fcresi\" \/>\n\t<meta name=\"twitter:data1\" content=\"2 dakika\" \/>\n<script type=\"application\/ld+json\" class=\"yoast-schema-graph\">{\"@context\":\"https:\/\/schema.org\",\"@graph\":[{\"@type\":\"WebPage\",\"@id\":\"https:\/\/www.plastic-crates.com\/product\/security-tray-airport\/\",\"url\":\"https:\/\/www.plastic-crates.com\/product\/security-tray-airport\/\",\"name\":\"Security tray airport - plastic-crates.com\",\"isPartOf\":{\"@id\":\"https:\/\/www.plastic-crates.com\/#website\"},\"primaryImageOfPage\":{\"@id\":\"https:\/\/www.plastic-crates.com\/product\/security-tray-airport\/#primaryimage\"},\"image\":{\"@id\":\"https:\/\/www.plastic-crates.com\/product\/security-tray-airport\/#primaryimage\"},\"thumbnailUrl\":\"https:\/\/www.plastic-crates.com\/wp-content\/uploads\/2025\/09\/security-tray-airport-1.jpg\",\"datePublished\":\"2025-09-18T20:45:53+00:00\",\"dateModified\":\"2025-09-18T20:55:48+00:00\",\"breadcrumb\":{\"@id\":\"https:\/\/www.plastic-crates.com\/product\/security-tray-airport\/#breadcrumb\"},\"inLanguage\":\"tr\",\"potentialAction\":[{\"@type\":\"ReadAction\",\"target\":[\"https:\/\/www.plastic-crates.com\/product\/security-tray-airport\/\"]}]},{\"@type\":\"ImageObject\",\"inLanguage\":\"tr\",\"@id\":\"https:\/\/www.plastic-crates.com\/product\/security-tray-airport\/#primaryimage\",\"url\":\"https:\/\/www.plastic-crates.com\/wp-content\/uploads\/2025\/09\/security-tray-airport-1.jpg\",\"contentUrl\":\"https:\/\/www.plastic-crates.com\/wp-content\/uploads\/2025\/09\/security-tray-airport-1.jpg\",\"width\":2000,\"height\":2000,\"caption\":\"security tray airport\"},{\"@type\":\"BreadcrumbList\",\"@id\":\"https:\/\/www.plastic-crates.com\/product\/security-tray-airport\/#breadcrumb\",\"itemListElement\":[{\"@type\":\"ListItem\",\"position\":1,\"name\":\"Home\",\"item\":\"https:\/\/www.plastic-crates.com\/\"},{\"@type\":\"ListItem\",\"position\":2,\"name\":\"Products\",\"item\":\"https:\/\/www.plastic-crates.com\/shop\/\"},{\"@type\":\"ListItem\",\"position\":3,\"name\":\"Security tray airport\"}]},{\"@type\":\"WebSite\",\"@id\":\"https:\/\/www.plastic-crates.com\/#website\",\"url\":\"https:\/\/www.plastic-crates.com\/\",\"name\":\"plastic-crates.com\",\"description\":\"Leading plastic crates manufacturer in China\",\"potentialAction\":[{\"@type\":\"SearchAction\",\"target\":{\"@type\":\"EntryPoint\",\"urlTemplate\":\"https:\/\/www.plastic-crates.com\/?s={search_term_string}\"},\"query-input\":{\"@type\":\"PropertyValueSpecification\",\"valueRequired\":true,\"valueName\":\"search_term_string\"}}],\"inLanguage\":\"tr\"}]}<\/script>\n<!-- \/ Yoast SEO plugin. -->","yoast_head_json":{"title":"Havaalan\u0131 g\u00fcvenlik tepsisi - plastic-crates.com","robots":{"index":"index","follow":"follow","max-snippet":"max-snippet:-1","max-image-preview":"max-image-preview:large","max-video-preview":"max-video-preview:-1"},"canonical":"https:\/\/www.plastic-crates.com\/tr\/urun\/guvenlik-tepsisi-havaalani\/","og_locale":"tr_TR","og_type":"article","og_title":"Security tray airport - plastic-crates.com","og_description":"Our airport security trays are designed for efficient and reliable passenger screening. Made from durable, impact-resistant plastic, these trays securely&hellip;","og_url":"https:\/\/www.plastic-crates.com\/tr\/urun\/guvenlik-tepsisi-havaalani\/","og_site_name":"plastic-crates.com","article_modified_time":"2025-09-18T20:55:48+00:00","og_image":[{"width":2000,"height":2000,"url":"https:\/\/www.plastic-crates.com\/wp-content\/uploads\/2025\/09\/security-tray-airport-1.jpg","type":"image\/jpeg"}],"twitter_card":"summary_large_image","twitter_misc":{"Tahmini okuma s\u00fcresi":"2 dakika"},"schema":{"@context":"https:\/\/schema.org","@graph":[{"@type":"WebPage","@id":"https:\/\/www.plastic-crates.com\/product\/security-tray-airport\/","url":"https:\/\/www.plastic-crates.com\/product\/security-tray-airport\/","name":"Havaalan\u0131 g\u00fcvenlik tepsisi - plastic-crates.com","isPartOf":{"@id":"https:\/\/www.plastic-crates.com\/#website"},"primaryImageOfPage":{"@id":"https:\/\/www.plastic-crates.com\/product\/security-tray-airport\/#primaryimage"},"image":{"@id":"https:\/\/www.plastic-crates.com\/product\/security-tray-airport\/#primaryimage"},"thumbnailUrl":"https:\/\/www.plastic-crates.com\/wp-content\/uploads\/2025\/09\/security-tray-airport-1.jpg","datePublished":"2025-09-18T20:45:53+00:00","dateModified":"2025-09-18T20:55:48+00:00","breadcrumb":{"@id":"https:\/\/www.plastic-crates.com\/product\/security-tray-airport\/#breadcrumb"},"inLanguage":"tr","potentialAction":[{"@type":"ReadAction","target":["https:\/\/www.plastic-crates.com\/product\/security-tray-airport\/"]}]},{"@type":"ImageObject","inLanguage":"tr","@id":"https:\/\/www.plastic-crates.com\/product\/security-tray-airport\/#primaryimage","url":"https:\/\/www.plastic-crates.com\/wp-content\/uploads\/2025\/09\/security-tray-airport-1.jpg","contentUrl":"https:\/\/www.plastic-crates.com\/wp-content\/uploads\/2025\/09\/security-tray-airport-1.jpg","width":2000,"height":2000,"caption":"security tray airport"},{"@type":"BreadcrumbList","@id":"https:\/\/www.plastic-crates.com\/product\/security-tray-airport\/#breadcrumb","itemListElement":[{"@type":"ListItem","position":1,"name":"Home","item":"https:\/\/www.plastic-crates.com\/"},{"@type":"ListItem","position":2,"name":"Products","item":"https:\/\/www.plastic-crates.com\/shop\/"},{"@type":"ListItem","position":3,"name":"Security tray airport"}]},{"@type":"WebSite","@id":"https:\/\/www.plastic-crates.com\/#website","url":"https:\/\/www.plastic-crates.com\/","name":"plastic-crates.com","description":"\u00c7in&#039;in \u00f6nde gelen plastik kasa \u00fcreticisi","potentialAction":[{"@type":"SearchAction","target":{"@type":"EntryPoint","urlTemplate":"https:\/\/www.plastic-crates.com\/?s={search_term_string}"},"query-input":{"@type":"PropertyValueSpecification","valueRequired":true,"valueName":"search_term_string"}}],"inLanguage":"tr"}]}},"_links":{"self":[{"href":"https:\/\/www.plastic-crates.com\/tr\/wp-json\/wp\/v2\/product\/7765","targetHints":{"allow":["GET"]}}],"collection":[{"href":"https:\/\/www.plastic-crates.com\/tr\/wp-json\/wp\/v2\/product"}],"about":[{"href":"https:\/\/www.plastic-crates.com\/tr\/wp-json\/wp\/v2\/types\/product"}],"wp:featuredmedia":[{"embeddable":true,"href":"https:\/\/www.plastic-crates.com\/tr\/wp-json\/wp\/v2\/media\/7759"}],"wp:attachment":[{"href":"https:\/\/www.plastic-crates.com\/tr\/wp-json\/wp\/v2\/media?parent=7765"}],"wp:term":[{"taxonomy":"product_brand","embeddable":true,"href":"https:\/\/www.plastic-crates.com\/tr\/wp-json\/wp\/v2\/product_brand?post=7765"},{"taxonomy":"product_cat","embeddable":true,"href":"https:\/\/www.plastic-crates.com\/tr\/wp-json\/wp\/v2\/product_cat?post=7765"},{"taxonomy":"product_tag","embeddable":true,"href":"https:\/\/www.plastic-crates.com\/tr\/wp-json\/wp\/v2\/product_tag?post=7765"}],"curies":[{"name":"wp","href":"https:\/\/api.w.org\/{rel}","templated":true}]}}