{"id":7772,"date":"2025-09-18T20:50:24","date_gmt":"2025-09-18T20:50:24","guid":{"rendered":"https:\/\/www.plastic-crates.com\/product\/esd-airport-security-trays\/"},"modified":"2025-09-18T20:52:34","modified_gmt":"2025-09-18T20:52:34","slug":"esd-havaalani-guvenlik-tepsileri","status":"publish","type":"product","link":"https:\/\/www.plastic-crates.com\/tr\/urun\/esd-havaalani-guvenlik-tepsileri\/","title":{"rendered":"ESD havaalan\u0131 g\u00fcvenlik tepsileri"},"content":{"rendered":"<p>Yo\u011fun trafikli ortamlarda verimlilik ve g\u00fcvenlik i\u00e7in \u00f6zenle tasarlanm\u0131\u015f birinci s\u0131n\u0131f ESD Havaalan\u0131 G\u00fcvenlik Tepsilerimizle havaalan\u0131 g\u00fcvenlik deneyiminizi geli\u015ftirin. 840 mm x 550 mm x 250 mm \u00f6l\u00e7\u00fclerindeki bu geni\u015f tepsiler, yolcular\u0131n g\u00fcvenlik tarama s\u00fcreci boyunca e\u015fyalar\u0131n\u0131 koymalar\u0131 i\u00e7in geni\u015f bir alan sunar.<\/p>\n<p>Temel \u00d6zellikler:<\/p>\n<p>Elektrostatik De\u015farj (ESD) Korumas\u0131: Y\u00fcksek kaliteli ESD g\u00fcvenli malzemelerden \u00fcretilen bu tepsiler, diz\u00fcst\u00fc bilgisayarlar, tabletler ve kameralar gibi hassas elektronik e\u015fyalarda statik elektrik hasar\u0131 riskini en aza indirir.<\/p>\n<p>Dayan\u0131kl\u0131 Yap\u0131: G\u00fcnl\u00fck kullan\u0131m\u0131n zorluklar\u0131na dayanacak \u015fekilde tasarlanan tepsilerimiz, sa\u011flam ve a\u015f\u0131nmaya ve y\u0131pranmaya kar\u015f\u0131 dayan\u0131kl\u0131d\u0131r ve yo\u011fun havaalan\u0131 ortamlar\u0131nda uzun \u00f6m\u00fcr ve g\u00fcvenilirlik sa\u011flar.<\/p>\n<p>Ergonomik Tasar\u0131m: Hafif tasar\u0131m\u0131 ve rahat tutu\u015flu kulplar\u0131, yolcular\u0131n tepsileri ta\u015f\u0131mas\u0131n\u0131 ve yerle\u015ftirmesini kolayla\u015ft\u0131rarak g\u00fcvenlik kontrol noktalar\u0131nda genel verimlili\u011fi art\u0131r\u0131r.<\/p>\n<p>Kolay Saklama \u0130\u00e7in \u0130stiflenebilir: \u0130stiflenebilir \u015fekilde tasarlanan bu tepsiler, kullan\u0131lmad\u0131\u011f\u0131 zamanlarda yerden tasarruf sa\u011flar, b\u00f6ylece y\u00f6netmeyi ve verimli bir \u015fekilde saklamay\u0131 kolayla\u015ft\u0131r\u0131r.<\/p>\n<p>Kolay Temizlik \u0130\u00e7in P\u00fcr\u00fczs\u00fcz Y\u00fczey: G\u00f6zeneksiz y\u00fczey kolayca silinip dezenfekte edilebilir, bu sayede yolcular ve g\u00fcvenlik personeli i\u00e7in hijyenik bir \u00e7\u00f6z\u00fcm sa\u011flan\u0131r.<\/p>\n<p>ESD Havaalan\u0131 G\u00fcvenlik Tepsilerimizle havaalan\u0131n\u0131z\u0131n g\u00fcvenlik operasyonlar\u0131n\u0131 geli\u015ftirin. Sorunsuz bir seyahat deneyimi i\u00e7in tarama s\u00fcrecini h\u0131zland\u0131r\u0131rken de\u011ferli elektronik e\u015fyalar\u0131n\u0131z\u0131n korunmas\u0131n\u0131 sa\u011flay\u0131n!<\/p>","protected":false},"excerpt":{"rendered":"<p>Yo\u011fun trafikli ortamlarda verimlilik ve g\u00fcvenlik i\u00e7in \u00f6zenle tasarlanm\u0131\u015f birinci s\u0131n\u0131f ESD Havaalan\u0131 G\u00fcvenlik Tepsilerimizle havaalan\u0131 g\u00fcvenlik deneyiminizi geli\u015ftirin\u2026<\/p>","protected":false},"featured_media":7766,"template":"","meta":{"_acf_changed":false},"product_brand":[],"product_cat":[144],"product_tag":[154],"class_list":{"0":"post-7772","1":"product","2":"type-product","3":"status-publish","4":"has-post-thumbnail","6":"product_cat-plastic-trays-wholesale","7":"product_tag-tsa-bins","9":"first","10":"instock","11":"shipping-taxable","12":"product-type-simple"},"acf":[],"yoast_head":"<!-- This site is optimized with the Yoast SEO plugin v26.1.1 - https:\/\/yoast.com\/wordpress\/plugins\/seo\/ -->\n<title>ESD airport security trays - plastic-crates.com<\/title>\n<meta name=\"robots\" content=\"index, follow, max-snippet:-1, max-image-preview:large, max-video-preview:-1\" \/>\n<link rel=\"canonical\" href=\"https:\/\/www.plastic-crates.com\/tr\/urun\/esd-havaalani-guvenlik-tepsileri\/\" \/>\n<meta property=\"og:locale\" content=\"tr_TR\" \/>\n<meta property=\"og:type\" content=\"article\" \/>\n<meta property=\"og:title\" content=\"ESD airport security trays - plastic-crates.com\" \/>\n<meta property=\"og:description\" content=\"Enhance your airport security experience with our premium ESD Airport Security Trays, meticulously designed for efficiency and safety in high-traffic&hellip;\" \/>\n<meta property=\"og:url\" content=\"https:\/\/www.plastic-crates.com\/tr\/urun\/esd-havaalani-guvenlik-tepsileri\/\" \/>\n<meta property=\"og:site_name\" content=\"plastic-crates.com\" \/>\n<meta property=\"article:modified_time\" content=\"2025-09-18T20:52:34+00:00\" \/>\n<meta property=\"og:image\" content=\"https:\/\/www.plastic-crates.com\/wp-content\/uploads\/2025\/09\/esd-airport-security-trays-1.jpg\" \/>\n\t<meta property=\"og:image:width\" content=\"2000\" \/>\n\t<meta property=\"og:image:height\" content=\"2000\" \/>\n\t<meta property=\"og:image:type\" content=\"image\/jpeg\" \/>\n<meta name=\"twitter:card\" content=\"summary_large_image\" \/>\n<meta name=\"twitter:label1\" content=\"Tahmini okuma s\u00fcresi\" \/>\n\t<meta name=\"twitter:data1\" content=\"1 dakika\" \/>\n<script type=\"application\/ld+json\" class=\"yoast-schema-graph\">{\"@context\":\"https:\/\/schema.org\",\"@graph\":[{\"@type\":\"WebPage\",\"@id\":\"https:\/\/www.plastic-crates.com\/product\/esd-airport-security-trays\/\",\"url\":\"https:\/\/www.plastic-crates.com\/product\/esd-airport-security-trays\/\",\"name\":\"ESD airport security trays - plastic-crates.com\",\"isPartOf\":{\"@id\":\"https:\/\/www.plastic-crates.com\/#website\"},\"primaryImageOfPage\":{\"@id\":\"https:\/\/www.plastic-crates.com\/product\/esd-airport-security-trays\/#primaryimage\"},\"image\":{\"@id\":\"https:\/\/www.plastic-crates.com\/product\/esd-airport-security-trays\/#primaryimage\"},\"thumbnailUrl\":\"https:\/\/www.plastic-crates.com\/wp-content\/uploads\/2025\/09\/esd-airport-security-trays-1.jpg\",\"datePublished\":\"2025-09-18T20:50:24+00:00\",\"dateModified\":\"2025-09-18T20:52:34+00:00\",\"breadcrumb\":{\"@id\":\"https:\/\/www.plastic-crates.com\/product\/esd-airport-security-trays\/#breadcrumb\"},\"inLanguage\":\"tr\",\"potentialAction\":[{\"@type\":\"ReadAction\",\"target\":[\"https:\/\/www.plastic-crates.com\/product\/esd-airport-security-trays\/\"]}]},{\"@type\":\"ImageObject\",\"inLanguage\":\"tr\",\"@id\":\"https:\/\/www.plastic-crates.com\/product\/esd-airport-security-trays\/#primaryimage\",\"url\":\"https:\/\/www.plastic-crates.com\/wp-content\/uploads\/2025\/09\/esd-airport-security-trays-1.jpg\",\"contentUrl\":\"https:\/\/www.plastic-crates.com\/wp-content\/uploads\/2025\/09\/esd-airport-security-trays-1.jpg\",\"width\":2000,\"height\":2000,\"caption\":\"ESD airport security trays\"},{\"@type\":\"BreadcrumbList\",\"@id\":\"https:\/\/www.plastic-crates.com\/product\/esd-airport-security-trays\/#breadcrumb\",\"itemListElement\":[{\"@type\":\"ListItem\",\"position\":1,\"name\":\"Home\",\"item\":\"https:\/\/www.plastic-crates.com\/\"},{\"@type\":\"ListItem\",\"position\":2,\"name\":\"Products\",\"item\":\"https:\/\/www.plastic-crates.com\/shop\/\"},{\"@type\":\"ListItem\",\"position\":3,\"name\":\"ESD airport security trays\"}]},{\"@type\":\"WebSite\",\"@id\":\"https:\/\/www.plastic-crates.com\/#website\",\"url\":\"https:\/\/www.plastic-crates.com\/\",\"name\":\"plastic-crates.com\",\"description\":\"Leading plastic crates manufacturer in China\",\"potentialAction\":[{\"@type\":\"SearchAction\",\"target\":{\"@type\":\"EntryPoint\",\"urlTemplate\":\"https:\/\/www.plastic-crates.com\/?s={search_term_string}\"},\"query-input\":{\"@type\":\"PropertyValueSpecification\",\"valueRequired\":true,\"valueName\":\"search_term_string\"}}],\"inLanguage\":\"tr\"}]}<\/script>\n<!-- \/ Yoast SEO plugin. -->","yoast_head_json":{"title":"ESD havaalan\u0131 g\u00fcvenlik tepsileri - plastic-crates.com","robots":{"index":"index","follow":"follow","max-snippet":"max-snippet:-1","max-image-preview":"max-image-preview:large","max-video-preview":"max-video-preview:-1"},"canonical":"https:\/\/www.plastic-crates.com\/tr\/urun\/esd-havaalani-guvenlik-tepsileri\/","og_locale":"tr_TR","og_type":"article","og_title":"ESD airport security trays - plastic-crates.com","og_description":"Enhance your airport security experience with our premium ESD Airport Security Trays, meticulously designed for efficiency and safety in high-traffic&hellip;","og_url":"https:\/\/www.plastic-crates.com\/tr\/urun\/esd-havaalani-guvenlik-tepsileri\/","og_site_name":"plastic-crates.com","article_modified_time":"2025-09-18T20:52:34+00:00","og_image":[{"width":2000,"height":2000,"url":"https:\/\/www.plastic-crates.com\/wp-content\/uploads\/2025\/09\/esd-airport-security-trays-1.jpg","type":"image\/jpeg"}],"twitter_card":"summary_large_image","twitter_misc":{"Tahmini okuma s\u00fcresi":"1 dakika"},"schema":{"@context":"https:\/\/schema.org","@graph":[{"@type":"WebPage","@id":"https:\/\/www.plastic-crates.com\/product\/esd-airport-security-trays\/","url":"https:\/\/www.plastic-crates.com\/product\/esd-airport-security-trays\/","name":"ESD havaalan\u0131 g\u00fcvenlik tepsileri - plastic-crates.com","isPartOf":{"@id":"https:\/\/www.plastic-crates.com\/#website"},"primaryImageOfPage":{"@id":"https:\/\/www.plastic-crates.com\/product\/esd-airport-security-trays\/#primaryimage"},"image":{"@id":"https:\/\/www.plastic-crates.com\/product\/esd-airport-security-trays\/#primaryimage"},"thumbnailUrl":"https:\/\/www.plastic-crates.com\/wp-content\/uploads\/2025\/09\/esd-airport-security-trays-1.jpg","datePublished":"2025-09-18T20:50:24+00:00","dateModified":"2025-09-18T20:52:34+00:00","breadcrumb":{"@id":"https:\/\/www.plastic-crates.com\/product\/esd-airport-security-trays\/#breadcrumb"},"inLanguage":"tr","potentialAction":[{"@type":"ReadAction","target":["https:\/\/www.plastic-crates.com\/product\/esd-airport-security-trays\/"]}]},{"@type":"ImageObject","inLanguage":"tr","@id":"https:\/\/www.plastic-crates.com\/product\/esd-airport-security-trays\/#primaryimage","url":"https:\/\/www.plastic-crates.com\/wp-content\/uploads\/2025\/09\/esd-airport-security-trays-1.jpg","contentUrl":"https:\/\/www.plastic-crates.com\/wp-content\/uploads\/2025\/09\/esd-airport-security-trays-1.jpg","width":2000,"height":2000,"caption":"ESD airport security trays"},{"@type":"BreadcrumbList","@id":"https:\/\/www.plastic-crates.com\/product\/esd-airport-security-trays\/#breadcrumb","itemListElement":[{"@type":"ListItem","position":1,"name":"Home","item":"https:\/\/www.plastic-crates.com\/"},{"@type":"ListItem","position":2,"name":"Products","item":"https:\/\/www.plastic-crates.com\/shop\/"},{"@type":"ListItem","position":3,"name":"ESD airport security trays"}]},{"@type":"WebSite","@id":"https:\/\/www.plastic-crates.com\/#website","url":"https:\/\/www.plastic-crates.com\/","name":"plastic-crates.com","description":"\u00c7in&#039;in \u00f6nde gelen plastik kasa \u00fcreticisi","potentialAction":[{"@type":"SearchAction","target":{"@type":"EntryPoint","urlTemplate":"https:\/\/www.plastic-crates.com\/?s={search_term_string}"},"query-input":{"@type":"PropertyValueSpecification","valueRequired":true,"valueName":"search_term_string"}}],"inLanguage":"tr"}]}},"_links":{"self":[{"href":"https:\/\/www.plastic-crates.com\/tr\/wp-json\/wp\/v2\/product\/7772","targetHints":{"allow":["GET"]}}],"collection":[{"href":"https:\/\/www.plastic-crates.com\/tr\/wp-json\/wp\/v2\/product"}],"about":[{"href":"https:\/\/www.plastic-crates.com\/tr\/wp-json\/wp\/v2\/types\/product"}],"wp:featuredmedia":[{"embeddable":true,"href":"https:\/\/www.plastic-crates.com\/tr\/wp-json\/wp\/v2\/media\/7766"}],"wp:attachment":[{"href":"https:\/\/www.plastic-crates.com\/tr\/wp-json\/wp\/v2\/media?parent=7772"}],"wp:term":[{"taxonomy":"product_brand","embeddable":true,"href":"https:\/\/www.plastic-crates.com\/tr\/wp-json\/wp\/v2\/product_brand?post=7772"},{"taxonomy":"product_cat","embeddable":true,"href":"https:\/\/www.plastic-crates.com\/tr\/wp-json\/wp\/v2\/product_cat?post=7772"},{"taxonomy":"product_tag","embeddable":true,"href":"https:\/\/www.plastic-crates.com\/tr\/wp-json\/wp\/v2\/product_tag?post=7772"}],"curies":[{"name":"wp","href":"https:\/\/api.w.org\/{rel}","templated":true}]}}